{"id":211,"date":"2012-10-19T12:37:15","date_gmt":"2012-10-19T12:37:15","guid":{"rendered":"http:\/\/192.168.0.150\/user5\/WORDPRESS\/demo\/WCM010005\/about-us\/"},"modified":"2026-02-12T09:45:52","modified_gmt":"2026-02-12T08:45:52","slug":"qui-sommes-nous","status":"publish","type":"page","link":"https:\/\/www.doggyness.fr\/index.php\/qui-sommes-nous\/","title":{"rendered":"Qui sommes-nous ? old"},"content":{"rendered":"<p>[vc_row el_class=\u00a0\u00bbcustom-content-main\u00a0\u00bb css=\u00a0\u00bb.vc_custom_1559626499181{margin-bottom: 30px !important;}\u00a0\u00bb][vc_column][vc_row_inner][vc_column_inner el_class=\u00a0\u00bbabout-us\u00a0\u00bb width=\u00a0\u00bb1\/2&Prime; css=\u00a0\u00bb.vc_custom_1570610808548{margin-bottom: 30px !important;}\u00a0\u00bb][vc_gallery type=\u00a0\u00bbnivo\u00a0\u00bb interval=\u00a0\u00bb3&Prime; images=\u00a0\u00bb11379&Prime; img_size=\u00a0\u00bblarge\u00a0\u00bb onclick=\u00a0\u00bb\u00a0\u00bb][\/vc_column_inner][vc_column_inner el_class=\u00a0\u00bbabout-us\u00a0\u00bb width=\u00a0\u00bb1\/2&Prime; css=\u00a0\u00bb.vc_custom_1570610803927{margin-bottom: 30px !important;margin-left: 20px !important;}\u00a0\u00bb][title size=\u00a0\u00bbsmall\u00a0\u00bb align=\u00a0\u00bbleft\u00a0\u00bb title=\u00a0\u00bbPr\u00e9sentations\u00a0\u00bb][vc_column_text css=\u00a0\u00bb.vc_custom_1749573164151{padding-bottom: 10px !important;}\u00a0\u00bb]<strong>Fondatrice de Doggyness<\/strong><\/p>\n<p>Doggyness, c\u2019est bien plus qu\u2019un service d\u2019\u00e9ducation canine : c\u2019est une aventure humaine et animale, une passion profonde pour la relation chien-humain et le respect de chaque individu \u00e0 quatre pattes.<\/p>\n<p>Derri\u00e8re Doggyness, il y a Adeline, \u00e9ducatrice canine dipl\u00f4m\u00e9e et passionn\u00e9e. Depuis 2025, j\u2019accompagne les familles, les ma\u00eetres d\u00e9butants ou exp\u00e9riment\u00e9s, et leurs chiens vers une cohabitation harmonieuse, fond\u00e9e sur la compr\u00e9hension, la communication positive et le respect mutuel.<\/p>\n<p>Chez Doggyness, chaque chien est unique. C\u2019est pourquoi j\u2019adapte mes m\u00e9thodes \u00e0 sa personnalit\u00e9, \u00e0 son rythme, et \u00e0 vos besoins.<\/p>\n<p>Nos engagements :<br \/>\n\u2022\u00a0\u00a0\u00a0\u00a0Construire une relation de confiance entre vous et votre chien<br \/>\n\u2022\u00a0\u00a0\u00a0\u00a0Vous aider \u00e0 comprendre ses comportements et \u00e0 mieux y r\u00e9pondre<br \/>\n\u2022\u00a0\u00a0\u00a0\u00a0Offrir des s\u00e9ances personnalis\u00e9es, \u00e0 domicile ou en ext\u00e9rieur<br \/>\n\u2022\u00a0\u00a0\u00a0\u00a0Travailler dans le respect du bien-\u00eatre animal<\/p>\n<p>Que vous rencontriez des probl\u00e8mes de comportement, que vous souhaitiez \u00e9duquer un chiot, ou renforcer votre complicit\u00e9 avec votre compagnon, Doggyness est l\u00e0 pour vous guider, pas \u00e0 pas.[\/vc_column_text][\/vc_column_inner][\/vc_row_inner][\/vc_column][\/vc_row][vc_row el_class=\u00a0\u00bbcustom-content-main parallex-image\u00a0\u00bb css=\u00a0\u00bb.vc_custom_1570610816328{padding-top: 30px !important;padding-bottom: 60px !important;background-position: center !important;background-repeat: no-repeat !important;background-size: cover !important;}\u00a0\u00bb][vc_column][title type=\u00a0\u00bbsimple\u00a0\u00bb title=\u00a0\u00bbHistoire de Doggyness\u00a0\u00bb][vc_row_inner][vc_column_inner width=\u00a0\u00bb1\/3&Prime;][service style=\u00a0\u00bb1&Prime; title=\u00a0\u00bbO\u00f9 nous trouver ?\u00a0\u00bb icon=\u00a0\u00bbfa-globe\u00a0\u00bb color=\u00a0\u00bb#ffffff\u00a0\u00bb icon_background_color=\u00a0\u00bb#f15e42&Prime; link_url=\u00a0\u00bbhttps:\/\/www.doggyness.fr\/index.php\/localisation\/\u00a0\u00bb]Doggyness est situ\u00e9 \u00e0 Cruseilles (74350), au c\u0153ur de la Haute-Savoie, entre Annecy et Gen\u00e8ve. Nous proposons des s\u00e9ances d\u2019\u00e9ducation canine \u00e0 domicile dans les communes environnantes telles que Allonzier-la-Caille, Groisy, Copponex, Villy-le-Pelloux, ainsi que dans les secteurs de Saint-Julien-en-Genevois et La Roche-sur-Foron.[\/service][\/vc_column_inner][vc_column_inner width=\u00a0\u00bb1\/3&Prime;][service style=\u00a0\u00bb1&Prime; title=\u00a0\u00bbParlons de votre chien\u00a0\u00bb icon=\u00a0\u00bbfa-comments-o\u00a0\u00bb color=\u00a0\u00bb#ffffff\u00a0\u00bb icon_background_color=\u00a0\u00bb#f15e42&Prime;]Chaque chien a son histoire. Prenons le temps d\u2019en discuter ensemble pour trouver l\u2019approche qui vous correspond.[\/service][\/vc_column_inner][vc_column_inner width=\u00a0\u00bb1\/3&Prime;][service style=\u00a0\u00bb1&Prime; title=\u00a0\u00bb\u00c9duquer avec le c\u0153ur\u00a0\u00bb icon=\u00a0\u00bbfa-heart-o\u00a0\u00bb color=\u00a0\u00bb#ffffff\u00a0\u00bb icon_background_color=\u00a0\u00bb#f15e42&Prime;]\u00c9duquer avec le c\u0153ur, c\u2019est voir plus loin que le comportement : c\u2019est construire une relation \u00e9quilibr\u00e9e, o\u00f9 le chien se sent aim\u00e9, \u00e9cout\u00e9, s\u00e9curis\u00e9\u2026 et heureux.[\/service][\/vc_column_inner][\/vc_row_inner][vc_row_inner][vc_column_inner width=\u00a0\u00bb1\/3&Prime;][service style=\u00a0\u00bb1&Prime; title=\u00a0\u00bbNotre engagement\u00a0\u00bb icon=\u00a0\u00bbfa-handshake-o\u00a0\u00bb color=\u00a0\u00bb#ffffff\u00a0\u00bb icon_background_color=\u00a0\u00bb#f15e42&Prime;]Chaque chien est unique. Chez Doggyness, nous prenons le temps de comprendre votre compagnon et votre mode de vie pour proposer des solutions concr\u00e8tes, durables et sans jugement. Notre priorit\u00e9 : le bien-\u00eatre de l\u2019animal et l\u2019harmonie dans votre foyer.[\/service][\/vc_column_inner][vc_column_inner width=\u00a0\u00bb1\/3&Prime;][service style=\u00a0\u00bb1&Prime; title=\u00a0\u00bbPar quoi commencer ?\u00a0\u00bb icon=\u00a0\u00bbfa-play-circle-o\u00a0\u00bb color=\u00a0\u00bb#ffffff\u00a0\u00bb icon_background_color=\u00a0\u00bb#f15e42&Prime;]Le bilan comportemental est la premi\u00e8re \u00e9tape essentielle pour comprendre votre chien et ses besoins. Lors de cette s\u00e9ance \u00e0 votre domicile ou en ext\u00e9rieur, nous prenons le temps d\u2019observer son comportement, d\u2019\u00e9changer sur son histoire, son environnement, et les difficult\u00e9s rencontr\u00e9es.[\/service][\/vc_column_inner][vc_column_inner width=\u00a0\u00bb1\/3&Prime;][service style=\u00a0\u00bb1&Prime; icon=\u00a0\u00bbfa-paw\u00a0\u00bb color=\u00a0\u00bb#ffffff\u00a0\u00bb icon_background_color=\u00a0\u00bb#f15e42&Prime; title=\u00a0\u00bbL&rsquo;\u00e9duquer en fonction de ses besoins\u00a0\u00bb]Qu\u2019il s\u2019agisse d\u2019un chiot en apprentissage, d\u2019un adulte avec des troubles du comportement ou d\u2019un chien adopt\u00e9, notre priorit\u00e9 est de comprendre son langage et de r\u00e9pondre \u00e0 ses besoins physiques, mentaux et \u00e9motionnels.[\/service][\/vc_column_inner][\/vc_row_inner][\/vc_column][\/vc_row][vc_row el_class=\u00a0\u00bbcustom-parallax\u00a0\u00bb css=\u00a0\u00bb.vc_custom_1600855915855{padding-top: 20px !important;padding-bottom: 20px !important;background-color: #f5f5f5 !important;}\u00a0\u00bb][vc_column][vc_row_inner][vc_column_inner width=\u00a0\u00bb1\/4&Prime; css=\u00a0\u00bb.vc_custom_1481287706295{padding-right: 20px !important;padding-left: 20px !important;}\u00a0\u00bb][tmpmela_counter id=\u00a0\u00bbcnt1&Prime; start=\u00a0\u00bb0&Prime; end=\u00a0\u00bb100000&Prime; title=\u00a0\u00bbAdoption via un refuge ou association par an\u00a0\u00bb][\/vc_column_inner][vc_column_inner width=\u00a0\u00bb1\/4&Prime;][tmpmela_counter title=\u00a0\u00bbd\u00e9penses moyennes annuelles pour un chien\u00a0\u00bb id=\u00a0\u00bbcnt2&Prime; start=\u00a0\u00bb0&Prime; end=\u00a0\u00bb1200&Prime;][\/vc_column_inner][vc_column_inner width=\u00a0\u00bb1\/4&Prime;][tmpmela_counter title=\u00a0\u00bbNombre de personnes poss\u00e9dant un chien en France\u00a0\u00bb id=\u00a0\u00bbcnt3&Prime; start=\u00a0\u00bb0&Prime; end=\u00a0\u00bb7600000&Prime;][\/vc_column_inner][vc_column_inner width=\u00a0\u00bb1\/4&Prime;][tmpmela_counter title=\u00a0\u00bbAbandons de chien par an\u00a0\u00bb id=\u00a0\u00bbcnt4&Prime; end=\u00a0\u00bb59360&Prime; start=\u00a0\u00bb0&Prime;][\/vc_column_inner][\/vc_row_inner][\/vc_column][\/vc_row][vc_row el_class=\u00a0\u00bbcustom-content-main\u00a0\u00bb css=\u00a0\u00bb.vc_custom_1600855867279{border-bottom-width: 1px !important;padding-top: 90px !important;padding-bottom: 50px !important;border-bottom-color: #dbdbdb !important;border-bottom-style: solid !important;}\u00a0\u00bb][vc_column][title subtitle=\u00a0\u00bbRencontrez les nombreux visages qui constituent notre \u00e9quipe\u00a0\u00bb type=\u00a0\u00bbsimple\u00a0\u00bb title=\u00a0\u00bbNotre \u00e9quipe\u00a0\u00bb][tmpmela_ourteam type=\u00a0\u00bbslider\u00a0\u00bb items_per_column=\u00a0\u00bb4&Prime; number_of_posts=\u00a0\u00bb10&Prime;][\/vc_column][\/vc_row][vc_row css=\u00a0\u00bb.vc_custom_1650342395071{margin-top: 30px !important;margin-bottom: 30px !important;padding-top: 30px !important;padding-bottom: 30px !important;background-color: #f5f4f2 !important;}\u00a0\u00bb][vc_column][tmpmela_custom_testimonials type=\u00a0\u00bbslider\u00a0\u00bb style=\u00a0\u00bb1&Prime; items_per_column=\u00a0\u00bb1&Prime; image_width=\u00a0\u00bb100&Prime; image_height=\u00a0\u00bb100&Prime;][\/vc_column][\/vc_row][vc_row css=\u00a0\u00bb.vc_custom_1525163038940{margin-top: 50px !important;padding-top: 30px !important;padding-bottom: 30px !important;}\u00a0\u00bb][vc_column][tmpmela_logo items_per_column=\u00a0\u00bb6&Prime;][\/tmpmela_logo][\/vc_column][\/vc_row]<\/p>\n","protected":false},"excerpt":{"rendered":"<p>[vc_row el_class=\u00a0\u00bbcustom-content-main\u00a0\u00bb css=\u00a0\u00bb.vc_custom_1559626499181{margin-bottom: 30px !important;}\u00a0\u00bb][vc_column][vc_row_inner][vc_column_inner el_class=\u00a0\u00bbabout-us\u00a0\u00bb width=\u00a0\u00bb1\/2&Prime; css=\u00a0\u00bb.vc_custom_1570610808548{margin-bottom: 30px !important;}\u00a0\u00bb][vc_gallery type=\u00a0\u00bbnivo\u00a0\u00bb interval=\u00a0\u00bb3&Prime; images=\u00a0\u00bb11379&Prime; img_size=\u00a0\u00bblarge\u00a0\u00bb onclick=\u00a0\u00bb\u00a0\u00bb][\/vc_column_inner][vc_column_inner el_class=\u00a0\u00bbabout-us\u00a0\u00bb width=\u00a0\u00bb1\/2&Prime; css=\u00a0\u00bb.vc_custom_1570610803927{margin-bottom: 30px !important;margin-left: 20px !important;}\u00a0\u00bb][title size=\u00a0\u00bbsmall\u00a0\u00bb align=\u00a0\u00bbleft\u00a0\u00bb title=\u00a0\u00bbPr\u00e9sentations\u00a0\u00bb][vc_column_text css=\u00a0\u00bb.vc_custom_1749573164151{padding-bottom: 10px !important;}\u00a0\u00bb]Fondatrice de Doggyness Doggyness, c\u2019est bien plus qu\u2019un service d\u2019\u00e9ducation canine : c\u2019est une aventure humaine et animale, une passion profonde pour la relation chien-humain et le respect [&hellip;]<\/p>\n","protected":false},"author":1,"featured_media":0,"parent":0,"menu_order":0,"comment_status":"closed","ping_status":"closed","template":"","meta":{"footnotes":""},"class_list":["post-211","page","type-page","status-publish","hentry"],"blocksy_meta":[],"yoast_head":"<!-- This site is optimized with the Yoast SEO plugin v27.3 - https:\/\/yoast.com\/product\/yoast-seo-wordpress\/ -->\n<title>Qui sommes-nous ? old - DOGGYNESS<\/title>\n<meta name=\"description\" content=\"D\u00e9couvrez Doggyness, votre \u00e9ducatrice canine passionn\u00e9e, experte en \u00e9ducation semi positive et bien-\u00eatre canin. Apprenez \u00e0 mieux conna\u00eetre notre \u00e9quipe et notre approche personnalis\u00e9e.\" \/>\n<meta name=\"robots\" content=\"index, follow, max-snippet:-1, max-image-preview:large, max-video-preview:-1\" \/>\n<link rel=\"canonical\" href=\"https:\/\/www.doggyness.fr\/index.php\/qui-sommes-nous\/\" \/>\n<meta property=\"og:locale\" content=\"fr_FR\" \/>\n<meta property=\"og:type\" content=\"article\" \/>\n<meta property=\"og:title\" content=\"Qui sommes-nous ? old - DOGGYNESS\" \/>\n<meta property=\"og:description\" content=\"D\u00e9couvrez Doggyness, votre \u00e9ducatrice canine passionn\u00e9e, experte en \u00e9ducation semi positive et bien-\u00eatre canin. Apprenez \u00e0 mieux conna\u00eetre notre \u00e9quipe et notre approche personnalis\u00e9e.\" \/>\n<meta property=\"og:url\" content=\"https:\/\/www.doggyness.fr\/index.php\/qui-sommes-nous\/\" \/>\n<meta property=\"og:site_name\" content=\"DOGGYNESS\" \/>\n<meta property=\"article:modified_time\" content=\"2026-02-12T08:45:52+00:00\" \/>\n<meta name=\"twitter:card\" content=\"summary_large_image\" \/>\n<meta name=\"twitter:label1\" content=\"Dur\u00e9e de lecture estim\u00e9e\" \/>\n\t<meta name=\"twitter:data1\" content=\"3 minutes\" \/>\n<script type=\"application\/ld+json\" class=\"yoast-schema-graph\">{\"@context\":\"https:\\\/\\\/schema.org\",\"@graph\":[{\"@type\":\"WebPage\",\"@id\":\"https:\\\/\\\/www.doggyness.fr\\\/index.php\\\/qui-sommes-nous\\\/\",\"url\":\"https:\\\/\\\/www.doggyness.fr\\\/index.php\\\/qui-sommes-nous\\\/\",\"name\":\"Qui sommes-nous ? old - DOGGYNESS\",\"isPartOf\":{\"@id\":\"https:\\\/\\\/www.doggyness.fr\\\/#website\"},\"datePublished\":\"2012-10-19T12:37:15+00:00\",\"dateModified\":\"2026-02-12T08:45:52+00:00\",\"description\":\"D\u00e9couvrez Doggyness, votre \u00e9ducatrice canine passionn\u00e9e, experte en \u00e9ducation semi positive et bien-\u00eatre canin. Apprenez \u00e0 mieux conna\u00eetre notre \u00e9quipe et notre approche personnalis\u00e9e.\",\"breadcrumb\":{\"@id\":\"https:\\\/\\\/www.doggyness.fr\\\/index.php\\\/qui-sommes-nous\\\/#breadcrumb\"},\"inLanguage\":\"fr-FR\",\"potentialAction\":[{\"@type\":\"ReadAction\",\"target\":[\"https:\\\/\\\/www.doggyness.fr\\\/index.php\\\/qui-sommes-nous\\\/\"]}]},{\"@type\":\"BreadcrumbList\",\"@id\":\"https:\\\/\\\/www.doggyness.fr\\\/index.php\\\/qui-sommes-nous\\\/#breadcrumb\",\"itemListElement\":[{\"@type\":\"ListItem\",\"position\":1,\"name\":\"Accueil\",\"item\":\"https:\\\/\\\/www.doggyness.fr\\\/\"},{\"@type\":\"ListItem\",\"position\":2,\"name\":\"Qui sommes-nous ? old\"}]},{\"@type\":\"WebSite\",\"@id\":\"https:\\\/\\\/www.doggyness.fr\\\/#website\",\"url\":\"https:\\\/\\\/www.doggyness.fr\\\/\",\"name\":\"Doggyness\",\"description\":\"EDUQUER AVEC LE COEUR\",\"publisher\":{\"@id\":\"https:\\\/\\\/www.doggyness.fr\\\/#organization\"},\"potentialAction\":[{\"@type\":\"SearchAction\",\"target\":{\"@type\":\"EntryPoint\",\"urlTemplate\":\"https:\\\/\\\/www.doggyness.fr\\\/?s={search_term_string}\"},\"query-input\":{\"@type\":\"PropertyValueSpecification\",\"valueRequired\":true,\"valueName\":\"search_term_string\"}}],\"inLanguage\":\"fr-FR\"},{\"@type\":\"Organization\",\"@id\":\"https:\\\/\\\/www.doggyness.fr\\\/#organization\",\"name\":\"Doggyness\",\"url\":\"https:\\\/\\\/www.doggyness.fr\\\/\",\"logo\":{\"@type\":\"ImageObject\",\"inLanguage\":\"fr-FR\",\"@id\":\"https:\\\/\\\/www.doggyness.fr\\\/#\\\/schema\\\/logo\\\/image\\\/\",\"url\":\"https:\\\/\\\/i0.wp.com\\\/www.doggyness.fr\\\/wp-content\\\/uploads\\\/2023\\\/06\\\/Logo_av_nom_new_400x47.png?fit=400%2C47&ssl=1\",\"contentUrl\":\"https:\\\/\\\/i0.wp.com\\\/www.doggyness.fr\\\/wp-content\\\/uploads\\\/2023\\\/06\\\/Logo_av_nom_new_400x47.png?fit=400%2C47&ssl=1\",\"width\":400,\"height\":47,\"caption\":\"Doggyness\"},\"image\":{\"@id\":\"https:\\\/\\\/www.doggyness.fr\\\/#\\\/schema\\\/logo\\\/image\\\/\"}}]}<\/script>\n<!-- \/ Yoast SEO plugin. -->","yoast_head_json":{"title":"Qui sommes-nous ? old - DOGGYNESS","description":"D\u00e9couvrez Doggyness, votre \u00e9ducatrice canine passionn\u00e9e, experte en \u00e9ducation semi positive et bien-\u00eatre canin. Apprenez \u00e0 mieux conna\u00eetre notre \u00e9quipe et notre approche personnalis\u00e9e.","robots":{"index":"index","follow":"follow","max-snippet":"max-snippet:-1","max-image-preview":"max-image-preview:large","max-video-preview":"max-video-preview:-1"},"canonical":"https:\/\/www.doggyness.fr\/index.php\/qui-sommes-nous\/","og_locale":"fr_FR","og_type":"article","og_title":"Qui sommes-nous ? old - DOGGYNESS","og_description":"D\u00e9couvrez Doggyness, votre \u00e9ducatrice canine passionn\u00e9e, experte en \u00e9ducation semi positive et bien-\u00eatre canin. Apprenez \u00e0 mieux conna\u00eetre notre \u00e9quipe et notre approche personnalis\u00e9e.","og_url":"https:\/\/www.doggyness.fr\/index.php\/qui-sommes-nous\/","og_site_name":"DOGGYNESS","article_modified_time":"2026-02-12T08:45:52+00:00","twitter_card":"summary_large_image","twitter_misc":{"Dur\u00e9e de lecture estim\u00e9e":"3 minutes"},"schema":{"@context":"https:\/\/schema.org","@graph":[{"@type":"WebPage","@id":"https:\/\/www.doggyness.fr\/index.php\/qui-sommes-nous\/","url":"https:\/\/www.doggyness.fr\/index.php\/qui-sommes-nous\/","name":"Qui sommes-nous ? old - DOGGYNESS","isPartOf":{"@id":"https:\/\/www.doggyness.fr\/#website"},"datePublished":"2012-10-19T12:37:15+00:00","dateModified":"2026-02-12T08:45:52+00:00","description":"D\u00e9couvrez Doggyness, votre \u00e9ducatrice canine passionn\u00e9e, experte en \u00e9ducation semi positive et bien-\u00eatre canin. Apprenez \u00e0 mieux conna\u00eetre notre \u00e9quipe et notre approche personnalis\u00e9e.","breadcrumb":{"@id":"https:\/\/www.doggyness.fr\/index.php\/qui-sommes-nous\/#breadcrumb"},"inLanguage":"fr-FR","potentialAction":[{"@type":"ReadAction","target":["https:\/\/www.doggyness.fr\/index.php\/qui-sommes-nous\/"]}]},{"@type":"BreadcrumbList","@id":"https:\/\/www.doggyness.fr\/index.php\/qui-sommes-nous\/#breadcrumb","itemListElement":[{"@type":"ListItem","position":1,"name":"Accueil","item":"https:\/\/www.doggyness.fr\/"},{"@type":"ListItem","position":2,"name":"Qui sommes-nous ? old"}]},{"@type":"WebSite","@id":"https:\/\/www.doggyness.fr\/#website","url":"https:\/\/www.doggyness.fr\/","name":"Doggyness","description":"EDUQUER AVEC LE COEUR","publisher":{"@id":"https:\/\/www.doggyness.fr\/#organization"},"potentialAction":[{"@type":"SearchAction","target":{"@type":"EntryPoint","urlTemplate":"https:\/\/www.doggyness.fr\/?s={search_term_string}"},"query-input":{"@type":"PropertyValueSpecification","valueRequired":true,"valueName":"search_term_string"}}],"inLanguage":"fr-FR"},{"@type":"Organization","@id":"https:\/\/www.doggyness.fr\/#organization","name":"Doggyness","url":"https:\/\/www.doggyness.fr\/","logo":{"@type":"ImageObject","inLanguage":"fr-FR","@id":"https:\/\/www.doggyness.fr\/#\/schema\/logo\/image\/","url":"https:\/\/i0.wp.com\/www.doggyness.fr\/wp-content\/uploads\/2023\/06\/Logo_av_nom_new_400x47.png?fit=400%2C47&ssl=1","contentUrl":"https:\/\/i0.wp.com\/www.doggyness.fr\/wp-content\/uploads\/2023\/06\/Logo_av_nom_new_400x47.png?fit=400%2C47&ssl=1","width":400,"height":47,"caption":"Doggyness"},"image":{"@id":"https:\/\/www.doggyness.fr\/#\/schema\/logo\/image\/"}}]}},"jetpack_sharing_enabled":true,"_links":{"self":[{"href":"https:\/\/www.doggyness.fr\/index.php\/wp-json\/wp\/v2\/pages\/211","targetHints":{"allow":["GET"]}}],"collection":[{"href":"https:\/\/www.doggyness.fr\/index.php\/wp-json\/wp\/v2\/pages"}],"about":[{"href":"https:\/\/www.doggyness.fr\/index.php\/wp-json\/wp\/v2\/types\/page"}],"author":[{"embeddable":true,"href":"https:\/\/www.doggyness.fr\/index.php\/wp-json\/wp\/v2\/users\/1"}],"replies":[{"embeddable":true,"href":"https:\/\/www.doggyness.fr\/index.php\/wp-json\/wp\/v2\/comments?post=211"}],"version-history":[{"count":39,"href":"https:\/\/www.doggyness.fr\/index.php\/wp-json\/wp\/v2\/pages\/211\/revisions"}],"predecessor-version":[{"id":11698,"href":"https:\/\/www.doggyness.fr\/index.php\/wp-json\/wp\/v2\/pages\/211\/revisions\/11698"}],"wp:attachment":[{"href":"https:\/\/www.doggyness.fr\/index.php\/wp-json\/wp\/v2\/media?parent=211"}],"curies":[{"name":"wp","href":"https:\/\/api.w.org\/{rel}","templated":true}]}}