{"id":12598,"date":"2026-04-25T22:33:54","date_gmt":"2026-04-25T20:33:54","guid":{"rendered":"https:\/\/www.doggyness.fr\/?page_id=12598"},"modified":"2026-04-25T22:55:37","modified_gmt":"2026-04-25T20:55:37","slug":"produit_balade","status":"publish","type":"page","link":"https:\/\/www.doggyness.fr\/index.php\/boutique\/balade\/produit_balade\/","title":{"rendered":"Produit balade"},"content":{"rendered":"\n<div class=\"wp-block-media-text is-stacked-on-mobile\" style=\"grid-template-columns:31% auto\"><figure class=\"wp-block-media-text__media\"><img data-recalc-dims=\"1\" loading=\"lazy\" decoding=\"async\" width=\"1024\" height=\"576\" src=\"https:\/\/i0.wp.com\/www.doggyness.fr\/wp-content\/uploads\/2025\/10\/2.png?resize=1024%2C576&#038;ssl=1\" alt=\"\" class=\"wp-image-11806 size-full\" srcset=\"https:\/\/i0.wp.com\/www.doggyness.fr\/wp-content\/uploads\/2025\/10\/2.png?resize=1024%2C576&amp;ssl=1 1024w, https:\/\/i0.wp.com\/www.doggyness.fr\/wp-content\/uploads\/2025\/10\/2.png?resize=300%2C169&amp;ssl=1 300w, https:\/\/i0.wp.com\/www.doggyness.fr\/wp-content\/uploads\/2025\/10\/2.png?resize=768%2C432&amp;ssl=1 768w, https:\/\/i0.wp.com\/www.doggyness.fr\/wp-content\/uploads\/2025\/10\/2.png?w=1366&amp;ssl=1 1366w\" sizes=\"auto, (max-width: 1024px) 100vw, 1024px\" \/><\/figure><div class=\"wp-block-media-text__content\">\n<h1 class=\"wp-block-heading\">Balade 2h Annecy<\/h1>\n\n\n\n<p>Offrez \u00e0 votre chien une balade \u00e9ducative unique \u00e0 Annecy<br>Entre lac, vieille ville et boutique embl\u00e9matique, vivez un moment de partage et d\u2019apprentissage bienveillant avec Doggyness.<br>Une exp\u00e9rience alliant d\u00e9tente, \u00e9ducation positive et complicit\u00e9<\/p>\n\n\n\n<p>Prix : <strong>60\u20ac <\/strong>TTC par balade<\/p>\n\n\n\n<p><\/p>\n\n\n<div class=\"wpsc_product\"><div class=\"wp_cart_button_wrapper\"><form method=\"post\" class=\"wp-cart-button-form\" action=\"\" style=\"display:inline\" onsubmit=\"return ReadForm(this, true);\" ><input type=\"hidden\" id=\"_wpnonce\" name=\"_wpnonce\" value=\"71f56e5c94\" \/><input type=\"hidden\" name=\"_wp_http_referer\" value=\"\/index.php\/wp-json\/wp\/v2\/pages\/12598\" \/><input type=\"submit\" class=\"wspsc_add_cart_submit\" name=\"wspsc_add_cart_submit\" value=\"Ajouter au panier\" \/><input type=\"hidden\" name=\"wspsc_product\" value=\"Balade 2h Annecy\" \/><input type=\"hidden\" name=\"price\" value=\"50.00\" \/><input type=\"hidden\" name=\"shipping\" value=\"0\" \/><input type=\"hidden\" name=\"addcart\" value=\"1\" \/><input type=\"hidden\" name=\"cartLink\" value=\"https:\/\/www.doggyness.fr\/wp-json\/wp\/v2\/pages\/12598\" \/><input type=\"hidden\" name=\"product_tmp\" value=\"Balade 2h Annecy\" \/><input type=\"hidden\" name=\"product_tmp_two\" value=\"Balade 2h Annecy\" \/><input type=\"hidden\" name=\"item_number\" value=\"\" \/><div class=\"wpsc_add_cart_response_div\"><\/div><\/form><\/div><\/div>\n\n\n<div class=\"wpsc_shopping_cart_container\"><\/div>\n<\/div><\/div>\n\n\n\n<p>D\u00e9couvrez Annecy autrement, en compagnie de votre chien \ud83d\udc15<br>Avec Doggyness, profitez d\u2019une balade \u00e9ducative unique entre les rives du lac, les ruelles de la vieille ville et un passage dans un magasin embl\u00e9matique pour chiens.<\/p>\n\n\n\n<p>Guid\u00e9(e) par Adeline, \u00e9ducatrice canine bienveillante, cette promenade d\u2019environ 2h allie plaisir, apprentissage et d\u00e9couverte.<br>Chaque balade est une occasion d\u2019observer, de renforcer la relation avec votre compagnon et d\u2019apprendre \u00e0 communiquer dans la douceur.<\/p>\n\n\n\n<div class=\"wp-block-stackable-columns stk-block-columns stk-block stk-cb6d9b7\" data-block-id=\"cb6d9b7\"><div class=\"stk-row stk-inner-blocks stk-block-content stk-content-align stk-cb6d9b7-column\">\n<div class=\"wp-block-stackable-column stk-block-column stk-column stk-block stk-f18401e\" data-v=\"4\" data-block-id=\"f18401e\"><div class=\"stk-column-wrapper stk-block-column__content stk-container stk-f18401e-container stk--no-background stk--no-padding\"><div class=\"stk-block-content stk-inner-blocks stk-f18401e-inner-blocks\">\n<p>\ud83c\udf3f Au programme :<br>\u2022&nbsp;&nbsp;&nbsp;&nbsp;\ud83c\udf0a Balade apaisante au bord du lac d\u2019Annecy<br>\u2022&nbsp;&nbsp;&nbsp;&nbsp;\ud83c\udfd9\ufe0f Exploration de la vieille ville et de ses ruelles color\u00e9es<br>\u2022&nbsp;&nbsp;&nbsp;&nbsp;\ud83d\udc3e Passage dans un magasin pour chiens embl\u00e9matique<br>\u2022&nbsp;&nbsp;&nbsp;&nbsp;\ud83c\udf93 Conseils personnalis\u00e9s en \u00e9ducation positive<br>\u2022&nbsp;&nbsp;&nbsp;&nbsp;\ud83d\udc99 Moments de d\u00e9tente et de complicit\u00e9<\/p>\n\n\n\n<p>\u2e3b<\/p>\n\n\n\n<p>\ud83d\udd52 Dur\u00e9e : environ 2h<\/p>\n\n\n\n<p>\ud83d\udc65 Nombre de participants : 1 \u00e0 2 chiens maximum<\/p>\n\n\n\n<p>\ud83d\udccd Lieu : Annecy \u2013 entre lac et vieille ville<\/p>\n\n\n\n<p>\ud83d\udcb0 Tarifs :<br>\u2022&nbsp;&nbsp;&nbsp;&nbsp;Balade individuelle : 60 \u20ac<\/p>\n<\/div><\/div><\/div>\n\n\n\n<div class=\"wp-block-stackable-column stk-block-column stk-column stk-block stk-13f3a12\" data-v=\"4\" data-block-id=\"13f3a12\"><div class=\"stk-column-wrapper stk-block-column__content stk-container stk-13f3a12-container stk--no-background stk--no-padding\"><div class=\"stk-block-content stk-inner-blocks stk-13f3a12-inner-blocks\">\n<p>\ud83d\udc8c R\u00e9servation :<\/p>\n\n\n\n<p>\ud83d\udce9 info@doggyness.fr<br>\ud83c\udf10 https:\/\/www.doggyness.fr<\/p>\n\n\n\n<p>\u2e3b<\/p>\n\n\n\n<p>\ud83d\udcac Pourquoi choisir Doggyness ?<\/p>\n\n\n\n<p>Parce vous voulez \u00e9duquer, avec le coeur \u2665\ufe0f<br>Chaque balade est une exp\u00e9rience sensorielle et \u00e9motionnelle, o\u00f9 bienveillance, respect et complicit\u00e9 guident chaque pas. Chez Doggyness, nous croyons qu\u2019un chien bien compris est un chien \u00e9panoui \u2014 et qu\u2019un humain attentif construit le plus beau des liens \ud83d\udc9e<\/p>\n<\/div><\/div><\/div>\n<\/div><\/div>\n\n\n\n<p><\/p>\n","protected":false},"excerpt":{"rendered":"<p>D\u00e9couvrez Annecy autrement, en compagnie de votre chien \ud83d\udc15Avec Doggyness, profitez d\u2019une balade \u00e9ducative unique entre les rives du lac, les ruelles de la vieille ville et un passage dans un magasin embl\u00e9matique pour chiens. Guid\u00e9(e) par Adeline, \u00e9ducatrice canine bienveillante, cette promenade d\u2019environ 2h allie plaisir, apprentissage et d\u00e9couverte.Chaque balade est une occasion d\u2019observer, [&hellip;]<\/p>\n","protected":false},"author":2,"featured_media":0,"parent":12582,"menu_order":0,"comment_status":"open","ping_status":"closed","template":"","meta":{"footnotes":""},"class_list":["post-12598","page","type-page","status-publish","hentry"],"blocksy_meta":[],"yoast_head":"<!-- This site is optimized with the Yoast SEO plugin v27.4 - https:\/\/yoast.com\/product\/yoast-seo-wordpress\/ -->\n<title>Produit balade - DOGGYNESS<\/title>\n<meta name=\"description\" content=\"Cours collectifs pour chiens : socialisation, ob\u00e9issance et \u00e9ducation semi positive avec un professionnel canin. S\u00e9ances en petit groupe pour tous les niveaux.\" \/>\n<meta name=\"robots\" content=\"index, follow, max-snippet:-1, max-image-preview:large, max-video-preview:-1\" \/>\n<link rel=\"canonical\" href=\"https:\/\/www.doggyness.fr\/index.php\/boutique\/balade\/produit_balade\/\" \/>\n<meta property=\"og:locale\" content=\"fr_FR\" \/>\n<meta property=\"og:type\" content=\"article\" \/>\n<meta property=\"og:title\" content=\"Produit balade - DOGGYNESS\" \/>\n<meta property=\"og:description\" content=\"Cours collectifs pour chiens : socialisation, ob\u00e9issance et \u00e9ducation semi positive avec un professionnel canin. S\u00e9ances en petit groupe pour tous les niveaux.\" \/>\n<meta property=\"og:url\" content=\"https:\/\/www.doggyness.fr\/index.php\/boutique\/balade\/produit_balade\/\" \/>\n<meta property=\"og:site_name\" content=\"DOGGYNESS\" \/>\n<meta property=\"article:modified_time\" content=\"2026-04-25T20:55:37+00:00\" \/>\n<meta property=\"og:image\" content=\"https:\/\/www.doggyness.fr\/wp-content\/uploads\/2025\/10\/2-1024x576.png\" \/>\n<meta name=\"twitter:card\" content=\"summary_large_image\" \/>\n<meta name=\"twitter:label1\" content=\"Dur\u00e9e de lecture estim\u00e9e\" \/>\n\t<meta name=\"twitter:data1\" content=\"2 minutes\" \/>\n<script type=\"application\/ld+json\" class=\"yoast-schema-graph\">{\"@context\":\"https:\\\/\\\/schema.org\",\"@graph\":[{\"@type\":\"WebPage\",\"@id\":\"https:\\\/\\\/www.doggyness.fr\\\/index.php\\\/boutique\\\/balade\\\/produit_balade\\\/\",\"url\":\"https:\\\/\\\/www.doggyness.fr\\\/index.php\\\/boutique\\\/balade\\\/produit_balade\\\/\",\"name\":\"Produit balade - DOGGYNESS\",\"isPartOf\":{\"@id\":\"https:\\\/\\\/www.doggyness.fr\\\/#website\"},\"primaryImageOfPage\":{\"@id\":\"https:\\\/\\\/www.doggyness.fr\\\/index.php\\\/boutique\\\/balade\\\/produit_balade\\\/#primaryimage\"},\"image\":{\"@id\":\"https:\\\/\\\/www.doggyness.fr\\\/index.php\\\/boutique\\\/balade\\\/produit_balade\\\/#primaryimage\"},\"thumbnailUrl\":\"https:\\\/\\\/www.doggyness.fr\\\/wp-content\\\/uploads\\\/2025\\\/10\\\/2-1024x576.png\",\"datePublished\":\"2026-04-25T20:33:54+00:00\",\"dateModified\":\"2026-04-25T20:55:37+00:00\",\"description\":\"Cours collectifs pour chiens : socialisation, ob\u00e9issance et \u00e9ducation semi positive avec un professionnel canin. S\u00e9ances en petit groupe pour tous les niveaux.\",\"breadcrumb\":{\"@id\":\"https:\\\/\\\/www.doggyness.fr\\\/index.php\\\/boutique\\\/balade\\\/produit_balade\\\/#breadcrumb\"},\"inLanguage\":\"fr-FR\",\"potentialAction\":[{\"@type\":\"ReadAction\",\"target\":[\"https:\\\/\\\/www.doggyness.fr\\\/index.php\\\/boutique\\\/balade\\\/produit_balade\\\/\"]}]},{\"@type\":\"ImageObject\",\"inLanguage\":\"fr-FR\",\"@id\":\"https:\\\/\\\/www.doggyness.fr\\\/index.php\\\/boutique\\\/balade\\\/produit_balade\\\/#primaryimage\",\"url\":\"https:\\\/\\\/i0.wp.com\\\/www.doggyness.fr\\\/wp-content\\\/uploads\\\/2025\\\/10\\\/2.png?fit=1366%2C768&ssl=1\",\"contentUrl\":\"https:\\\/\\\/i0.wp.com\\\/www.doggyness.fr\\\/wp-content\\\/uploads\\\/2025\\\/10\\\/2.png?fit=1366%2C768&ssl=1\",\"width\":1366,\"height\":768},{\"@type\":\"BreadcrumbList\",\"@id\":\"https:\\\/\\\/www.doggyness.fr\\\/index.php\\\/boutique\\\/balade\\\/produit_balade\\\/#breadcrumb\",\"itemListElement\":[{\"@type\":\"ListItem\",\"position\":1,\"name\":\"Accueil\",\"item\":\"https:\\\/\\\/www.doggyness.fr\\\/\"},{\"@type\":\"ListItem\",\"position\":2,\"name\":\"Boutique\",\"item\":\"https:\\\/\\\/www.doggyness.fr\\\/index.php\\\/boutique\\\/\"},{\"@type\":\"ListItem\",\"position\":3,\"name\":\"Balade\",\"item\":\"https:\\\/\\\/www.doggyness.fr\\\/index.php\\\/boutique\\\/balade\\\/\"},{\"@type\":\"ListItem\",\"position\":4,\"name\":\"Produit balade\"}]},{\"@type\":\"WebSite\",\"@id\":\"https:\\\/\\\/www.doggyness.fr\\\/#website\",\"url\":\"https:\\\/\\\/www.doggyness.fr\\\/\",\"name\":\"Doggyness\",\"description\":\"EDUQUER AVEC LE COEUR\",\"publisher\":{\"@id\":\"https:\\\/\\\/www.doggyness.fr\\\/#organization\"},\"potentialAction\":[{\"@type\":\"SearchAction\",\"target\":{\"@type\":\"EntryPoint\",\"urlTemplate\":\"https:\\\/\\\/www.doggyness.fr\\\/?s={search_term_string}\"},\"query-input\":{\"@type\":\"PropertyValueSpecification\",\"valueRequired\":true,\"valueName\":\"search_term_string\"}}],\"inLanguage\":\"fr-FR\"},{\"@type\":\"Organization\",\"@id\":\"https:\\\/\\\/www.doggyness.fr\\\/#organization\",\"name\":\"Doggyness\",\"url\":\"https:\\\/\\\/www.doggyness.fr\\\/\",\"logo\":{\"@type\":\"ImageObject\",\"inLanguage\":\"fr-FR\",\"@id\":\"https:\\\/\\\/www.doggyness.fr\\\/#\\\/schema\\\/logo\\\/image\\\/\",\"url\":\"https:\\\/\\\/i0.wp.com\\\/www.doggyness.fr\\\/wp-content\\\/uploads\\\/2023\\\/06\\\/Logo_av_nom_new_400x47.png?fit=400%2C47&ssl=1\",\"contentUrl\":\"https:\\\/\\\/i0.wp.com\\\/www.doggyness.fr\\\/wp-content\\\/uploads\\\/2023\\\/06\\\/Logo_av_nom_new_400x47.png?fit=400%2C47&ssl=1\",\"width\":400,\"height\":47,\"caption\":\"Doggyness\"},\"image\":{\"@id\":\"https:\\\/\\\/www.doggyness.fr\\\/#\\\/schema\\\/logo\\\/image\\\/\"}}]}<\/script>\n<!-- \/ Yoast SEO plugin. -->","yoast_head_json":{"title":"Produit balade - DOGGYNESS","description":"Cours collectifs pour chiens : socialisation, ob\u00e9issance et \u00e9ducation semi positive avec un professionnel canin. S\u00e9ances en petit groupe pour tous les niveaux.","robots":{"index":"index","follow":"follow","max-snippet":"max-snippet:-1","max-image-preview":"max-image-preview:large","max-video-preview":"max-video-preview:-1"},"canonical":"https:\/\/www.doggyness.fr\/index.php\/boutique\/balade\/produit_balade\/","og_locale":"fr_FR","og_type":"article","og_title":"Produit balade - DOGGYNESS","og_description":"Cours collectifs pour chiens : socialisation, ob\u00e9issance et \u00e9ducation semi positive avec un professionnel canin. S\u00e9ances en petit groupe pour tous les niveaux.","og_url":"https:\/\/www.doggyness.fr\/index.php\/boutique\/balade\/produit_balade\/","og_site_name":"DOGGYNESS","article_modified_time":"2026-04-25T20:55:37+00:00","og_image":[{"url":"https:\/\/www.doggyness.fr\/wp-content\/uploads\/2025\/10\/2-1024x576.png","type":"","width":"","height":""}],"twitter_card":"summary_large_image","twitter_misc":{"Dur\u00e9e de lecture estim\u00e9e":"2 minutes"},"schema":{"@context":"https:\/\/schema.org","@graph":[{"@type":"WebPage","@id":"https:\/\/www.doggyness.fr\/index.php\/boutique\/balade\/produit_balade\/","url":"https:\/\/www.doggyness.fr\/index.php\/boutique\/balade\/produit_balade\/","name":"Produit balade - DOGGYNESS","isPartOf":{"@id":"https:\/\/www.doggyness.fr\/#website"},"primaryImageOfPage":{"@id":"https:\/\/www.doggyness.fr\/index.php\/boutique\/balade\/produit_balade\/#primaryimage"},"image":{"@id":"https:\/\/www.doggyness.fr\/index.php\/boutique\/balade\/produit_balade\/#primaryimage"},"thumbnailUrl":"https:\/\/www.doggyness.fr\/wp-content\/uploads\/2025\/10\/2-1024x576.png","datePublished":"2026-04-25T20:33:54+00:00","dateModified":"2026-04-25T20:55:37+00:00","description":"Cours collectifs pour chiens : socialisation, ob\u00e9issance et \u00e9ducation semi positive avec un professionnel canin. S\u00e9ances en petit groupe pour tous les niveaux.","breadcrumb":{"@id":"https:\/\/www.doggyness.fr\/index.php\/boutique\/balade\/produit_balade\/#breadcrumb"},"inLanguage":"fr-FR","potentialAction":[{"@type":"ReadAction","target":["https:\/\/www.doggyness.fr\/index.php\/boutique\/balade\/produit_balade\/"]}]},{"@type":"ImageObject","inLanguage":"fr-FR","@id":"https:\/\/www.doggyness.fr\/index.php\/boutique\/balade\/produit_balade\/#primaryimage","url":"https:\/\/i0.wp.com\/www.doggyness.fr\/wp-content\/uploads\/2025\/10\/2.png?fit=1366%2C768&ssl=1","contentUrl":"https:\/\/i0.wp.com\/www.doggyness.fr\/wp-content\/uploads\/2025\/10\/2.png?fit=1366%2C768&ssl=1","width":1366,"height":768},{"@type":"BreadcrumbList","@id":"https:\/\/www.doggyness.fr\/index.php\/boutique\/balade\/produit_balade\/#breadcrumb","itemListElement":[{"@type":"ListItem","position":1,"name":"Accueil","item":"https:\/\/www.doggyness.fr\/"},{"@type":"ListItem","position":2,"name":"Boutique","item":"https:\/\/www.doggyness.fr\/index.php\/boutique\/"},{"@type":"ListItem","position":3,"name":"Balade","item":"https:\/\/www.doggyness.fr\/index.php\/boutique\/balade\/"},{"@type":"ListItem","position":4,"name":"Produit balade"}]},{"@type":"WebSite","@id":"https:\/\/www.doggyness.fr\/#website","url":"https:\/\/www.doggyness.fr\/","name":"Doggyness","description":"EDUQUER AVEC LE COEUR","publisher":{"@id":"https:\/\/www.doggyness.fr\/#organization"},"potentialAction":[{"@type":"SearchAction","target":{"@type":"EntryPoint","urlTemplate":"https:\/\/www.doggyness.fr\/?s={search_term_string}"},"query-input":{"@type":"PropertyValueSpecification","valueRequired":true,"valueName":"search_term_string"}}],"inLanguage":"fr-FR"},{"@type":"Organization","@id":"https:\/\/www.doggyness.fr\/#organization","name":"Doggyness","url":"https:\/\/www.doggyness.fr\/","logo":{"@type":"ImageObject","inLanguage":"fr-FR","@id":"https:\/\/www.doggyness.fr\/#\/schema\/logo\/image\/","url":"https:\/\/i0.wp.com\/www.doggyness.fr\/wp-content\/uploads\/2023\/06\/Logo_av_nom_new_400x47.png?fit=400%2C47&ssl=1","contentUrl":"https:\/\/i0.wp.com\/www.doggyness.fr\/wp-content\/uploads\/2023\/06\/Logo_av_nom_new_400x47.png?fit=400%2C47&ssl=1","width":400,"height":47,"caption":"Doggyness"},"image":{"@id":"https:\/\/www.doggyness.fr\/#\/schema\/logo\/image\/"}}]}},"jetpack_sharing_enabled":true,"_links":{"self":[{"href":"https:\/\/www.doggyness.fr\/index.php\/wp-json\/wp\/v2\/pages\/12598","targetHints":{"allow":["GET"]}}],"collection":[{"href":"https:\/\/www.doggyness.fr\/index.php\/wp-json\/wp\/v2\/pages"}],"about":[{"href":"https:\/\/www.doggyness.fr\/index.php\/wp-json\/wp\/v2\/types\/page"}],"author":[{"embeddable":true,"href":"https:\/\/www.doggyness.fr\/index.php\/wp-json\/wp\/v2\/users\/2"}],"replies":[{"embeddable":true,"href":"https:\/\/www.doggyness.fr\/index.php\/wp-json\/wp\/v2\/comments?post=12598"}],"version-history":[{"count":4,"href":"https:\/\/www.doggyness.fr\/index.php\/wp-json\/wp\/v2\/pages\/12598\/revisions"}],"predecessor-version":[{"id":12607,"href":"https:\/\/www.doggyness.fr\/index.php\/wp-json\/wp\/v2\/pages\/12598\/revisions\/12607"}],"up":[{"embeddable":true,"href":"https:\/\/www.doggyness.fr\/index.php\/wp-json\/wp\/v2\/pages\/12582"}],"wp:attachment":[{"href":"https:\/\/www.doggyness.fr\/index.php\/wp-json\/wp\/v2\/media?parent=12598"}],"curies":[{"name":"wp","href":"https:\/\/api.w.org\/{rel}","templated":true}]}}