{"id":12597,"date":"2026-04-25T22:48:11","date_gmt":"2026-04-25T20:48:11","guid":{"rendered":"https:\/\/www.doggyness.fr\/?page_id=12597"},"modified":"2026-04-25T22:48:13","modified_gmt":"2026-04-25T20:48:13","slug":"produit_carte_cadeau","status":"publish","type":"page","link":"https:\/\/www.doggyness.fr\/index.php\/boutique\/cadeau\/produit_carte_cadeau\/","title":{"rendered":"Produit carte cadeau"},"content":{"rendered":"\n<div class=\"wp-block-media-text is-stacked-on-mobile\" style=\"grid-template-columns:31% auto\"><figure class=\"wp-block-media-text__media\"><img data-recalc-dims=\"1\" loading=\"lazy\" decoding=\"async\" width=\"512\" height=\"512\" src=\"https:\/\/i0.wp.com\/www.doggyness.fr\/wp-content\/uploads\/2025\/05\/pw-gift-card.png?resize=512%2C512&#038;ssl=1\" alt=\"\" class=\"wp-image-11648 size-full\" srcset=\"https:\/\/i0.wp.com\/www.doggyness.fr\/wp-content\/uploads\/2025\/05\/pw-gift-card.png?w=512&amp;ssl=1 512w, https:\/\/i0.wp.com\/www.doggyness.fr\/wp-content\/uploads\/2025\/05\/pw-gift-card.png?resize=300%2C300&amp;ssl=1 300w, https:\/\/i0.wp.com\/www.doggyness.fr\/wp-content\/uploads\/2025\/05\/pw-gift-card.png?resize=150%2C150&amp;ssl=1 150w, https:\/\/i0.wp.com\/www.doggyness.fr\/wp-content\/uploads\/2025\/05\/pw-gift-card.png?resize=145%2C145&amp;ssl=1 145w, https:\/\/i0.wp.com\/www.doggyness.fr\/wp-content\/uploads\/2025\/05\/pw-gift-card.png?resize=50%2C50&amp;ssl=1 50w, https:\/\/i0.wp.com\/www.doggyness.fr\/wp-content\/uploads\/2025\/05\/pw-gift-card.png?resize=222%2C222&amp;ssl=1 222w, https:\/\/i0.wp.com\/www.doggyness.fr\/wp-content\/uploads\/2025\/05\/pw-gift-card.png?resize=400%2C400&amp;ssl=1 400w, https:\/\/i0.wp.com\/www.doggyness.fr\/wp-content\/uploads\/2025\/05\/pw-gift-card.png?resize=100%2C100&amp;ssl=1 100w\" sizes=\"auto, (max-width: 512px) 100vw, 512px\" \/><\/figure><div class=\"wp-block-media-text__content\">\n<h1 class=\"wp-block-heading\">Carte Cadeau Doggyness<\/h1>\n\n\n\n<p>Offrez la Magie de l\u2019\u00c9ducation Canine avec la Carte Cadeau Doggyness !<\/p>\n\n\n\n<p>Prix : <strong>40\u20ac <\/strong>TTC par s\u00e9ance<\/p>\n\n\n\n<p><\/p>\n\n\n<div class=\"wpsc_product\"><div class=\"wp_cart_button_wrapper\"><form method=\"post\" class=\"wp-cart-button-form\" action=\"\" style=\"display:inline\" onsubmit=\"return ReadForm(this, true);\" ><input type=\"hidden\" id=\"_wpnonce\" name=\"_wpnonce\" value=\"71f56e5c94\" \/><input type=\"hidden\" name=\"_wp_http_referer\" value=\"\/index.php\/wp-json\/wp\/v2\/pages\/12597\" \/><input type=\"submit\" class=\"wspsc_add_cart_submit\" name=\"wspsc_add_cart_submit\" value=\"Ajouter au panier\" \/><input type=\"hidden\" name=\"wspsc_product\" value=\"Carte Cadeau Doggyness\" \/><input type=\"hidden\" name=\"price\" value=\"33.34\" \/><input type=\"hidden\" name=\"shipping\" value=\"0\" \/><input type=\"hidden\" name=\"addcart\" value=\"1\" \/><input type=\"hidden\" name=\"cartLink\" value=\"https:\/\/www.doggyness.fr\/wp-json\/wp\/v2\/pages\/12597\" \/><input type=\"hidden\" name=\"product_tmp\" value=\"Carte Cadeau Doggyness\" \/><input type=\"hidden\" name=\"product_tmp_two\" value=\"Carte Cadeau Doggyness\" \/><input type=\"hidden\" name=\"item_number\" value=\"\" \/><div class=\"wpsc_add_cart_response_div\"><\/div><\/form><\/div><\/div>\n\n\n<div class=\"wpsc_shopping_cart_container\"><\/div>\n<\/div><\/div>\n\n\n\n<p>Offrez le cadeau parfait aux amoureux des chiens avec notre carte cadeau Doggyness ! Que ce soit pour un ami, un membre de la famille, ou m\u00eame pour vous-m\u00eame, cette carte vous permet de d\u00e9couvrir nos cours d\u2019\u00e9ducation canine de qualit\u00e9. Avec Doggyness, apprenez les techniques d\u2019ob\u00e9issance, de socialisation et de gestion des comportements ind\u00e9sirables avec des professionnels passionn\u00e9s. La carte cadeau peut \u00eatre utilis\u00e9e pour tous nos services, incluant des s\u00e9ances de groupe, des cours priv\u00e9s ou des ateliers th\u00e9matiques. Faites plaisir \u00e0 un passionn\u00e9 de chiens en lui offrant la possibilit\u00e9 d\u2019am\u00e9liorer la complicit\u00e9 avec son compagnon \u00e0 quatre pattes. En plus de renforcer les liens, ces cours permettront de vivre une exp\u00e9rience enrichissante et amusante tant pour le ma\u00eetre que pour le chien. Ajoutez une touche sp\u00e9ciale \u00e0 votre cadeau en personnalisant un message lors de l\u2019achat ! Offrir une carte cadeau Doggyness, c\u2019est faire le choix d\u2019un apprentissage ludique et de qualit\u00e9 pour le bien-\u00eatre de nos amis canins. N\u2019attendez plus et faites plaisir \u00e0 ceux qui veulent enrichir leur exp\u00e9rience canine !<\/p>\n","protected":false},"excerpt":{"rendered":"<p>Offrez le cadeau parfait aux amoureux des chiens avec notre carte cadeau Doggyness ! Que ce soit pour un ami, un membre de la famille, ou m\u00eame pour vous-m\u00eame, cette carte vous permet de d\u00e9couvrir nos cours d\u2019\u00e9ducation canine de qualit\u00e9. Avec Doggyness, apprenez les techniques d\u2019ob\u00e9issance, de socialisation et de gestion des comportements ind\u00e9sirables [&hellip;]<\/p>\n","protected":false},"author":2,"featured_media":0,"parent":12583,"menu_order":0,"comment_status":"open","ping_status":"closed","template":"","meta":{"footnotes":""},"class_list":["post-12597","page","type-page","status-publish","hentry"],"blocksy_meta":[],"yoast_head":"<!-- This site is optimized with the Yoast SEO plugin v27.4 - https:\/\/yoast.com\/product\/yoast-seo-wordpress\/ -->\n<title>Produit carte cadeau - DOGGYNESS<\/title>\n<meta name=\"description\" content=\"Cours collectifs pour chiens : socialisation, ob\u00e9issance et \u00e9ducation semi positive avec un professionnel canin. S\u00e9ances en petit groupe pour tous les niveaux.\" \/>\n<meta name=\"robots\" content=\"index, follow, max-snippet:-1, max-image-preview:large, max-video-preview:-1\" \/>\n<link rel=\"canonical\" href=\"https:\/\/www.doggyness.fr\/index.php\/boutique\/cadeau\/produit_carte_cadeau\/\" \/>\n<meta property=\"og:locale\" content=\"fr_FR\" \/>\n<meta property=\"og:type\" content=\"article\" \/>\n<meta property=\"og:title\" content=\"Produit carte cadeau - DOGGYNESS\" \/>\n<meta property=\"og:description\" content=\"Cours collectifs pour chiens : socialisation, ob\u00e9issance et \u00e9ducation semi positive avec un professionnel canin. S\u00e9ances en petit groupe pour tous les niveaux.\" \/>\n<meta property=\"og:url\" content=\"https:\/\/www.doggyness.fr\/index.php\/boutique\/cadeau\/produit_carte_cadeau\/\" \/>\n<meta property=\"og:site_name\" content=\"DOGGYNESS\" \/>\n<meta property=\"article:modified_time\" content=\"2026-04-25T20:48:13+00:00\" \/>\n<meta property=\"og:image\" content=\"https:\/\/www.doggyness.fr\/wp-content\/uploads\/2025\/05\/pw-gift-card.png\" \/>\n<meta name=\"twitter:card\" content=\"summary_large_image\" \/>\n<meta name=\"twitter:label1\" content=\"Dur\u00e9e de lecture estim\u00e9e\" \/>\n\t<meta name=\"twitter:data1\" content=\"2 minutes\" \/>\n<script type=\"application\/ld+json\" class=\"yoast-schema-graph\">{\"@context\":\"https:\\\/\\\/schema.org\",\"@graph\":[{\"@type\":\"WebPage\",\"@id\":\"https:\\\/\\\/www.doggyness.fr\\\/index.php\\\/boutique\\\/cadeau\\\/produit_carte_cadeau\\\/\",\"url\":\"https:\\\/\\\/www.doggyness.fr\\\/index.php\\\/boutique\\\/cadeau\\\/produit_carte_cadeau\\\/\",\"name\":\"Produit carte cadeau - DOGGYNESS\",\"isPartOf\":{\"@id\":\"https:\\\/\\\/www.doggyness.fr\\\/#website\"},\"primaryImageOfPage\":{\"@id\":\"https:\\\/\\\/www.doggyness.fr\\\/index.php\\\/boutique\\\/cadeau\\\/produit_carte_cadeau\\\/#primaryimage\"},\"image\":{\"@id\":\"https:\\\/\\\/www.doggyness.fr\\\/index.php\\\/boutique\\\/cadeau\\\/produit_carte_cadeau\\\/#primaryimage\"},\"thumbnailUrl\":\"https:\\\/\\\/www.doggyness.fr\\\/wp-content\\\/uploads\\\/2025\\\/05\\\/pw-gift-card.png\",\"datePublished\":\"2026-04-25T20:48:11+00:00\",\"dateModified\":\"2026-04-25T20:48:13+00:00\",\"description\":\"Cours collectifs pour chiens : socialisation, ob\u00e9issance et \u00e9ducation semi positive avec un professionnel canin. S\u00e9ances en petit groupe pour tous les niveaux.\",\"breadcrumb\":{\"@id\":\"https:\\\/\\\/www.doggyness.fr\\\/index.php\\\/boutique\\\/cadeau\\\/produit_carte_cadeau\\\/#breadcrumb\"},\"inLanguage\":\"fr-FR\",\"potentialAction\":[{\"@type\":\"ReadAction\",\"target\":[\"https:\\\/\\\/www.doggyness.fr\\\/index.php\\\/boutique\\\/cadeau\\\/produit_carte_cadeau\\\/\"]}]},{\"@type\":\"ImageObject\",\"inLanguage\":\"fr-FR\",\"@id\":\"https:\\\/\\\/www.doggyness.fr\\\/index.php\\\/boutique\\\/cadeau\\\/produit_carte_cadeau\\\/#primaryimage\",\"url\":\"https:\\\/\\\/i0.wp.com\\\/www.doggyness.fr\\\/wp-content\\\/uploads\\\/2025\\\/05\\\/pw-gift-card.png?fit=512%2C512&ssl=1\",\"contentUrl\":\"https:\\\/\\\/i0.wp.com\\\/www.doggyness.fr\\\/wp-content\\\/uploads\\\/2025\\\/05\\\/pw-gift-card.png?fit=512%2C512&ssl=1\",\"width\":512,\"height\":512},{\"@type\":\"BreadcrumbList\",\"@id\":\"https:\\\/\\\/www.doggyness.fr\\\/index.php\\\/boutique\\\/cadeau\\\/produit_carte_cadeau\\\/#breadcrumb\",\"itemListElement\":[{\"@type\":\"ListItem\",\"position\":1,\"name\":\"Accueil\",\"item\":\"https:\\\/\\\/www.doggyness.fr\\\/\"},{\"@type\":\"ListItem\",\"position\":2,\"name\":\"Boutique\",\"item\":\"https:\\\/\\\/www.doggyness.fr\\\/index.php\\\/boutique\\\/\"},{\"@type\":\"ListItem\",\"position\":3,\"name\":\"Cadeau\",\"item\":\"https:\\\/\\\/www.doggyness.fr\\\/index.php\\\/boutique\\\/cadeau\\\/\"},{\"@type\":\"ListItem\",\"position\":4,\"name\":\"Produit carte cadeau\"}]},{\"@type\":\"WebSite\",\"@id\":\"https:\\\/\\\/www.doggyness.fr\\\/#website\",\"url\":\"https:\\\/\\\/www.doggyness.fr\\\/\",\"name\":\"Doggyness\",\"description\":\"EDUQUER AVEC LE COEUR\",\"publisher\":{\"@id\":\"https:\\\/\\\/www.doggyness.fr\\\/#organization\"},\"potentialAction\":[{\"@type\":\"SearchAction\",\"target\":{\"@type\":\"EntryPoint\",\"urlTemplate\":\"https:\\\/\\\/www.doggyness.fr\\\/?s={search_term_string}\"},\"query-input\":{\"@type\":\"PropertyValueSpecification\",\"valueRequired\":true,\"valueName\":\"search_term_string\"}}],\"inLanguage\":\"fr-FR\"},{\"@type\":\"Organization\",\"@id\":\"https:\\\/\\\/www.doggyness.fr\\\/#organization\",\"name\":\"Doggyness\",\"url\":\"https:\\\/\\\/www.doggyness.fr\\\/\",\"logo\":{\"@type\":\"ImageObject\",\"inLanguage\":\"fr-FR\",\"@id\":\"https:\\\/\\\/www.doggyness.fr\\\/#\\\/schema\\\/logo\\\/image\\\/\",\"url\":\"https:\\\/\\\/i0.wp.com\\\/www.doggyness.fr\\\/wp-content\\\/uploads\\\/2023\\\/06\\\/Logo_av_nom_new_400x47.png?fit=400%2C47&ssl=1\",\"contentUrl\":\"https:\\\/\\\/i0.wp.com\\\/www.doggyness.fr\\\/wp-content\\\/uploads\\\/2023\\\/06\\\/Logo_av_nom_new_400x47.png?fit=400%2C47&ssl=1\",\"width\":400,\"height\":47,\"caption\":\"Doggyness\"},\"image\":{\"@id\":\"https:\\\/\\\/www.doggyness.fr\\\/#\\\/schema\\\/logo\\\/image\\\/\"}}]}<\/script>\n<!-- \/ Yoast SEO plugin. -->","yoast_head_json":{"title":"Produit carte cadeau - DOGGYNESS","description":"Cours collectifs pour chiens : socialisation, ob\u00e9issance et \u00e9ducation semi positive avec un professionnel canin. S\u00e9ances en petit groupe pour tous les niveaux.","robots":{"index":"index","follow":"follow","max-snippet":"max-snippet:-1","max-image-preview":"max-image-preview:large","max-video-preview":"max-video-preview:-1"},"canonical":"https:\/\/www.doggyness.fr\/index.php\/boutique\/cadeau\/produit_carte_cadeau\/","og_locale":"fr_FR","og_type":"article","og_title":"Produit carte cadeau - DOGGYNESS","og_description":"Cours collectifs pour chiens : socialisation, ob\u00e9issance et \u00e9ducation semi positive avec un professionnel canin. S\u00e9ances en petit groupe pour tous les niveaux.","og_url":"https:\/\/www.doggyness.fr\/index.php\/boutique\/cadeau\/produit_carte_cadeau\/","og_site_name":"DOGGYNESS","article_modified_time":"2026-04-25T20:48:13+00:00","og_image":[{"url":"https:\/\/www.doggyness.fr\/wp-content\/uploads\/2025\/05\/pw-gift-card.png","type":"","width":"","height":""}],"twitter_card":"summary_large_image","twitter_misc":{"Dur\u00e9e de lecture estim\u00e9e":"2 minutes"},"schema":{"@context":"https:\/\/schema.org","@graph":[{"@type":"WebPage","@id":"https:\/\/www.doggyness.fr\/index.php\/boutique\/cadeau\/produit_carte_cadeau\/","url":"https:\/\/www.doggyness.fr\/index.php\/boutique\/cadeau\/produit_carte_cadeau\/","name":"Produit carte cadeau - DOGGYNESS","isPartOf":{"@id":"https:\/\/www.doggyness.fr\/#website"},"primaryImageOfPage":{"@id":"https:\/\/www.doggyness.fr\/index.php\/boutique\/cadeau\/produit_carte_cadeau\/#primaryimage"},"image":{"@id":"https:\/\/www.doggyness.fr\/index.php\/boutique\/cadeau\/produit_carte_cadeau\/#primaryimage"},"thumbnailUrl":"https:\/\/www.doggyness.fr\/wp-content\/uploads\/2025\/05\/pw-gift-card.png","datePublished":"2026-04-25T20:48:11+00:00","dateModified":"2026-04-25T20:48:13+00:00","description":"Cours collectifs pour chiens : socialisation, ob\u00e9issance et \u00e9ducation semi positive avec un professionnel canin. S\u00e9ances en petit groupe pour tous les niveaux.","breadcrumb":{"@id":"https:\/\/www.doggyness.fr\/index.php\/boutique\/cadeau\/produit_carte_cadeau\/#breadcrumb"},"inLanguage":"fr-FR","potentialAction":[{"@type":"ReadAction","target":["https:\/\/www.doggyness.fr\/index.php\/boutique\/cadeau\/produit_carte_cadeau\/"]}]},{"@type":"ImageObject","inLanguage":"fr-FR","@id":"https:\/\/www.doggyness.fr\/index.php\/boutique\/cadeau\/produit_carte_cadeau\/#primaryimage","url":"https:\/\/i0.wp.com\/www.doggyness.fr\/wp-content\/uploads\/2025\/05\/pw-gift-card.png?fit=512%2C512&ssl=1","contentUrl":"https:\/\/i0.wp.com\/www.doggyness.fr\/wp-content\/uploads\/2025\/05\/pw-gift-card.png?fit=512%2C512&ssl=1","width":512,"height":512},{"@type":"BreadcrumbList","@id":"https:\/\/www.doggyness.fr\/index.php\/boutique\/cadeau\/produit_carte_cadeau\/#breadcrumb","itemListElement":[{"@type":"ListItem","position":1,"name":"Accueil","item":"https:\/\/www.doggyness.fr\/"},{"@type":"ListItem","position":2,"name":"Boutique","item":"https:\/\/www.doggyness.fr\/index.php\/boutique\/"},{"@type":"ListItem","position":3,"name":"Cadeau","item":"https:\/\/www.doggyness.fr\/index.php\/boutique\/cadeau\/"},{"@type":"ListItem","position":4,"name":"Produit carte cadeau"}]},{"@type":"WebSite","@id":"https:\/\/www.doggyness.fr\/#website","url":"https:\/\/www.doggyness.fr\/","name":"Doggyness","description":"EDUQUER AVEC LE COEUR","publisher":{"@id":"https:\/\/www.doggyness.fr\/#organization"},"potentialAction":[{"@type":"SearchAction","target":{"@type":"EntryPoint","urlTemplate":"https:\/\/www.doggyness.fr\/?s={search_term_string}"},"query-input":{"@type":"PropertyValueSpecification","valueRequired":true,"valueName":"search_term_string"}}],"inLanguage":"fr-FR"},{"@type":"Organization","@id":"https:\/\/www.doggyness.fr\/#organization","name":"Doggyness","url":"https:\/\/www.doggyness.fr\/","logo":{"@type":"ImageObject","inLanguage":"fr-FR","@id":"https:\/\/www.doggyness.fr\/#\/schema\/logo\/image\/","url":"https:\/\/i0.wp.com\/www.doggyness.fr\/wp-content\/uploads\/2023\/06\/Logo_av_nom_new_400x47.png?fit=400%2C47&ssl=1","contentUrl":"https:\/\/i0.wp.com\/www.doggyness.fr\/wp-content\/uploads\/2023\/06\/Logo_av_nom_new_400x47.png?fit=400%2C47&ssl=1","width":400,"height":47,"caption":"Doggyness"},"image":{"@id":"https:\/\/www.doggyness.fr\/#\/schema\/logo\/image\/"}}]}},"jetpack_sharing_enabled":true,"_links":{"self":[{"href":"https:\/\/www.doggyness.fr\/index.php\/wp-json\/wp\/v2\/pages\/12597","targetHints":{"allow":["GET"]}}],"collection":[{"href":"https:\/\/www.doggyness.fr\/index.php\/wp-json\/wp\/v2\/pages"}],"about":[{"href":"https:\/\/www.doggyness.fr\/index.php\/wp-json\/wp\/v2\/types\/page"}],"author":[{"embeddable":true,"href":"https:\/\/www.doggyness.fr\/index.php\/wp-json\/wp\/v2\/users\/2"}],"replies":[{"embeddable":true,"href":"https:\/\/www.doggyness.fr\/index.php\/wp-json\/wp\/v2\/comments?post=12597"}],"version-history":[{"count":2,"href":"https:\/\/www.doggyness.fr\/index.php\/wp-json\/wp\/v2\/pages\/12597\/revisions"}],"predecessor-version":[{"id":12603,"href":"https:\/\/www.doggyness.fr\/index.php\/wp-json\/wp\/v2\/pages\/12597\/revisions\/12603"}],"up":[{"embeddable":true,"href":"https:\/\/www.doggyness.fr\/index.php\/wp-json\/wp\/v2\/pages\/12583"}],"wp:attachment":[{"href":"https:\/\/www.doggyness.fr\/index.php\/wp-json\/wp\/v2\/media?parent=12597"}],"curies":[{"name":"wp","href":"https:\/\/api.w.org\/{rel}","templated":true}]}}