{"id":12555,"date":"2026-04-25T18:48:07","date_gmt":"2026-04-25T16:48:07","guid":{"rendered":"https:\/\/www.doggyness.fr\/?page_id=12555"},"modified":"2026-04-25T18:48:09","modified_gmt":"2026-04-25T16:48:09","slug":"produit_communication_animale","status":"publish","type":"page","link":"https:\/\/www.doggyness.fr\/index.php\/boutique\/communication_animale\/produit_communication_animale\/","title":{"rendered":"Produit communication animale"},"content":{"rendered":"\n<div class=\"wp-block-media-text is-stacked-on-mobile\" style=\"grid-template-columns:31% auto\"><figure class=\"wp-block-media-text__media\"><img data-recalc-dims=\"1\" loading=\"lazy\" decoding=\"async\" width=\"1024\" height=\"576\" src=\"https:\/\/i0.wp.com\/www.doggyness.fr\/wp-content\/uploads\/2025\/12\/communication-animale.png?resize=1024%2C576&#038;ssl=1\" alt=\"\" class=\"wp-image-11966 size-full\" srcset=\"https:\/\/i0.wp.com\/www.doggyness.fr\/wp-content\/uploads\/2025\/12\/communication-animale.png?resize=1024%2C576&amp;ssl=1 1024w, https:\/\/i0.wp.com\/www.doggyness.fr\/wp-content\/uploads\/2025\/12\/communication-animale.png?resize=300%2C169&amp;ssl=1 300w, https:\/\/i0.wp.com\/www.doggyness.fr\/wp-content\/uploads\/2025\/12\/communication-animale.png?resize=768%2C432&amp;ssl=1 768w, https:\/\/i0.wp.com\/www.doggyness.fr\/wp-content\/uploads\/2025\/12\/communication-animale.png?resize=1320%2C742&amp;ssl=1 1320w, https:\/\/i0.wp.com\/www.doggyness.fr\/wp-content\/uploads\/2025\/12\/communication-animale.png?resize=400%2C225&amp;ssl=1 400w, https:\/\/i0.wp.com\/www.doggyness.fr\/wp-content\/uploads\/2025\/12\/communication-animale.png?w=1366&amp;ssl=1 1366w\" sizes=\"auto, (max-width: 1024px) 100vw, 1024px\" \/><\/figure><div class=\"wp-block-media-text__content\">\n<h1 class=\"wp-block-heading\">Communication animale \u00e0 distance<\/h1>\n\n\n\n<p>D\u00e9couvre ce que ton chien veut te dire \ud83d\udcab<br>Une s\u00e9ance de communication animale \u00e0 distance pour comprendre ses \u00e9motions et mieux l\u2019aider, o\u00f9 que tu sois en France.<\/p>\n\n\n\n<p>Prix : <strong>35\u20ac <\/strong>TTC par s\u00e9ance<\/p>\n\n\n\n<p><\/p>\n\n\n<div class=\"wpsc_product\"><div class=\"wp_cart_button_wrapper\"><form method=\"post\" class=\"wp-cart-button-form\" action=\"\" style=\"display:inline\" onsubmit=\"return ReadForm(this, true);\" ><input type=\"hidden\" id=\"_wpnonce\" name=\"_wpnonce\" value=\"71f56e5c94\" \/><input type=\"hidden\" name=\"_wp_http_referer\" value=\"\/index.php\/wp-json\/wp\/v2\/pages\/12555\" \/><input type=\"submit\" class=\"wspsc_add_cart_submit\" name=\"wspsc_add_cart_submit\" value=\"Ajouter au panier\" \/><input type=\"hidden\" name=\"wspsc_product\" value=\"S\u00e9ance communication animale\" \/><input type=\"hidden\" name=\"price\" value=\"29.17\" \/><input type=\"hidden\" name=\"shipping\" value=\"0\" \/><input type=\"hidden\" name=\"addcart\" value=\"1\" \/><input type=\"hidden\" name=\"cartLink\" value=\"https:\/\/www.doggyness.fr\/wp-json\/wp\/v2\/pages\/12555\" \/><input type=\"hidden\" name=\"product_tmp\" value=\"S\u00e9ance communication animale\" \/><input type=\"hidden\" name=\"product_tmp_two\" value=\"S&eacute;ance communication animale\" \/><input type=\"hidden\" name=\"item_number\" value=\"\" \/><div class=\"wpsc_add_cart_response_div\"><\/div><\/form><\/div><\/div>\n\n\n<div class=\"wpsc_shopping_cart_container\"><\/div>\n<\/div><\/div>\n","protected":false},"excerpt":{"rendered":"","protected":false},"author":2,"featured_media":0,"parent":12521,"menu_order":0,"comment_status":"open","ping_status":"closed","template":"","meta":{"footnotes":""},"class_list":["post-12555","page","type-page","status-publish","hentry"],"blocksy_meta":[],"yoast_head":"<!-- This site is optimized with the Yoast SEO plugin v27.4 - https:\/\/yoast.com\/product\/yoast-seo-wordpress\/ -->\n<title>Produit communication animale - DOGGYNESS<\/title>\n<meta name=\"description\" content=\"Cours collectifs pour chiens : socialisation, ob\u00e9issance et \u00e9ducation semi positive avec un professionnel canin. S\u00e9ances en petit groupe pour tous les niveaux.\" \/>\n<meta name=\"robots\" content=\"index, follow, max-snippet:-1, max-image-preview:large, max-video-preview:-1\" \/>\n<link rel=\"canonical\" href=\"https:\/\/www.doggyness.fr\/index.php\/boutique\/communication_animale\/produit_communication_animale\/\" \/>\n<meta property=\"og:locale\" content=\"fr_FR\" \/>\n<meta property=\"og:type\" content=\"article\" \/>\n<meta property=\"og:title\" content=\"Produit communication animale - DOGGYNESS\" \/>\n<meta property=\"og:description\" content=\"Cours collectifs pour chiens : socialisation, ob\u00e9issance et \u00e9ducation semi positive avec un professionnel canin. S\u00e9ances en petit groupe pour tous les niveaux.\" \/>\n<meta property=\"og:url\" content=\"https:\/\/www.doggyness.fr\/index.php\/boutique\/communication_animale\/produit_communication_animale\/\" \/>\n<meta property=\"og:site_name\" content=\"DOGGYNESS\" \/>\n<meta property=\"article:modified_time\" content=\"2026-04-25T16:48:09+00:00\" \/>\n<meta property=\"og:image\" content=\"https:\/\/www.doggyness.fr\/wp-content\/uploads\/2025\/12\/communication-animale-1024x576.png\" \/>\n<meta name=\"twitter:card\" content=\"summary_large_image\" \/>\n<meta name=\"twitter:label1\" content=\"Dur\u00e9e de lecture estim\u00e9e\" \/>\n\t<meta name=\"twitter:data1\" content=\"1 minute\" \/>\n<script type=\"application\/ld+json\" class=\"yoast-schema-graph\">{\"@context\":\"https:\\\/\\\/schema.org\",\"@graph\":[{\"@type\":\"WebPage\",\"@id\":\"https:\\\/\\\/www.doggyness.fr\\\/index.php\\\/boutique\\\/communication_animale\\\/produit_communication_animale\\\/\",\"url\":\"https:\\\/\\\/www.doggyness.fr\\\/index.php\\\/boutique\\\/communication_animale\\\/produit_communication_animale\\\/\",\"name\":\"Produit communication animale - DOGGYNESS\",\"isPartOf\":{\"@id\":\"https:\\\/\\\/www.doggyness.fr\\\/#website\"},\"primaryImageOfPage\":{\"@id\":\"https:\\\/\\\/www.doggyness.fr\\\/index.php\\\/boutique\\\/communication_animale\\\/produit_communication_animale\\\/#primaryimage\"},\"image\":{\"@id\":\"https:\\\/\\\/www.doggyness.fr\\\/index.php\\\/boutique\\\/communication_animale\\\/produit_communication_animale\\\/#primaryimage\"},\"thumbnailUrl\":\"https:\\\/\\\/www.doggyness.fr\\\/wp-content\\\/uploads\\\/2025\\\/12\\\/communication-animale-1024x576.png\",\"datePublished\":\"2026-04-25T16:48:07+00:00\",\"dateModified\":\"2026-04-25T16:48:09+00:00\",\"description\":\"Cours collectifs pour chiens : socialisation, ob\u00e9issance et \u00e9ducation semi positive avec un professionnel canin. S\u00e9ances en petit groupe pour tous les niveaux.\",\"breadcrumb\":{\"@id\":\"https:\\\/\\\/www.doggyness.fr\\\/index.php\\\/boutique\\\/communication_animale\\\/produit_communication_animale\\\/#breadcrumb\"},\"inLanguage\":\"fr-FR\",\"potentialAction\":[{\"@type\":\"ReadAction\",\"target\":[\"https:\\\/\\\/www.doggyness.fr\\\/index.php\\\/boutique\\\/communication_animale\\\/produit_communication_animale\\\/\"]}]},{\"@type\":\"ImageObject\",\"inLanguage\":\"fr-FR\",\"@id\":\"https:\\\/\\\/www.doggyness.fr\\\/index.php\\\/boutique\\\/communication_animale\\\/produit_communication_animale\\\/#primaryimage\",\"url\":\"https:\\\/\\\/i0.wp.com\\\/www.doggyness.fr\\\/wp-content\\\/uploads\\\/2025\\\/12\\\/communication-animale.png?fit=1366%2C768&ssl=1\",\"contentUrl\":\"https:\\\/\\\/i0.wp.com\\\/www.doggyness.fr\\\/wp-content\\\/uploads\\\/2025\\\/12\\\/communication-animale.png?fit=1366%2C768&ssl=1\",\"width\":1366,\"height\":768},{\"@type\":\"BreadcrumbList\",\"@id\":\"https:\\\/\\\/www.doggyness.fr\\\/index.php\\\/boutique\\\/communication_animale\\\/produit_communication_animale\\\/#breadcrumb\",\"itemListElement\":[{\"@type\":\"ListItem\",\"position\":1,\"name\":\"Accueil\",\"item\":\"https:\\\/\\\/www.doggyness.fr\\\/\"},{\"@type\":\"ListItem\",\"position\":2,\"name\":\"Boutique\",\"item\":\"https:\\\/\\\/www.doggyness.fr\\\/index.php\\\/boutique\\\/\"},{\"@type\":\"ListItem\",\"position\":3,\"name\":\"Communication animale\",\"item\":\"https:\\\/\\\/www.doggyness.fr\\\/index.php\\\/boutique\\\/communication_animale\\\/\"},{\"@type\":\"ListItem\",\"position\":4,\"name\":\"Produit communication animale\"}]},{\"@type\":\"WebSite\",\"@id\":\"https:\\\/\\\/www.doggyness.fr\\\/#website\",\"url\":\"https:\\\/\\\/www.doggyness.fr\\\/\",\"name\":\"Doggyness\",\"description\":\"EDUQUER AVEC LE COEUR\",\"publisher\":{\"@id\":\"https:\\\/\\\/www.doggyness.fr\\\/#organization\"},\"potentialAction\":[{\"@type\":\"SearchAction\",\"target\":{\"@type\":\"EntryPoint\",\"urlTemplate\":\"https:\\\/\\\/www.doggyness.fr\\\/?s={search_term_string}\"},\"query-input\":{\"@type\":\"PropertyValueSpecification\",\"valueRequired\":true,\"valueName\":\"search_term_string\"}}],\"inLanguage\":\"fr-FR\"},{\"@type\":\"Organization\",\"@id\":\"https:\\\/\\\/www.doggyness.fr\\\/#organization\",\"name\":\"Doggyness\",\"url\":\"https:\\\/\\\/www.doggyness.fr\\\/\",\"logo\":{\"@type\":\"ImageObject\",\"inLanguage\":\"fr-FR\",\"@id\":\"https:\\\/\\\/www.doggyness.fr\\\/#\\\/schema\\\/logo\\\/image\\\/\",\"url\":\"https:\\\/\\\/i0.wp.com\\\/www.doggyness.fr\\\/wp-content\\\/uploads\\\/2023\\\/06\\\/Logo_av_nom_new_400x47.png?fit=400%2C47&ssl=1\",\"contentUrl\":\"https:\\\/\\\/i0.wp.com\\\/www.doggyness.fr\\\/wp-content\\\/uploads\\\/2023\\\/06\\\/Logo_av_nom_new_400x47.png?fit=400%2C47&ssl=1\",\"width\":400,\"height\":47,\"caption\":\"Doggyness\"},\"image\":{\"@id\":\"https:\\\/\\\/www.doggyness.fr\\\/#\\\/schema\\\/logo\\\/image\\\/\"}}]}<\/script>\n<!-- \/ Yoast SEO plugin. -->","yoast_head_json":{"title":"Produit communication animale - DOGGYNESS","description":"Cours collectifs pour chiens : socialisation, ob\u00e9issance et \u00e9ducation semi positive avec un professionnel canin. S\u00e9ances en petit groupe pour tous les niveaux.","robots":{"index":"index","follow":"follow","max-snippet":"max-snippet:-1","max-image-preview":"max-image-preview:large","max-video-preview":"max-video-preview:-1"},"canonical":"https:\/\/www.doggyness.fr\/index.php\/boutique\/communication_animale\/produit_communication_animale\/","og_locale":"fr_FR","og_type":"article","og_title":"Produit communication animale - DOGGYNESS","og_description":"Cours collectifs pour chiens : socialisation, ob\u00e9issance et \u00e9ducation semi positive avec un professionnel canin. S\u00e9ances en petit groupe pour tous les niveaux.","og_url":"https:\/\/www.doggyness.fr\/index.php\/boutique\/communication_animale\/produit_communication_animale\/","og_site_name":"DOGGYNESS","article_modified_time":"2026-04-25T16:48:09+00:00","og_image":[{"url":"https:\/\/www.doggyness.fr\/wp-content\/uploads\/2025\/12\/communication-animale-1024x576.png","type":"","width":"","height":""}],"twitter_card":"summary_large_image","twitter_misc":{"Dur\u00e9e de lecture estim\u00e9e":"1 minute"},"schema":{"@context":"https:\/\/schema.org","@graph":[{"@type":"WebPage","@id":"https:\/\/www.doggyness.fr\/index.php\/boutique\/communication_animale\/produit_communication_animale\/","url":"https:\/\/www.doggyness.fr\/index.php\/boutique\/communication_animale\/produit_communication_animale\/","name":"Produit communication animale - DOGGYNESS","isPartOf":{"@id":"https:\/\/www.doggyness.fr\/#website"},"primaryImageOfPage":{"@id":"https:\/\/www.doggyness.fr\/index.php\/boutique\/communication_animale\/produit_communication_animale\/#primaryimage"},"image":{"@id":"https:\/\/www.doggyness.fr\/index.php\/boutique\/communication_animale\/produit_communication_animale\/#primaryimage"},"thumbnailUrl":"https:\/\/www.doggyness.fr\/wp-content\/uploads\/2025\/12\/communication-animale-1024x576.png","datePublished":"2026-04-25T16:48:07+00:00","dateModified":"2026-04-25T16:48:09+00:00","description":"Cours collectifs pour chiens : socialisation, ob\u00e9issance et \u00e9ducation semi positive avec un professionnel canin. S\u00e9ances en petit groupe pour tous les niveaux.","breadcrumb":{"@id":"https:\/\/www.doggyness.fr\/index.php\/boutique\/communication_animale\/produit_communication_animale\/#breadcrumb"},"inLanguage":"fr-FR","potentialAction":[{"@type":"ReadAction","target":["https:\/\/www.doggyness.fr\/index.php\/boutique\/communication_animale\/produit_communication_animale\/"]}]},{"@type":"ImageObject","inLanguage":"fr-FR","@id":"https:\/\/www.doggyness.fr\/index.php\/boutique\/communication_animale\/produit_communication_animale\/#primaryimage","url":"https:\/\/i0.wp.com\/www.doggyness.fr\/wp-content\/uploads\/2025\/12\/communication-animale.png?fit=1366%2C768&ssl=1","contentUrl":"https:\/\/i0.wp.com\/www.doggyness.fr\/wp-content\/uploads\/2025\/12\/communication-animale.png?fit=1366%2C768&ssl=1","width":1366,"height":768},{"@type":"BreadcrumbList","@id":"https:\/\/www.doggyness.fr\/index.php\/boutique\/communication_animale\/produit_communication_animale\/#breadcrumb","itemListElement":[{"@type":"ListItem","position":1,"name":"Accueil","item":"https:\/\/www.doggyness.fr\/"},{"@type":"ListItem","position":2,"name":"Boutique","item":"https:\/\/www.doggyness.fr\/index.php\/boutique\/"},{"@type":"ListItem","position":3,"name":"Communication animale","item":"https:\/\/www.doggyness.fr\/index.php\/boutique\/communication_animale\/"},{"@type":"ListItem","position":4,"name":"Produit communication animale"}]},{"@type":"WebSite","@id":"https:\/\/www.doggyness.fr\/#website","url":"https:\/\/www.doggyness.fr\/","name":"Doggyness","description":"EDUQUER AVEC LE COEUR","publisher":{"@id":"https:\/\/www.doggyness.fr\/#organization"},"potentialAction":[{"@type":"SearchAction","target":{"@type":"EntryPoint","urlTemplate":"https:\/\/www.doggyness.fr\/?s={search_term_string}"},"query-input":{"@type":"PropertyValueSpecification","valueRequired":true,"valueName":"search_term_string"}}],"inLanguage":"fr-FR"},{"@type":"Organization","@id":"https:\/\/www.doggyness.fr\/#organization","name":"Doggyness","url":"https:\/\/www.doggyness.fr\/","logo":{"@type":"ImageObject","inLanguage":"fr-FR","@id":"https:\/\/www.doggyness.fr\/#\/schema\/logo\/image\/","url":"https:\/\/i0.wp.com\/www.doggyness.fr\/wp-content\/uploads\/2023\/06\/Logo_av_nom_new_400x47.png?fit=400%2C47&ssl=1","contentUrl":"https:\/\/i0.wp.com\/www.doggyness.fr\/wp-content\/uploads\/2023\/06\/Logo_av_nom_new_400x47.png?fit=400%2C47&ssl=1","width":400,"height":47,"caption":"Doggyness"},"image":{"@id":"https:\/\/www.doggyness.fr\/#\/schema\/logo\/image\/"}}]}},"jetpack_sharing_enabled":true,"_links":{"self":[{"href":"https:\/\/www.doggyness.fr\/index.php\/wp-json\/wp\/v2\/pages\/12555","targetHints":{"allow":["GET"]}}],"collection":[{"href":"https:\/\/www.doggyness.fr\/index.php\/wp-json\/wp\/v2\/pages"}],"about":[{"href":"https:\/\/www.doggyness.fr\/index.php\/wp-json\/wp\/v2\/types\/page"}],"author":[{"embeddable":true,"href":"https:\/\/www.doggyness.fr\/index.php\/wp-json\/wp\/v2\/users\/2"}],"replies":[{"embeddable":true,"href":"https:\/\/www.doggyness.fr\/index.php\/wp-json\/wp\/v2\/comments?post=12555"}],"version-history":[{"count":2,"href":"https:\/\/www.doggyness.fr\/index.php\/wp-json\/wp\/v2\/pages\/12555\/revisions"}],"predecessor-version":[{"id":12557,"href":"https:\/\/www.doggyness.fr\/index.php\/wp-json\/wp\/v2\/pages\/12555\/revisions\/12557"}],"up":[{"embeddable":true,"href":"https:\/\/www.doggyness.fr\/index.php\/wp-json\/wp\/v2\/pages\/12521"}],"wp:attachment":[{"href":"https:\/\/www.doggyness.fr\/index.php\/wp-json\/wp\/v2\/media?parent=12555"}],"curies":[{"name":"wp","href":"https:\/\/api.w.org\/{rel}","templated":true}]}}