{"id":12541,"date":"2026-04-25T17:07:01","date_gmt":"2026-04-25T15:07:01","guid":{"rendered":"https:\/\/www.doggyness.fr\/?page_id=12541"},"modified":"2026-04-25T18:26:44","modified_gmt":"2026-04-25T16:26:44","slug":"produit_cure_terra","status":"publish","type":"page","link":"https:\/\/www.doggyness.fr\/index.php\/boutique\/soin_et_serenite\/produit_cure_terra\/","title":{"rendered":"Produit cure TERRA"},"content":{"rendered":"\n<div class=\"wp-block-media-text is-stacked-on-mobile\" style=\"grid-template-columns:31% auto\"><figure class=\"wp-block-media-text__media\"><img data-recalc-dims=\"1\" loading=\"lazy\" decoding=\"async\" width=\"1000\" height=\"1000\" src=\"https:\/\/i0.wp.com\/www.doggyness.fr\/wp-content\/uploads\/2025\/12\/couverture-terra.jpg?resize=1000%2C1000&#038;ssl=1\" alt=\"\" class=\"wp-image-11916 size-full\" srcset=\"https:\/\/i0.wp.com\/www.doggyness.fr\/wp-content\/uploads\/2025\/12\/couverture-terra.jpg?w=1000&amp;ssl=1 1000w, https:\/\/i0.wp.com\/www.doggyness.fr\/wp-content\/uploads\/2025\/12\/couverture-terra.jpg?resize=300%2C300&amp;ssl=1 300w, https:\/\/i0.wp.com\/www.doggyness.fr\/wp-content\/uploads\/2025\/12\/couverture-terra.jpg?resize=150%2C150&amp;ssl=1 150w, https:\/\/i0.wp.com\/www.doggyness.fr\/wp-content\/uploads\/2025\/12\/couverture-terra.jpg?resize=768%2C768&amp;ssl=1 768w, https:\/\/i0.wp.com\/www.doggyness.fr\/wp-content\/uploads\/2025\/12\/couverture-terra.jpg?resize=145%2C145&amp;ssl=1 145w, https:\/\/i0.wp.com\/www.doggyness.fr\/wp-content\/uploads\/2025\/12\/couverture-terra.jpg?resize=50%2C50&amp;ssl=1 50w, https:\/\/i0.wp.com\/www.doggyness.fr\/wp-content\/uploads\/2025\/12\/couverture-terra.jpg?resize=222%2C222&amp;ssl=1 222w, https:\/\/i0.wp.com\/www.doggyness.fr\/wp-content\/uploads\/2025\/12\/couverture-terra.jpg?resize=400%2C400&amp;ssl=1 400w, https:\/\/i0.wp.com\/www.doggyness.fr\/wp-content\/uploads\/2025\/12\/couverture-terra.jpg?resize=100%2C100&amp;ssl=1 100w\" sizes=\"auto, (max-width: 1000px) 100vw, 1000px\" \/><\/figure><div class=\"wp-block-media-text__content\">\n<h1 class=\"wp-block-heading\">Cure TERRA<\/h1>\n\n\n\n<p>La Cure TERRA \u2013 Puret\u00e9 des Montagnes, un soin anti-\u00e2ge naturel pour chiens seniors ou \u00e0 peau fragile. Programme complet apaisant, purifiant et nourrissant pour retrouver confort, \u00e9quilibre et douceur.<\/p>\n\n\n\n<p>Prix : <strong>55 \u00e0 75 \u20ac TTC<\/strong> par cure<\/p>\n\n\n\n<p><strong>Marque&nbsp;:&nbsp;<a href=\"https:\/\/www.doggyness.fr\/index.php\/marque\/thermes-dargos\/\">T<\/a>hermes d&rsquo;argos<\/strong><\/p>\n\n\n<div class=\"wpsc_product\"><div class=\"wp_cart_button_wrapper\"><form method=\"post\" class=\"wp-cart-button-form\" action=\"\" style=\"display:inline\" onsubmit=\"return ReadForm(this, true);\" ><input type=\"hidden\" id=\"_wpnonce\" name=\"_wpnonce\" value=\"71f56e5c94\" \/><input type=\"hidden\" name=\"_wp_http_referer\" value=\"\/index.php\/wp-json\/wp\/v2\/pages\/12541\" \/><input type=\"submit\" class=\"wspsc_add_cart_submit\" name=\"wspsc_add_cart_submit\" value=\"Ajouter au panier\" \/><input type=\"hidden\" name=\"wspsc_product\" value=\"Cure TERRA petit - de 10 kg\" \/><input type=\"hidden\" name=\"price\" value=\"4584\" \/><input type=\"hidden\" name=\"shipping\" value=\"0\" \/><input type=\"hidden\" name=\"addcart\" value=\"1\" \/><input type=\"hidden\" name=\"cartLink\" value=\"https:\/\/www.doggyness.fr\/wp-json\/wp\/v2\/pages\/12541\" \/><input type=\"hidden\" name=\"product_tmp\" value=\"Cure TERRA petit - de 10 kg\" \/><input type=\"hidden\" name=\"product_tmp_two\" value=\"Cure TERRA petit - de 10 kg\" \/><input type=\"hidden\" name=\"item_number\" value=\"\" \/><div class=\"wpsc_add_cart_response_div\"><\/div><\/form><\/div><\/div>\n\n\n<div class=\"wpsc_product\"><div class=\"wp_cart_button_wrapper\"><form method=\"post\" class=\"wp-cart-button-form\" action=\"\" style=\"display:inline\" onsubmit=\"return ReadForm(this, true);\" ><input type=\"hidden\" id=\"_wpnonce\" name=\"_wpnonce\" value=\"71f56e5c94\" \/><input type=\"hidden\" name=\"_wp_http_referer\" value=\"\/index.php\/wp-json\/wp\/v2\/pages\/12541\" \/><input type=\"submit\" class=\"wspsc_add_cart_submit\" name=\"wspsc_add_cart_submit\" value=\"Ajouter au panier\" \/><input type=\"hidden\" name=\"wspsc_product\" value=\"Cure TERRA moyen 10 \u00e0 20 kg\" \/><input type=\"hidden\" name=\"price\" value=\"54.17\" \/><input type=\"hidden\" name=\"shipping\" value=\"0\" \/><input type=\"hidden\" name=\"addcart\" value=\"1\" \/><input type=\"hidden\" name=\"cartLink\" value=\"https:\/\/www.doggyness.fr\/wp-json\/wp\/v2\/pages\/12541\" \/><input type=\"hidden\" name=\"product_tmp\" value=\"Cure TERRA moyen 10 \u00e0 20 kg\" \/><input type=\"hidden\" name=\"product_tmp_two\" value=\"Cure TERRA moyen 10 &agrave; 20 kg\" \/><input type=\"hidden\" name=\"item_number\" value=\"\" \/><div class=\"wpsc_add_cart_response_div\"><\/div><\/form><\/div><\/div>\n\n\n<div class=\"wpsc_product\"><div class=\"wp_cart_button_wrapper\"><form method=\"post\" class=\"wp-cart-button-form\" action=\"\" style=\"display:inline\" onsubmit=\"return ReadForm(this, true);\" ><input type=\"hidden\" id=\"_wpnonce\" name=\"_wpnonce\" value=\"71f56e5c94\" \/><input type=\"hidden\" name=\"_wp_http_referer\" value=\"\/index.php\/wp-json\/wp\/v2\/pages\/12541\" \/><input type=\"submit\" class=\"wspsc_add_cart_submit\" name=\"wspsc_add_cart_submit\" value=\"Ajouter au panier\" \/><input type=\"hidden\" name=\"wspsc_product\" value=\"Cure TERRA grand plus de 20 kg\" \/><input type=\"hidden\" name=\"price\" value=\"625\" \/><input type=\"hidden\" name=\"shipping\" value=\"0\" \/><input type=\"hidden\" name=\"addcart\" value=\"1\" \/><input type=\"hidden\" name=\"cartLink\" value=\"https:\/\/www.doggyness.fr\/wp-json\/wp\/v2\/pages\/12541\" \/><input type=\"hidden\" name=\"product_tmp\" value=\"Cure TERRA grand plus de 20 kg\" \/><input type=\"hidden\" name=\"product_tmp_two\" value=\"Cure TERRA grand plus de 20 kg\" \/><input type=\"hidden\" name=\"item_number\" value=\"\" \/><div class=\"wpsc_add_cart_response_div\"><\/div><\/form><\/div><\/div>\n\n\n<div class=\"wpsc_shopping_cart_container\"><\/div>\n<\/div><\/div>\n\n\n\n<h1 class=\"wp-block-heading\"><strong><strong>Programme Anti-\u00c2ge \u201cPuret\u00e9 des Montagnes\u201d<\/strong><\/strong><\/h1>\n\n\n\n<div class=\"wp-block-stackable-columns stk-block-columns stk-block stk-f40a70d\" data-block-id=\"f40a70d\"><div class=\"stk-row stk-inner-blocks stk-block-content stk-content-align stk-f40a70d-column\">\n<div class=\"wp-block-stackable-column stk-block-column stk-column stk-block stk-3b15652\" data-v=\"4\" data-block-id=\"3b15652\"><div class=\"stk-column-wrapper stk-block-column__content stk-container stk-3b15652-container stk--no-background stk--no-padding\"><div class=\"stk-block-content stk-inner-blocks stk-3b15652-inner-blocks\">\n<p>La Cure TERRA est un programme bien-\u00eatre sp\u00e9cialement pens\u00e9 pour accompagner les chiens seniors ou ceux ayant une peau fragile. Gr\u00e2ce \u00e0 des actifs naturels riches en antioxydants, ce soin apporte confort, apaisement et soutien global, tout en respectant les besoins des \u00e9pidermes les plus sensibles.<\/p>\n\n\n\n<p><strong>Pour quels chiens ?<\/strong><\/p>\n\n\n\n<p>Ce programme est particuli\u00e8rement adapt\u00e9 aux :<br>\u2022&nbsp;&nbsp;&nbsp;&nbsp;Chiens \u00e2g\u00e9s<br>\u2022&nbsp;&nbsp;&nbsp;&nbsp;Chiens pr\u00e9sentant une peau fragile ou sensibilis\u00e9e<br>\u2022&nbsp;&nbsp;&nbsp;&nbsp;Chiens sujets \u00e0 :<br>\u2714\ufe0f alop\u00e9cie<br>\u2714\ufe0f s\u00e9borrh\u00e9e<br>\u2714\ufe0f d\u00e9mangeaisons<br>\u2714\ufe0f inconfort cutan\u00e9<\/p>\n<\/div><\/div><\/div>\n\n\n\n<div class=\"wp-block-stackable-column stk-block-column stk-column stk-block stk-ea7e9dc\" data-v=\"4\" data-block-id=\"ea7e9dc\"><div class=\"stk-column-wrapper stk-block-column__content stk-container stk-ea7e9dc-container stk--no-background stk--no-padding\"><div class=\"stk-block-content stk-inner-blocks stk-ea7e9dc-inner-blocks\">\n<p>Cible principale :<br>\u27a1\ufe0f Inconfort g\u00e9n\u00e9ral<br>\u27a1\ufe0f Probl\u00e8mes de peau<\/p>\n\n\n\n<p><strong>Objectif du programme<\/strong><\/p>\n\n\n\n<p>Apporter \u00e9quilibre, apaisement et protection aux chiens gr\u00e2ce \u00e0 des actifs doux mais puissants, riches en antioxydants.L\u2019objectif : soutenir les animaux qui avancent dans l\u2019\u00e2ge ou pr\u00e9sentent une peau d\u00e9licate, tout en leur offrant un v\u00e9ritable moment de d\u00e9tente.<\/p>\n\n\n\n<p><strong><strong>Actifs naturels d\u2019altitude<\/strong><\/strong><\/p>\n\n\n\n<p>Les soins de la Cure TERRA sont compos\u00e9s \u00e0 plus de 98 % d\u2019ingr\u00e9dients d\u2019origine naturelle et reposent sur trois actifs essentiels :<br>\u2022&nbsp;&nbsp;&nbsp;&nbsp;Argile blanche : purifiante, apaisante, absorbe l\u2019exc\u00e8s de s\u00e9bum<br>\u2022&nbsp;&nbsp;&nbsp;&nbsp;Niacinamide (Vitamine B3) : renforce la barri\u00e8re cutan\u00e9e, r\u00e9duit les irritations<br>\u2022&nbsp;&nbsp;&nbsp;&nbsp;Edelweiss : puissant antioxydant, prot\u00e8ge et apaise la peau<\/p>\n\n\n\n<p>Ces actifs sont s\u00e9lectionn\u00e9s pour leur douceur et leur efficacit\u00e9 sur les peaux fragiles.<\/p>\n<\/div><\/div><\/div>\n<\/div><\/div>\n\n\n\n<div class=\"wp-block-stackable-columns stk-block-columns stk-block stk-be7591d\" data-block-id=\"be7591d\"><div class=\"stk-row stk-inner-blocks stk-block-content stk-content-align stk-be7591d-column\">\n<div class=\"wp-block-stackable-column stk-block-column stk-column stk-block stk-4f109b1\" data-v=\"4\" data-block-id=\"4f109b1\"><div class=\"stk-column-wrapper stk-block-column__content stk-container stk-4f109b1-container stk--no-background stk--no-padding\"><div class=\"stk-block-content stk-inner-blocks stk-4f109b1-inner-blocks\">\n<p><strong>D\u00e9roulement du Programme Anti-\u00c2ge \u201cPuret\u00e9 des Montagnes\u201d<\/strong><\/p>\n\n\n\n<p>Le programme complet dure environ 45 Minutes &nbsp;et comprend 2 soins compl\u00e9mentaires, chacun pens\u00e9 pour soutenir la peau et le pelage :<\/p>\n\n\n\n<p>1. Massage Apaisant \u2013 Gel de massage<\/p>\n\n\n\n<p>\ud83d\udca0 Renforcer la peau et le pelage<br>\ud83d\udca0 Relaxer et d\u00e9nouer les tensions<\/p>\n\n\n\n<p>Un massage doux de 15 \u00e0 20 minutes qui soutient la microcirculation, apaise l\u2019animal et cr\u00e9e une sensation de confort profond.<\/p>\n<\/div><\/div><\/div>\n\n\n\n<div class=\"wp-block-stackable-column stk-block-column stk-column stk-block stk-c848af9\" data-v=\"4\" data-block-id=\"c848af9\"><div class=\"stk-column-wrapper stk-block-column__content stk-container stk-c848af9-container stk--no-background stk--no-padding\"><div class=\"stk-block-content stk-inner-blocks stk-c848af9-inner-blocks\">\n<p>2. Enveloppement R\u00e9g\u00e9n\u00e9rant \u2013 Masque d\u2019enveloppement<\/p>\n\n\n\n<p>\ud83d\udca0 Nourrir en profondeur<br>\ud83d\udca0 Prot\u00e9ger et apaiser<\/p>\n\n\n\n<p>Un masque riche en argile blanche et Edelweiss qui calme, hydrate et aide \u00e0 renforcer l\u2019\u00e9piderme tout en redonnant \u00e9clat et densit\u00e9 au poil.<\/p>\n\n\n\n<p>Selon les besoins du chien :<br>\u2022\u00a0\u00a0\u00a0\u00a0Chaque soin peut \u00eatre r\u00e9alis\u00e9 seul, en soutien ponctuel<br>\u2022\u00a0\u00a0\u00a0\u00a0Ou int\u00e9gr\u00e9 en compl\u00e9ment d\u2019un soin\u00a0<a href=\"https:\/\/www.doggyness.fr\/index.php\/product\/pattucure\/\">pattucure<\/a><br>\u2022\u00a0\u00a0\u00a0\u00a0Le programme complet offre une exp\u00e9rience optimale<\/p>\n<\/div><\/div><\/div>\n<\/div><\/div>\n\n\n\n<p><\/p>\n\n\n\n<p><\/p>\n","protected":false},"excerpt":{"rendered":"<p>Programme Anti-\u00c2ge \u201cPuret\u00e9 des Montagnes\u201d La Cure TERRA est un programme bien-\u00eatre sp\u00e9cialement pens\u00e9 pour accompagner les chiens seniors ou ceux ayant une peau fragile. Gr\u00e2ce \u00e0 des actifs naturels riches en antioxydants, ce soin apporte confort, apaisement et soutien global, tout en respectant les besoins des \u00e9pidermes les plus sensibles. Pour quels chiens ? [&hellip;]<\/p>\n","protected":false},"author":3,"featured_media":0,"parent":12514,"menu_order":0,"comment_status":"open","ping_status":"closed","template":"","meta":{"footnotes":""},"class_list":["post-12541","page","type-page","status-publish","hentry"],"blocksy_meta":[],"yoast_head":"<!-- This site is optimized with the Yoast SEO plugin v27.4 - https:\/\/yoast.com\/product\/yoast-seo-wordpress\/ -->\n<title>Produit cure TERRA - DOGGYNESS<\/title>\n<meta name=\"description\" content=\"Cours collectifs pour chiens : socialisation, ob\u00e9issance et \u00e9ducation semi positive avec un professionnel canin. S\u00e9ances en petit groupe pour tous les niveaux.\" \/>\n<meta name=\"robots\" content=\"index, follow, max-snippet:-1, max-image-preview:large, max-video-preview:-1\" \/>\n<link rel=\"canonical\" href=\"https:\/\/www.doggyness.fr\/index.php\/boutique\/soin_et_serenite\/produit_cure_terra\/\" \/>\n<meta property=\"og:locale\" content=\"fr_FR\" \/>\n<meta property=\"og:type\" content=\"article\" \/>\n<meta property=\"og:title\" content=\"Produit cure TERRA - DOGGYNESS\" \/>\n<meta property=\"og:description\" content=\"Cours collectifs pour chiens : socialisation, ob\u00e9issance et \u00e9ducation semi positive avec un professionnel canin. S\u00e9ances en petit groupe pour tous les niveaux.\" \/>\n<meta property=\"og:url\" content=\"https:\/\/www.doggyness.fr\/index.php\/boutique\/soin_et_serenite\/produit_cure_terra\/\" \/>\n<meta property=\"og:site_name\" content=\"DOGGYNESS\" \/>\n<meta property=\"article:modified_time\" content=\"2026-04-25T16:26:44+00:00\" \/>\n<meta property=\"og:image\" content=\"https:\/\/www.doggyness.fr\/wp-content\/uploads\/2025\/12\/couverture-terra.jpg\" \/>\n<meta name=\"twitter:card\" content=\"summary_large_image\" \/>\n<meta name=\"twitter:label1\" content=\"Dur\u00e9e de lecture estim\u00e9e\" \/>\n\t<meta name=\"twitter:data1\" content=\"3 minutes\" \/>\n<script type=\"application\/ld+json\" class=\"yoast-schema-graph\">{\"@context\":\"https:\\\/\\\/schema.org\",\"@graph\":[{\"@type\":\"WebPage\",\"@id\":\"https:\\\/\\\/www.doggyness.fr\\\/index.php\\\/boutique\\\/soin_et_serenite\\\/produit_cure_terra\\\/\",\"url\":\"https:\\\/\\\/www.doggyness.fr\\\/index.php\\\/boutique\\\/soin_et_serenite\\\/produit_cure_terra\\\/\",\"name\":\"Produit cure TERRA - DOGGYNESS\",\"isPartOf\":{\"@id\":\"https:\\\/\\\/www.doggyness.fr\\\/#website\"},\"primaryImageOfPage\":{\"@id\":\"https:\\\/\\\/www.doggyness.fr\\\/index.php\\\/boutique\\\/soin_et_serenite\\\/produit_cure_terra\\\/#primaryimage\"},\"image\":{\"@id\":\"https:\\\/\\\/www.doggyness.fr\\\/index.php\\\/boutique\\\/soin_et_serenite\\\/produit_cure_terra\\\/#primaryimage\"},\"thumbnailUrl\":\"https:\\\/\\\/www.doggyness.fr\\\/wp-content\\\/uploads\\\/2025\\\/12\\\/couverture-terra.jpg\",\"datePublished\":\"2026-04-25T15:07:01+00:00\",\"dateModified\":\"2026-04-25T16:26:44+00:00\",\"description\":\"Cours collectifs pour chiens : socialisation, ob\u00e9issance et \u00e9ducation semi positive avec un professionnel canin. S\u00e9ances en petit groupe pour tous les niveaux.\",\"breadcrumb\":{\"@id\":\"https:\\\/\\\/www.doggyness.fr\\\/index.php\\\/boutique\\\/soin_et_serenite\\\/produit_cure_terra\\\/#breadcrumb\"},\"inLanguage\":\"fr-FR\",\"potentialAction\":[{\"@type\":\"ReadAction\",\"target\":[\"https:\\\/\\\/www.doggyness.fr\\\/index.php\\\/boutique\\\/soin_et_serenite\\\/produit_cure_terra\\\/\"]}]},{\"@type\":\"ImageObject\",\"inLanguage\":\"fr-FR\",\"@id\":\"https:\\\/\\\/www.doggyness.fr\\\/index.php\\\/boutique\\\/soin_et_serenite\\\/produit_cure_terra\\\/#primaryimage\",\"url\":\"https:\\\/\\\/i0.wp.com\\\/www.doggyness.fr\\\/wp-content\\\/uploads\\\/2025\\\/12\\\/couverture-terra.jpg?fit=1000%2C1000&ssl=1\",\"contentUrl\":\"https:\\\/\\\/i0.wp.com\\\/www.doggyness.fr\\\/wp-content\\\/uploads\\\/2025\\\/12\\\/couverture-terra.jpg?fit=1000%2C1000&ssl=1\",\"width\":1000,\"height\":1000},{\"@type\":\"BreadcrumbList\",\"@id\":\"https:\\\/\\\/www.doggyness.fr\\\/index.php\\\/boutique\\\/soin_et_serenite\\\/produit_cure_terra\\\/#breadcrumb\",\"itemListElement\":[{\"@type\":\"ListItem\",\"position\":1,\"name\":\"Accueil\",\"item\":\"https:\\\/\\\/www.doggyness.fr\\\/\"},{\"@type\":\"ListItem\",\"position\":2,\"name\":\"Boutique\",\"item\":\"https:\\\/\\\/www.doggyness.fr\\\/index.php\\\/boutique\\\/\"},{\"@type\":\"ListItem\",\"position\":3,\"name\":\"Soin et s\u00e9r\u00e9nit\u00e9\",\"item\":\"https:\\\/\\\/www.doggyness.fr\\\/index.php\\\/boutique\\\/soin_et_serenite\\\/\"},{\"@type\":\"ListItem\",\"position\":4,\"name\":\"Produit cure TERRA\"}]},{\"@type\":\"WebSite\",\"@id\":\"https:\\\/\\\/www.doggyness.fr\\\/#website\",\"url\":\"https:\\\/\\\/www.doggyness.fr\\\/\",\"name\":\"Doggyness\",\"description\":\"EDUQUER AVEC LE COEUR\",\"publisher\":{\"@id\":\"https:\\\/\\\/www.doggyness.fr\\\/#organization\"},\"potentialAction\":[{\"@type\":\"SearchAction\",\"target\":{\"@type\":\"EntryPoint\",\"urlTemplate\":\"https:\\\/\\\/www.doggyness.fr\\\/?s={search_term_string}\"},\"query-input\":{\"@type\":\"PropertyValueSpecification\",\"valueRequired\":true,\"valueName\":\"search_term_string\"}}],\"inLanguage\":\"fr-FR\"},{\"@type\":\"Organization\",\"@id\":\"https:\\\/\\\/www.doggyness.fr\\\/#organization\",\"name\":\"Doggyness\",\"url\":\"https:\\\/\\\/www.doggyness.fr\\\/\",\"logo\":{\"@type\":\"ImageObject\",\"inLanguage\":\"fr-FR\",\"@id\":\"https:\\\/\\\/www.doggyness.fr\\\/#\\\/schema\\\/logo\\\/image\\\/\",\"url\":\"https:\\\/\\\/i0.wp.com\\\/www.doggyness.fr\\\/wp-content\\\/uploads\\\/2023\\\/06\\\/Logo_av_nom_new_400x47.png?fit=400%2C47&ssl=1\",\"contentUrl\":\"https:\\\/\\\/i0.wp.com\\\/www.doggyness.fr\\\/wp-content\\\/uploads\\\/2023\\\/06\\\/Logo_av_nom_new_400x47.png?fit=400%2C47&ssl=1\",\"width\":400,\"height\":47,\"caption\":\"Doggyness\"},\"image\":{\"@id\":\"https:\\\/\\\/www.doggyness.fr\\\/#\\\/schema\\\/logo\\\/image\\\/\"}}]}<\/script>\n<!-- \/ Yoast SEO plugin. -->","yoast_head_json":{"title":"Produit cure TERRA - DOGGYNESS","description":"Cours collectifs pour chiens : socialisation, ob\u00e9issance et \u00e9ducation semi positive avec un professionnel canin. S\u00e9ances en petit groupe pour tous les niveaux.","robots":{"index":"index","follow":"follow","max-snippet":"max-snippet:-1","max-image-preview":"max-image-preview:large","max-video-preview":"max-video-preview:-1"},"canonical":"https:\/\/www.doggyness.fr\/index.php\/boutique\/soin_et_serenite\/produit_cure_terra\/","og_locale":"fr_FR","og_type":"article","og_title":"Produit cure TERRA - DOGGYNESS","og_description":"Cours collectifs pour chiens : socialisation, ob\u00e9issance et \u00e9ducation semi positive avec un professionnel canin. S\u00e9ances en petit groupe pour tous les niveaux.","og_url":"https:\/\/www.doggyness.fr\/index.php\/boutique\/soin_et_serenite\/produit_cure_terra\/","og_site_name":"DOGGYNESS","article_modified_time":"2026-04-25T16:26:44+00:00","og_image":[{"url":"https:\/\/www.doggyness.fr\/wp-content\/uploads\/2025\/12\/couverture-terra.jpg","type":"","width":"","height":""}],"twitter_card":"summary_large_image","twitter_misc":{"Dur\u00e9e de lecture estim\u00e9e":"3 minutes"},"schema":{"@context":"https:\/\/schema.org","@graph":[{"@type":"WebPage","@id":"https:\/\/www.doggyness.fr\/index.php\/boutique\/soin_et_serenite\/produit_cure_terra\/","url":"https:\/\/www.doggyness.fr\/index.php\/boutique\/soin_et_serenite\/produit_cure_terra\/","name":"Produit cure TERRA - DOGGYNESS","isPartOf":{"@id":"https:\/\/www.doggyness.fr\/#website"},"primaryImageOfPage":{"@id":"https:\/\/www.doggyness.fr\/index.php\/boutique\/soin_et_serenite\/produit_cure_terra\/#primaryimage"},"image":{"@id":"https:\/\/www.doggyness.fr\/index.php\/boutique\/soin_et_serenite\/produit_cure_terra\/#primaryimage"},"thumbnailUrl":"https:\/\/www.doggyness.fr\/wp-content\/uploads\/2025\/12\/couverture-terra.jpg","datePublished":"2026-04-25T15:07:01+00:00","dateModified":"2026-04-25T16:26:44+00:00","description":"Cours collectifs pour chiens : socialisation, ob\u00e9issance et \u00e9ducation semi positive avec un professionnel canin. S\u00e9ances en petit groupe pour tous les niveaux.","breadcrumb":{"@id":"https:\/\/www.doggyness.fr\/index.php\/boutique\/soin_et_serenite\/produit_cure_terra\/#breadcrumb"},"inLanguage":"fr-FR","potentialAction":[{"@type":"ReadAction","target":["https:\/\/www.doggyness.fr\/index.php\/boutique\/soin_et_serenite\/produit_cure_terra\/"]}]},{"@type":"ImageObject","inLanguage":"fr-FR","@id":"https:\/\/www.doggyness.fr\/index.php\/boutique\/soin_et_serenite\/produit_cure_terra\/#primaryimage","url":"https:\/\/i0.wp.com\/www.doggyness.fr\/wp-content\/uploads\/2025\/12\/couverture-terra.jpg?fit=1000%2C1000&ssl=1","contentUrl":"https:\/\/i0.wp.com\/www.doggyness.fr\/wp-content\/uploads\/2025\/12\/couverture-terra.jpg?fit=1000%2C1000&ssl=1","width":1000,"height":1000},{"@type":"BreadcrumbList","@id":"https:\/\/www.doggyness.fr\/index.php\/boutique\/soin_et_serenite\/produit_cure_terra\/#breadcrumb","itemListElement":[{"@type":"ListItem","position":1,"name":"Accueil","item":"https:\/\/www.doggyness.fr\/"},{"@type":"ListItem","position":2,"name":"Boutique","item":"https:\/\/www.doggyness.fr\/index.php\/boutique\/"},{"@type":"ListItem","position":3,"name":"Soin et s\u00e9r\u00e9nit\u00e9","item":"https:\/\/www.doggyness.fr\/index.php\/boutique\/soin_et_serenite\/"},{"@type":"ListItem","position":4,"name":"Produit cure TERRA"}]},{"@type":"WebSite","@id":"https:\/\/www.doggyness.fr\/#website","url":"https:\/\/www.doggyness.fr\/","name":"Doggyness","description":"EDUQUER AVEC LE COEUR","publisher":{"@id":"https:\/\/www.doggyness.fr\/#organization"},"potentialAction":[{"@type":"SearchAction","target":{"@type":"EntryPoint","urlTemplate":"https:\/\/www.doggyness.fr\/?s={search_term_string}"},"query-input":{"@type":"PropertyValueSpecification","valueRequired":true,"valueName":"search_term_string"}}],"inLanguage":"fr-FR"},{"@type":"Organization","@id":"https:\/\/www.doggyness.fr\/#organization","name":"Doggyness","url":"https:\/\/www.doggyness.fr\/","logo":{"@type":"ImageObject","inLanguage":"fr-FR","@id":"https:\/\/www.doggyness.fr\/#\/schema\/logo\/image\/","url":"https:\/\/i0.wp.com\/www.doggyness.fr\/wp-content\/uploads\/2023\/06\/Logo_av_nom_new_400x47.png?fit=400%2C47&ssl=1","contentUrl":"https:\/\/i0.wp.com\/www.doggyness.fr\/wp-content\/uploads\/2023\/06\/Logo_av_nom_new_400x47.png?fit=400%2C47&ssl=1","width":400,"height":47,"caption":"Doggyness"},"image":{"@id":"https:\/\/www.doggyness.fr\/#\/schema\/logo\/image\/"}}]}},"jetpack_sharing_enabled":true,"_links":{"self":[{"href":"https:\/\/www.doggyness.fr\/index.php\/wp-json\/wp\/v2\/pages\/12541","targetHints":{"allow":["GET"]}}],"collection":[{"href":"https:\/\/www.doggyness.fr\/index.php\/wp-json\/wp\/v2\/pages"}],"about":[{"href":"https:\/\/www.doggyness.fr\/index.php\/wp-json\/wp\/v2\/types\/page"}],"author":[{"embeddable":true,"href":"https:\/\/www.doggyness.fr\/index.php\/wp-json\/wp\/v2\/users\/3"}],"replies":[{"embeddable":true,"href":"https:\/\/www.doggyness.fr\/index.php\/wp-json\/wp\/v2\/comments?post=12541"}],"version-history":[{"count":4,"href":"https:\/\/www.doggyness.fr\/index.php\/wp-json\/wp\/v2\/pages\/12541\/revisions"}],"predecessor-version":[{"id":12553,"href":"https:\/\/www.doggyness.fr\/index.php\/wp-json\/wp\/v2\/pages\/12541\/revisions\/12553"}],"up":[{"embeddable":true,"href":"https:\/\/www.doggyness.fr\/index.php\/wp-json\/wp\/v2\/pages\/12514"}],"wp:attachment":[{"href":"https:\/\/www.doggyness.fr\/index.php\/wp-json\/wp\/v2\/media?parent=12541"}],"curies":[{"name":"wp","href":"https:\/\/api.w.org\/{rel}","templated":true}]}}