{"id":12538,"date":"2026-04-25T16:44:30","date_gmt":"2026-04-25T14:44:30","guid":{"rendered":"https:\/\/www.doggyness.fr\/?page_id=12538"},"modified":"2026-04-25T16:54:17","modified_gmt":"2026-04-25T14:54:17","slug":"produit_cure_ocea","status":"publish","type":"page","link":"https:\/\/www.doggyness.fr\/index.php\/boutique\/soin_et_serenite\/produit_cure_ocea\/","title":{"rendered":"Produit cure OC\u00c9A"},"content":{"rendered":"\n<div class=\"wp-block-media-text is-stacked-on-mobile\" style=\"grid-template-columns:31% auto\"><figure class=\"wp-block-media-text__media\"><img data-recalc-dims=\"1\" loading=\"lazy\" decoding=\"async\" width=\"1000\" height=\"1000\" src=\"https:\/\/i0.wp.com\/www.doggyness.fr\/wp-content\/uploads\/2025\/12\/couverture-ocea.jpg?resize=1000%2C1000&#038;ssl=1\" alt=\"\" class=\"wp-image-11915 size-full\" srcset=\"https:\/\/i0.wp.com\/www.doggyness.fr\/wp-content\/uploads\/2025\/12\/couverture-ocea.jpg?w=1000&amp;ssl=1 1000w, https:\/\/i0.wp.com\/www.doggyness.fr\/wp-content\/uploads\/2025\/12\/couverture-ocea.jpg?resize=300%2C300&amp;ssl=1 300w, https:\/\/i0.wp.com\/www.doggyness.fr\/wp-content\/uploads\/2025\/12\/couverture-ocea.jpg?resize=150%2C150&amp;ssl=1 150w, https:\/\/i0.wp.com\/www.doggyness.fr\/wp-content\/uploads\/2025\/12\/couverture-ocea.jpg?resize=768%2C768&amp;ssl=1 768w, https:\/\/i0.wp.com\/www.doggyness.fr\/wp-content\/uploads\/2025\/12\/couverture-ocea.jpg?resize=145%2C145&amp;ssl=1 145w, https:\/\/i0.wp.com\/www.doggyness.fr\/wp-content\/uploads\/2025\/12\/couverture-ocea.jpg?resize=50%2C50&amp;ssl=1 50w, https:\/\/i0.wp.com\/www.doggyness.fr\/wp-content\/uploads\/2025\/12\/couverture-ocea.jpg?resize=222%2C222&amp;ssl=1 222w, https:\/\/i0.wp.com\/www.doggyness.fr\/wp-content\/uploads\/2025\/12\/couverture-ocea.jpg?resize=400%2C400&amp;ssl=1 400w, https:\/\/i0.wp.com\/www.doggyness.fr\/wp-content\/uploads\/2025\/12\/couverture-ocea.jpg?resize=100%2C100&amp;ssl=1 100w\" sizes=\"auto, (max-width: 1000px) 100vw, 1000px\" \/><\/figure><div class=\"wp-block-media-text__content\">\n<h1 class=\"wp-block-heading\">Cure OC\u00c9A<\/h1>\n\n\n\n<p>Offrez \u00e0 votre chien un\u00a0<strong>rituel bien-\u00eatre<\/strong>\u00a0100% naturel avec la\u00a0<strong>Cure ocea\u00a0<\/strong><br>Massage relaxant, enveloppement nourrissant pour un moment de d\u00e9tente absolue.<br>Un soin exclusif Doggyness, unique en Haute-Savoie.<\/p>\n\n\n\n<p>Prix : <strong>55 \u00e0 75 \u20ac TTC<\/strong> par cure<\/p>\n\n\n\n<p><strong>Marque&nbsp;:&nbsp;<a href=\"https:\/\/www.doggyness.fr\/index.php\/marque\/thermes-dargos\/\">T<\/a>hermes d&rsquo;argos<\/strong><\/p>\n\n\n<div class=\"wpsc_product\"><div class=\"wp_cart_button_wrapper\"><form method=\"post\" class=\"wp-cart-button-form\" action=\"\" style=\"display:inline\" onsubmit=\"return ReadForm(this, true);\" ><input type=\"hidden\" id=\"_wpnonce\" name=\"_wpnonce\" value=\"71f56e5c94\" \/><input type=\"hidden\" name=\"_wp_http_referer\" value=\"\/index.php\/wp-json\/wp\/v2\/pages\/12538\" \/><input type=\"submit\" class=\"wspsc_add_cart_submit\" name=\"wspsc_add_cart_submit\" value=\"Ajouter au panier\" \/><input type=\"hidden\" name=\"wspsc_product\" value=\"Cure OCEA petit - de 10 kg\" \/><input type=\"hidden\" name=\"price\" value=\"4584\" \/><input type=\"hidden\" name=\"shipping\" value=\"0\" \/><input type=\"hidden\" name=\"addcart\" value=\"1\" \/><input type=\"hidden\" name=\"cartLink\" value=\"https:\/\/www.doggyness.fr\/wp-json\/wp\/v2\/pages\/12538\" \/><input type=\"hidden\" name=\"product_tmp\" value=\"Cure OCEA petit - de 10 kg\" \/><input type=\"hidden\" name=\"product_tmp_two\" value=\"Cure OCEA petit - de 10 kg\" \/><input type=\"hidden\" name=\"item_number\" value=\"\" \/><div class=\"wpsc_add_cart_response_div\"><\/div><\/form><\/div><\/div>\n\n\n<div class=\"wpsc_product\"><div class=\"wp_cart_button_wrapper\"><form method=\"post\" class=\"wp-cart-button-form\" action=\"\" style=\"display:inline\" onsubmit=\"return ReadForm(this, true);\" ><input type=\"hidden\" id=\"_wpnonce\" name=\"_wpnonce\" value=\"71f56e5c94\" \/><input type=\"hidden\" name=\"_wp_http_referer\" value=\"\/index.php\/wp-json\/wp\/v2\/pages\/12538\" \/><input type=\"submit\" class=\"wspsc_add_cart_submit\" name=\"wspsc_add_cart_submit\" value=\"Ajouter au panier\" \/><input type=\"hidden\" name=\"wspsc_product\" value=\"Cure OCEA moyen 10 \u00e0 20 kg\" \/><input type=\"hidden\" name=\"price\" value=\"54.17\" \/><input type=\"hidden\" name=\"shipping\" value=\"0\" \/><input type=\"hidden\" name=\"addcart\" value=\"1\" \/><input type=\"hidden\" name=\"cartLink\" value=\"https:\/\/www.doggyness.fr\/wp-json\/wp\/v2\/pages\/12538\" \/><input type=\"hidden\" name=\"product_tmp\" value=\"Cure OCEA moyen 10 \u00e0 20 kg\" \/><input type=\"hidden\" name=\"product_tmp_two\" value=\"Cure OCEA moyen 10 &agrave; 20 kg\" \/><input type=\"hidden\" name=\"item_number\" value=\"\" \/><div class=\"wpsc_add_cart_response_div\"><\/div><\/form><\/div><\/div>\n\n\n<div class=\"wpsc_product\"><div class=\"wp_cart_button_wrapper\"><form method=\"post\" class=\"wp-cart-button-form\" action=\"\" style=\"display:inline\" onsubmit=\"return ReadForm(this, true);\" ><input type=\"hidden\" id=\"_wpnonce\" name=\"_wpnonce\" value=\"71f56e5c94\" \/><input type=\"hidden\" name=\"_wp_http_referer\" value=\"\/index.php\/wp-json\/wp\/v2\/pages\/12538\" \/><input type=\"submit\" class=\"wspsc_add_cart_submit\" name=\"wspsc_add_cart_submit\" value=\"Ajouter au panier\" \/><input type=\"hidden\" name=\"wspsc_product\" value=\"Cure OCEA grand plus de 20 kg\" \/><input type=\"hidden\" name=\"price\" value=\"625\" \/><input type=\"hidden\" name=\"shipping\" value=\"0\" \/><input type=\"hidden\" name=\"addcart\" value=\"1\" \/><input type=\"hidden\" name=\"cartLink\" value=\"https:\/\/www.doggyness.fr\/wp-json\/wp\/v2\/pages\/12538\" \/><input type=\"hidden\" name=\"product_tmp\" value=\"Cure OCEA grand plus de 20 kg\" \/><input type=\"hidden\" name=\"product_tmp_two\" value=\"Cure OCEA grand plus de 20 kg\" \/><input type=\"hidden\" name=\"item_number\" value=\"\" \/><div class=\"wpsc_add_cart_response_div\"><\/div><\/form><\/div><\/div>\n\n\n<div class=\"wpsc_shopping_cart_container\"><\/div>\n<\/div><\/div>\n\n\n\n<h1 class=\"wp-block-heading\"><strong>Programme Tonifiant \u201c\u00c9nergie de l\u2019Atlantique\u201d<\/strong><\/h1>\n\n\n\n<div class=\"wp-block-stackable-columns stk-block-columns stk-block stk-f40a70d\" data-block-id=\"f40a70d\"><div class=\"stk-row stk-inner-blocks stk-block-content stk-content-align stk-f40a70d-column\">\n<div class=\"wp-block-stackable-column stk-block-column stk-column stk-block stk-3b15652\" data-v=\"4\" data-block-id=\"3b15652\"><div class=\"stk-column-wrapper stk-block-column__content stk-container stk-3b15652-container stk--no-background stk--no-padding\"><div class=\"stk-block-content stk-inner-blocks stk-3b15652-inner-blocks\">\n<p>La\u00a0Cure OC\u00c9A\u00a0est un programme bien-\u00eatre premium sp\u00e9cialement con\u00e7u pour offrir au chien une parenth\u00e8se revitalisante et profond\u00e9ment ressour\u00e7ante. Inspir\u00e9e des richesses marines de l\u2019Atlantique et \u00e9labor\u00e9e \u00e0 partir d\u2019actifs naturels pr\u00e9lev\u00e9s au large des c\u00f4tes bretonnes, elle aide l\u2019animal \u00e0 retrouver \u00e9nergie, confort et dynamisme en douceur.<\/p>\n\n\n\n<p><strong>Pour quels chiens ?<\/strong><\/p>\n\n\n\n<p>Ce programme est particuli\u00e8rement adapt\u00e9 aux :<br>\u2022\u00a0\u00a0\u00a0\u00a0Chiens calmes<br>\u2022\u00a0\u00a0\u00a0\u00a0Chiens fatigu\u00e9s ou en manque de tonus<br>\u2022\u00a0\u00a0\u00a0\u00a0Chiens de travail<\/p>\n\n\n\n<p>\u2022\u00a0\u00a0\u00a0\u00a0Chiens pratiquant des sports intensifs<br>\u2022\u00a0\u00a0\u00a0\u00a0Chiots curieux, intr\u00e9pides ou ayant besoin de stimulation douce<br><\/p>\n\n\n\n<p>Cible principale :<br>\u27a1\ufe0f Fatigue g\u00e9n\u00e9rale<br>\u27a1\ufe0fSensibilit\u00e9 ou inconfort articulaire<\/p>\n\n\n\n<h1 class=\"wp-block-heading\">D\u00e9roulement du Programme Tonifiant \u201c\u00c9nergie de l\u2019Atlantique\u201d<\/h1>\n\n\n\n<p>Le programme complet dure environ&nbsp;45 minutes&nbsp;et se compose de 2&nbsp;soins compl\u00e9mentaires&nbsp;:<\/p>\n<\/div><\/div><\/div>\n\n\n\n<div class=\"wp-block-stackable-column stk-block-column stk-column stk-block stk-ea7e9dc\" data-v=\"4\" data-block-id=\"ea7e9dc\"><div class=\"stk-column-wrapper stk-block-column__content stk-container stk-ea7e9dc-container stk--no-background stk--no-padding\"><div class=\"stk-block-content stk-inner-blocks stk-ea7e9dc-inner-blocks\">\n<p><strong>Objectif du programme<\/strong><\/p>\n\n\n\n<p>Apporter\u00a0stimulation, dynamisme et d\u00e9contraction\u00a0gr\u00e2ce aux\u00a0oligo-\u00e9l\u00e9ments et min\u00e9raux marins, reconnus pour leurs effets tonifiants et remin\u00e9ralisants. Chaque soin participe \u00e0 renforcer la peau et le pelage, tout en offrant un v\u00e9ritable moment de d\u00e9tente.<\/p>\n\n\n\n<p><strong>Actifs naturels marins<\/strong><\/p>\n\n\n\n<p>Pr\u00e9lev\u00e9s en Bretagne, les actifs de la Cure OC\u00c9A sont choisis pour leur qualit\u00e9 exceptionnelle :<\/p>\n\n\n\n<p>\u2022\u00a0\u00a0\u00a0\u00a0Sel marin\u00a0: assainissant et tonifiant<br>\u2022\u00a0\u00a0\u00a0\u00a0Limon marin\u00a0: riche en min\u00e9raux, stimule la circulation<br>\u2022\u00a0\u00a0\u00a0 Algue rouge\u00a0: adoucissante, prot\u00e8ge la peau<br>\u2022\u00a0\u00a0\u00a0 Laminaire\u00a0: remin\u00e9ralisante, booste le tonus<\/p>\n\n\n\n<p>Compos\u00e9e \u00e0\u00a0+ de 99 % d\u2019ingr\u00e9dients d\u2019origine naturelle, cette cure respecte enti\u00e8rement la peau du chien, m\u00eame la plus sensible.<\/p>\n\n\n\n<h3 class=\"wp-block-heading\">1. Massage Revitalisant \u2013 Gel de massage<\/h3>\n\n\n\n<p>\ud83d\udca0&nbsp;Renforcer la peau et le pelage<\/p>\n\n\n\n<p>\ud83d\udca0&nbsp;Stimuler la vitalit\u00e9<\/p>\n\n\n\n<p>Une s\u00e9ance de massage de 15 \u00e0 20 minutes gr\u00e2ce \u00e0 un gel marin tonifiant qui active la microcirculation, d\u00e9tend les tensions et apporte un regain d\u2019\u00e9nergie.<\/p>\n\n\n\n<h3 class=\"wp-block-heading\">2. Enveloppement Min\u00e9ralisant \u2013 Masque marin<\/h3>\n\n\n\n<p>\ud83d\udca0&nbsp;Nourrir intens\u00e9ment<\/p>\n\n\n\n<p>\ud83d\udca0&nbsp;R\u00e9\u00e9quilibrer la peau et hydrater le pelage<\/p>\n\n\n\n<p>Un enveloppement riche en algues et limon marin qui apaise, remin\u00e9ralise et redonne douceur et densit\u00e9 au poil.<\/p>\n<\/div><\/div><\/div>\n<\/div><\/div>\n\n\n\n<p><\/p>\n","protected":false},"excerpt":{"rendered":"<p>Programme Tonifiant \u201c\u00c9nergie de l\u2019Atlantique\u201d La\u00a0Cure OC\u00c9A\u00a0est un programme bien-\u00eatre premium sp\u00e9cialement con\u00e7u pour offrir au chien une parenth\u00e8se revitalisante et profond\u00e9ment ressour\u00e7ante. Inspir\u00e9e des richesses marines de l\u2019Atlantique et \u00e9labor\u00e9e \u00e0 partir d\u2019actifs naturels pr\u00e9lev\u00e9s au large des c\u00f4tes bretonnes, elle aide l\u2019animal \u00e0 retrouver \u00e9nergie, confort et dynamisme en douceur. Pour quels chiens [&hellip;]<\/p>\n","protected":false},"author":3,"featured_media":0,"parent":12514,"menu_order":0,"comment_status":"open","ping_status":"closed","template":"","meta":{"footnotes":""},"class_list":["post-12538","page","type-page","status-publish","hentry"],"blocksy_meta":[],"yoast_head":"<!-- This site is optimized with the Yoast SEO plugin v27.4 - https:\/\/yoast.com\/product\/yoast-seo-wordpress\/ -->\n<title>Produit cure OC\u00c9A - DOGGYNESS<\/title>\n<meta name=\"description\" content=\"Cours collectifs pour chiens : socialisation, ob\u00e9issance et \u00e9ducation semi positive avec un professionnel canin. S\u00e9ances en petit groupe pour tous les niveaux.\" \/>\n<meta name=\"robots\" content=\"index, follow, max-snippet:-1, max-image-preview:large, max-video-preview:-1\" \/>\n<link rel=\"canonical\" href=\"https:\/\/www.doggyness.fr\/index.php\/boutique\/soin_et_serenite\/produit_cure_ocea\/\" \/>\n<meta property=\"og:locale\" content=\"fr_FR\" \/>\n<meta property=\"og:type\" content=\"article\" \/>\n<meta property=\"og:title\" content=\"Produit cure OC\u00c9A - DOGGYNESS\" \/>\n<meta property=\"og:description\" content=\"Cours collectifs pour chiens : socialisation, ob\u00e9issance et \u00e9ducation semi positive avec un professionnel canin. S\u00e9ances en petit groupe pour tous les niveaux.\" \/>\n<meta property=\"og:url\" content=\"https:\/\/www.doggyness.fr\/index.php\/boutique\/soin_et_serenite\/produit_cure_ocea\/\" \/>\n<meta property=\"og:site_name\" content=\"DOGGYNESS\" \/>\n<meta property=\"article:modified_time\" content=\"2026-04-25T14:54:17+00:00\" \/>\n<meta property=\"og:image\" content=\"https:\/\/www.doggyness.fr\/wp-content\/uploads\/2025\/12\/couverture-ocea.jpg\" \/>\n<meta name=\"twitter:card\" content=\"summary_large_image\" \/>\n<meta name=\"twitter:label1\" content=\"Dur\u00e9e de lecture estim\u00e9e\" \/>\n\t<meta name=\"twitter:data1\" content=\"3 minutes\" \/>\n<script type=\"application\/ld+json\" class=\"yoast-schema-graph\">{\"@context\":\"https:\\\/\\\/schema.org\",\"@graph\":[{\"@type\":\"WebPage\",\"@id\":\"https:\\\/\\\/www.doggyness.fr\\\/index.php\\\/boutique\\\/soin_et_serenite\\\/produit_cure_ocea\\\/\",\"url\":\"https:\\\/\\\/www.doggyness.fr\\\/index.php\\\/boutique\\\/soin_et_serenite\\\/produit_cure_ocea\\\/\",\"name\":\"Produit cure OC\u00c9A - DOGGYNESS\",\"isPartOf\":{\"@id\":\"https:\\\/\\\/www.doggyness.fr\\\/#website\"},\"primaryImageOfPage\":{\"@id\":\"https:\\\/\\\/www.doggyness.fr\\\/index.php\\\/boutique\\\/soin_et_serenite\\\/produit_cure_ocea\\\/#primaryimage\"},\"image\":{\"@id\":\"https:\\\/\\\/www.doggyness.fr\\\/index.php\\\/boutique\\\/soin_et_serenite\\\/produit_cure_ocea\\\/#primaryimage\"},\"thumbnailUrl\":\"https:\\\/\\\/www.doggyness.fr\\\/wp-content\\\/uploads\\\/2025\\\/12\\\/couverture-ocea.jpg\",\"datePublished\":\"2026-04-25T14:44:30+00:00\",\"dateModified\":\"2026-04-25T14:54:17+00:00\",\"description\":\"Cours collectifs pour chiens : socialisation, ob\u00e9issance et \u00e9ducation semi positive avec un professionnel canin. S\u00e9ances en petit groupe pour tous les niveaux.\",\"breadcrumb\":{\"@id\":\"https:\\\/\\\/www.doggyness.fr\\\/index.php\\\/boutique\\\/soin_et_serenite\\\/produit_cure_ocea\\\/#breadcrumb\"},\"inLanguage\":\"fr-FR\",\"potentialAction\":[{\"@type\":\"ReadAction\",\"target\":[\"https:\\\/\\\/www.doggyness.fr\\\/index.php\\\/boutique\\\/soin_et_serenite\\\/produit_cure_ocea\\\/\"]}]},{\"@type\":\"ImageObject\",\"inLanguage\":\"fr-FR\",\"@id\":\"https:\\\/\\\/www.doggyness.fr\\\/index.php\\\/boutique\\\/soin_et_serenite\\\/produit_cure_ocea\\\/#primaryimage\",\"url\":\"https:\\\/\\\/i0.wp.com\\\/www.doggyness.fr\\\/wp-content\\\/uploads\\\/2025\\\/12\\\/couverture-ocea.jpg?fit=1000%2C1000&ssl=1\",\"contentUrl\":\"https:\\\/\\\/i0.wp.com\\\/www.doggyness.fr\\\/wp-content\\\/uploads\\\/2025\\\/12\\\/couverture-ocea.jpg?fit=1000%2C1000&ssl=1\",\"width\":1000,\"height\":1000},{\"@type\":\"BreadcrumbList\",\"@id\":\"https:\\\/\\\/www.doggyness.fr\\\/index.php\\\/boutique\\\/soin_et_serenite\\\/produit_cure_ocea\\\/#breadcrumb\",\"itemListElement\":[{\"@type\":\"ListItem\",\"position\":1,\"name\":\"Accueil\",\"item\":\"https:\\\/\\\/www.doggyness.fr\\\/\"},{\"@type\":\"ListItem\",\"position\":2,\"name\":\"Boutique\",\"item\":\"https:\\\/\\\/www.doggyness.fr\\\/index.php\\\/boutique\\\/\"},{\"@type\":\"ListItem\",\"position\":3,\"name\":\"Soin et s\u00e9r\u00e9nit\u00e9\",\"item\":\"https:\\\/\\\/www.doggyness.fr\\\/index.php\\\/boutique\\\/soin_et_serenite\\\/\"},{\"@type\":\"ListItem\",\"position\":4,\"name\":\"Produit cure OC\u00c9A\"}]},{\"@type\":\"WebSite\",\"@id\":\"https:\\\/\\\/www.doggyness.fr\\\/#website\",\"url\":\"https:\\\/\\\/www.doggyness.fr\\\/\",\"name\":\"Doggyness\",\"description\":\"EDUQUER AVEC LE COEUR\",\"publisher\":{\"@id\":\"https:\\\/\\\/www.doggyness.fr\\\/#organization\"},\"potentialAction\":[{\"@type\":\"SearchAction\",\"target\":{\"@type\":\"EntryPoint\",\"urlTemplate\":\"https:\\\/\\\/www.doggyness.fr\\\/?s={search_term_string}\"},\"query-input\":{\"@type\":\"PropertyValueSpecification\",\"valueRequired\":true,\"valueName\":\"search_term_string\"}}],\"inLanguage\":\"fr-FR\"},{\"@type\":\"Organization\",\"@id\":\"https:\\\/\\\/www.doggyness.fr\\\/#organization\",\"name\":\"Doggyness\",\"url\":\"https:\\\/\\\/www.doggyness.fr\\\/\",\"logo\":{\"@type\":\"ImageObject\",\"inLanguage\":\"fr-FR\",\"@id\":\"https:\\\/\\\/www.doggyness.fr\\\/#\\\/schema\\\/logo\\\/image\\\/\",\"url\":\"https:\\\/\\\/i0.wp.com\\\/www.doggyness.fr\\\/wp-content\\\/uploads\\\/2023\\\/06\\\/Logo_av_nom_new_400x47.png?fit=400%2C47&ssl=1\",\"contentUrl\":\"https:\\\/\\\/i0.wp.com\\\/www.doggyness.fr\\\/wp-content\\\/uploads\\\/2023\\\/06\\\/Logo_av_nom_new_400x47.png?fit=400%2C47&ssl=1\",\"width\":400,\"height\":47,\"caption\":\"Doggyness\"},\"image\":{\"@id\":\"https:\\\/\\\/www.doggyness.fr\\\/#\\\/schema\\\/logo\\\/image\\\/\"}}]}<\/script>\n<!-- \/ Yoast SEO plugin. -->","yoast_head_json":{"title":"Produit cure OC\u00c9A - DOGGYNESS","description":"Cours collectifs pour chiens : socialisation, ob\u00e9issance et \u00e9ducation semi positive avec un professionnel canin. S\u00e9ances en petit groupe pour tous les niveaux.","robots":{"index":"index","follow":"follow","max-snippet":"max-snippet:-1","max-image-preview":"max-image-preview:large","max-video-preview":"max-video-preview:-1"},"canonical":"https:\/\/www.doggyness.fr\/index.php\/boutique\/soin_et_serenite\/produit_cure_ocea\/","og_locale":"fr_FR","og_type":"article","og_title":"Produit cure OC\u00c9A - DOGGYNESS","og_description":"Cours collectifs pour chiens : socialisation, ob\u00e9issance et \u00e9ducation semi positive avec un professionnel canin. S\u00e9ances en petit groupe pour tous les niveaux.","og_url":"https:\/\/www.doggyness.fr\/index.php\/boutique\/soin_et_serenite\/produit_cure_ocea\/","og_site_name":"DOGGYNESS","article_modified_time":"2026-04-25T14:54:17+00:00","og_image":[{"url":"https:\/\/www.doggyness.fr\/wp-content\/uploads\/2025\/12\/couverture-ocea.jpg","type":"","width":"","height":""}],"twitter_card":"summary_large_image","twitter_misc":{"Dur\u00e9e de lecture estim\u00e9e":"3 minutes"},"schema":{"@context":"https:\/\/schema.org","@graph":[{"@type":"WebPage","@id":"https:\/\/www.doggyness.fr\/index.php\/boutique\/soin_et_serenite\/produit_cure_ocea\/","url":"https:\/\/www.doggyness.fr\/index.php\/boutique\/soin_et_serenite\/produit_cure_ocea\/","name":"Produit cure OC\u00c9A - DOGGYNESS","isPartOf":{"@id":"https:\/\/www.doggyness.fr\/#website"},"primaryImageOfPage":{"@id":"https:\/\/www.doggyness.fr\/index.php\/boutique\/soin_et_serenite\/produit_cure_ocea\/#primaryimage"},"image":{"@id":"https:\/\/www.doggyness.fr\/index.php\/boutique\/soin_et_serenite\/produit_cure_ocea\/#primaryimage"},"thumbnailUrl":"https:\/\/www.doggyness.fr\/wp-content\/uploads\/2025\/12\/couverture-ocea.jpg","datePublished":"2026-04-25T14:44:30+00:00","dateModified":"2026-04-25T14:54:17+00:00","description":"Cours collectifs pour chiens : socialisation, ob\u00e9issance et \u00e9ducation semi positive avec un professionnel canin. S\u00e9ances en petit groupe pour tous les niveaux.","breadcrumb":{"@id":"https:\/\/www.doggyness.fr\/index.php\/boutique\/soin_et_serenite\/produit_cure_ocea\/#breadcrumb"},"inLanguage":"fr-FR","potentialAction":[{"@type":"ReadAction","target":["https:\/\/www.doggyness.fr\/index.php\/boutique\/soin_et_serenite\/produit_cure_ocea\/"]}]},{"@type":"ImageObject","inLanguage":"fr-FR","@id":"https:\/\/www.doggyness.fr\/index.php\/boutique\/soin_et_serenite\/produit_cure_ocea\/#primaryimage","url":"https:\/\/i0.wp.com\/www.doggyness.fr\/wp-content\/uploads\/2025\/12\/couverture-ocea.jpg?fit=1000%2C1000&ssl=1","contentUrl":"https:\/\/i0.wp.com\/www.doggyness.fr\/wp-content\/uploads\/2025\/12\/couverture-ocea.jpg?fit=1000%2C1000&ssl=1","width":1000,"height":1000},{"@type":"BreadcrumbList","@id":"https:\/\/www.doggyness.fr\/index.php\/boutique\/soin_et_serenite\/produit_cure_ocea\/#breadcrumb","itemListElement":[{"@type":"ListItem","position":1,"name":"Accueil","item":"https:\/\/www.doggyness.fr\/"},{"@type":"ListItem","position":2,"name":"Boutique","item":"https:\/\/www.doggyness.fr\/index.php\/boutique\/"},{"@type":"ListItem","position":3,"name":"Soin et s\u00e9r\u00e9nit\u00e9","item":"https:\/\/www.doggyness.fr\/index.php\/boutique\/soin_et_serenite\/"},{"@type":"ListItem","position":4,"name":"Produit cure OC\u00c9A"}]},{"@type":"WebSite","@id":"https:\/\/www.doggyness.fr\/#website","url":"https:\/\/www.doggyness.fr\/","name":"Doggyness","description":"EDUQUER AVEC LE COEUR","publisher":{"@id":"https:\/\/www.doggyness.fr\/#organization"},"potentialAction":[{"@type":"SearchAction","target":{"@type":"EntryPoint","urlTemplate":"https:\/\/www.doggyness.fr\/?s={search_term_string}"},"query-input":{"@type":"PropertyValueSpecification","valueRequired":true,"valueName":"search_term_string"}}],"inLanguage":"fr-FR"},{"@type":"Organization","@id":"https:\/\/www.doggyness.fr\/#organization","name":"Doggyness","url":"https:\/\/www.doggyness.fr\/","logo":{"@type":"ImageObject","inLanguage":"fr-FR","@id":"https:\/\/www.doggyness.fr\/#\/schema\/logo\/image\/","url":"https:\/\/i0.wp.com\/www.doggyness.fr\/wp-content\/uploads\/2023\/06\/Logo_av_nom_new_400x47.png?fit=400%2C47&ssl=1","contentUrl":"https:\/\/i0.wp.com\/www.doggyness.fr\/wp-content\/uploads\/2023\/06\/Logo_av_nom_new_400x47.png?fit=400%2C47&ssl=1","width":400,"height":47,"caption":"Doggyness"},"image":{"@id":"https:\/\/www.doggyness.fr\/#\/schema\/logo\/image\/"}}]}},"jetpack_sharing_enabled":true,"_links":{"self":[{"href":"https:\/\/www.doggyness.fr\/index.php\/wp-json\/wp\/v2\/pages\/12538","targetHints":{"allow":["GET"]}}],"collection":[{"href":"https:\/\/www.doggyness.fr\/index.php\/wp-json\/wp\/v2\/pages"}],"about":[{"href":"https:\/\/www.doggyness.fr\/index.php\/wp-json\/wp\/v2\/types\/page"}],"author":[{"embeddable":true,"href":"https:\/\/www.doggyness.fr\/index.php\/wp-json\/wp\/v2\/users\/3"}],"replies":[{"embeddable":true,"href":"https:\/\/www.doggyness.fr\/index.php\/wp-json\/wp\/v2\/comments?post=12538"}],"version-history":[{"count":3,"href":"https:\/\/www.doggyness.fr\/index.php\/wp-json\/wp\/v2\/pages\/12538\/revisions"}],"predecessor-version":[{"id":12547,"href":"https:\/\/www.doggyness.fr\/index.php\/wp-json\/wp\/v2\/pages\/12538\/revisions\/12547"}],"up":[{"embeddable":true,"href":"https:\/\/www.doggyness.fr\/index.php\/wp-json\/wp\/v2\/pages\/12514"}],"wp:attachment":[{"href":"https:\/\/www.doggyness.fr\/index.php\/wp-json\/wp\/v2\/media?parent=12538"}],"curies":[{"name":"wp","href":"https:\/\/api.w.org\/{rel}","templated":true}]}}