{"id":12531,"date":"2026-04-25T15:59:20","date_gmt":"2026-04-25T13:59:20","guid":{"rendered":"https:\/\/www.doggyness.fr\/?page_id=12531"},"modified":"2026-04-25T16:26:04","modified_gmt":"2026-04-25T14:26:04","slug":"produit_cure_natura","status":"publish","type":"page","link":"https:\/\/www.doggyness.fr\/index.php\/boutique\/soin_et_serenite\/produit_cure_natura\/","title":{"rendered":"Produit cure NATURA"},"content":{"rendered":"\n<div class=\"wp-block-media-text is-stacked-on-mobile\" style=\"grid-template-columns:31% auto\"><figure class=\"wp-block-media-text__media\"><img data-recalc-dims=\"1\" loading=\"lazy\" decoding=\"async\" width=\"1000\" height=\"1000\" src=\"https:\/\/i0.wp.com\/www.doggyness.fr\/wp-content\/uploads\/2025\/12\/couverture-natura.jpg?resize=1000%2C1000&#038;ssl=1\" alt=\"\" class=\"wp-image-11914 size-full\" srcset=\"https:\/\/i0.wp.com\/www.doggyness.fr\/wp-content\/uploads\/2025\/12\/couverture-natura.jpg?w=1000&amp;ssl=1 1000w, https:\/\/i0.wp.com\/www.doggyness.fr\/wp-content\/uploads\/2025\/12\/couverture-natura.jpg?resize=300%2C300&amp;ssl=1 300w, https:\/\/i0.wp.com\/www.doggyness.fr\/wp-content\/uploads\/2025\/12\/couverture-natura.jpg?resize=150%2C150&amp;ssl=1 150w, https:\/\/i0.wp.com\/www.doggyness.fr\/wp-content\/uploads\/2025\/12\/couverture-natura.jpg?resize=768%2C768&amp;ssl=1 768w, https:\/\/i0.wp.com\/www.doggyness.fr\/wp-content\/uploads\/2025\/12\/couverture-natura.jpg?resize=145%2C145&amp;ssl=1 145w, https:\/\/i0.wp.com\/www.doggyness.fr\/wp-content\/uploads\/2025\/12\/couverture-natura.jpg?resize=50%2C50&amp;ssl=1 50w, https:\/\/i0.wp.com\/www.doggyness.fr\/wp-content\/uploads\/2025\/12\/couverture-natura.jpg?resize=222%2C222&amp;ssl=1 222w, https:\/\/i0.wp.com\/www.doggyness.fr\/wp-content\/uploads\/2025\/12\/couverture-natura.jpg?resize=400%2C400&amp;ssl=1 400w, https:\/\/i0.wp.com\/www.doggyness.fr\/wp-content\/uploads\/2025\/12\/couverture-natura.jpg?resize=100%2C100&amp;ssl=1 100w\" sizes=\"auto, (max-width: 1000px) 100vw, 1000px\" \/><\/figure><div class=\"wp-block-media-text__content\">\n<h1 class=\"wp-block-heading\">Cure NATURA<\/h1>\n\n\n\n<p>Partagez une belle exp\u00e9rience avec votre chien et d\u2019autres ma\u00eetres gr\u00e2ce \u00e0 nos cours collectifs canins, anim\u00e9s par des \u00e9ducateurs certifi\u00e9s. Ces s\u00e9ances en petit groupe sont id\u00e9ales pour renforcer l\u2019ob\u00e9issance, encourager la socialisation et am\u00e9liorer le comportement de votre compagnon dans un environnement stimulant et bienveillant.<\/p>\n\n\n\n<p>Prix : <strong>55 \u00e0 75 \u20ac TTC<\/strong> par cure<\/p>\n\n\n\n<p><strong>Marque\u00a0:\u00a0<a href=\"https:\/\/www.doggyness.fr\/index.php\/marque\/thermes-dargos\/\">T<\/a>hermes d&rsquo;argos<\/strong><\/p>\n\n\n<div class=\"wpsc_product\"><div class=\"wp_cart_button_wrapper\"><form method=\"post\" class=\"wp-cart-button-form\" action=\"\" style=\"display:inline\" onsubmit=\"return ReadForm(this, true);\" ><input type=\"hidden\" id=\"_wpnonce\" name=\"_wpnonce\" value=\"71f56e5c94\" \/><input type=\"hidden\" name=\"_wp_http_referer\" value=\"\/index.php\/wp-json\/wp\/v2\/pages\/12531\" \/><input type=\"submit\" class=\"wspsc_add_cart_submit\" name=\"wspsc_add_cart_submit\" value=\"Ajouter au panier\" \/><input type=\"hidden\" name=\"wspsc_product\" value=\"Cure NATURA petit - de 10 kg\" \/><input type=\"hidden\" name=\"price\" value=\"4584\" \/><input type=\"hidden\" name=\"shipping\" value=\"0\" \/><input type=\"hidden\" name=\"addcart\" value=\"1\" \/><input type=\"hidden\" name=\"cartLink\" value=\"https:\/\/www.doggyness.fr\/wp-json\/wp\/v2\/pages\/12531\" \/><input type=\"hidden\" name=\"product_tmp\" value=\"Cure NATURA petit - de 10 kg\" \/><input type=\"hidden\" name=\"product_tmp_two\" value=\"Cure NATURA petit - de 10 kg\" \/><input type=\"hidden\" name=\"item_number\" value=\"\" \/><div class=\"wpsc_add_cart_response_div\"><\/div><\/form><\/div><\/div>\n\n\n<div class=\"wpsc_product\"><div class=\"wp_cart_button_wrapper\"><form method=\"post\" class=\"wp-cart-button-form\" action=\"\" style=\"display:inline\" onsubmit=\"return ReadForm(this, true);\" ><input type=\"hidden\" id=\"_wpnonce\" name=\"_wpnonce\" value=\"71f56e5c94\" \/><input type=\"hidden\" name=\"_wp_http_referer\" value=\"\/index.php\/wp-json\/wp\/v2\/pages\/12531\" \/><input type=\"submit\" class=\"wspsc_add_cart_submit\" name=\"wspsc_add_cart_submit\" value=\"Ajouter au panier\" \/><input type=\"hidden\" name=\"wspsc_product\" value=\"Cure NATURA moyen 10 \u00e0 20 kg\" \/><input type=\"hidden\" name=\"price\" value=\"54.17\" \/><input type=\"hidden\" name=\"shipping\" value=\"0\" \/><input type=\"hidden\" name=\"addcart\" value=\"1\" \/><input type=\"hidden\" name=\"cartLink\" value=\"https:\/\/www.doggyness.fr\/wp-json\/wp\/v2\/pages\/12531\" \/><input type=\"hidden\" name=\"product_tmp\" value=\"Cure NATURA moyen 10 \u00e0 20 kg\" \/><input type=\"hidden\" name=\"product_tmp_two\" value=\"Cure NATURA moyen 10 &agrave; 20 kg\" \/><input type=\"hidden\" name=\"item_number\" value=\"\" \/><div class=\"wpsc_add_cart_response_div\"><\/div><\/form><\/div><\/div>\n\n\n<div class=\"wpsc_product\"><div class=\"wp_cart_button_wrapper\"><form method=\"post\" class=\"wp-cart-button-form\" action=\"\" style=\"display:inline\" onsubmit=\"return ReadForm(this, true);\" ><input type=\"hidden\" id=\"_wpnonce\" name=\"_wpnonce\" value=\"71f56e5c94\" \/><input type=\"hidden\" name=\"_wp_http_referer\" value=\"\/index.php\/wp-json\/wp\/v2\/pages\/12531\" \/><input type=\"submit\" class=\"wspsc_add_cart_submit\" name=\"wspsc_add_cart_submit\" value=\"Ajouter au panier\" \/><input type=\"hidden\" name=\"wspsc_product\" value=\"Cure NATURA grand plus de 20 kg\" \/><input type=\"hidden\" name=\"price\" value=\"625\" \/><input type=\"hidden\" name=\"shipping\" value=\"0\" \/><input type=\"hidden\" name=\"addcart\" value=\"1\" \/><input type=\"hidden\" name=\"cartLink\" value=\"https:\/\/www.doggyness.fr\/wp-json\/wp\/v2\/pages\/12531\" \/><input type=\"hidden\" name=\"product_tmp\" value=\"Cure NATURA grand plus de 20 kg\" \/><input type=\"hidden\" name=\"product_tmp_two\" value=\"Cure NATURA grand plus de 20 kg\" \/><input type=\"hidden\" name=\"item_number\" value=\"\" \/><div class=\"wpsc_add_cart_response_div\"><\/div><\/form><\/div><\/div>\n\n\n<div class=\"wpsc_shopping_cart_container\"><\/div>\n<\/div><\/div>\n\n\n\n<h1 class=\"wp-block-heading\"><strong>Programme Relaxant \u00ab Douceur des \u00celes \u00bb<\/strong><\/h1>\n\n\n\n<div class=\"wp-block-stackable-columns stk-block-columns stk-block stk-f40a70d\" data-block-id=\"f40a70d\"><div class=\"stk-row stk-inner-blocks stk-block-content stk-content-align stk-f40a70d-column\">\n<div class=\"wp-block-stackable-column stk-block-column stk-column stk-block stk-3b15652\" data-v=\"4\" data-block-id=\"3b15652\"><div class=\"stk-column-wrapper stk-block-column__content stk-container stk-3b15652-container stk--no-background stk--no-padding\"><div class=\"stk-block-content stk-inner-blocks stk-3b15652-inner-blocks\">\n<p>Offrez \u00e0 votre chien une parenth\u00e8se de d\u00e9tente absolue gr\u00e2ce \u00e0 la Cure NATURA, un rituel bien-\u00eatre professionnel compos\u00e9 \u00e0 plus de 99 % d\u2019ingr\u00e9dients d\u2019origine naturelle. Un soin premium ,disponible uniquement chez Doggyness.<\/p>\n\n\n\n<p><strong>Pour quels chiens ?<\/strong><\/p>\n\n\n\n<p>La Cure NATURA est id\u00e9ale pour :<br>\u2022\u00a0\u00a0\u00a0\u00a0Chiens stress\u00e9s ou anxieux<br>\u2022\u00a0\u00a0\u00a0\u00a0Chiens actifs \/ sportifs<br>\u2022\u00a0\u00a0\u00a0\u00a0Chiots prudents ou casaniers<br>\u2022\u00a0\u00a0\u00a0\u00a0Chiens pr\u00e9sentant des tensions ou une fatigue musculaire<\/p>\n<\/div><\/div><\/div>\n\n\n\n<div class=\"wp-block-stackable-column stk-block-column stk-column stk-block stk-ea7e9dc\" data-v=\"4\" data-block-id=\"ea7e9dc\"><div class=\"stk-column-wrapper stk-block-column__content stk-container stk-ea7e9dc-container stk--no-background stk--no-padding\"><div class=\"stk-block-content stk-inner-blocks stk-ea7e9dc-inner-blocks\">\n<p><strong>Objectif du programme<\/strong><\/p>\n\n\n\n<p>Apporter d\u00e9tente, confort et rel\u00e2chement musculaire gr\u00e2ce au pouvoir hydratant exceptionnel des sucres naturels.<\/p>\n\n\n\n<p><strong>Actifs naturels cl\u00e9s<\/strong><\/p>\n\n\n\n<p>\u2022\u00a0\u00a0\u00a0\u00a0Aloe Vera \u2013 apaisant et r\u00e9parateur<br>\u2022\u00a0\u00a0\u00a0\u00a0Huile de Jojoba Bio \u2013 nourrissant &amp; protecteur<br>\u2022\u00a0\u00a0\u00a0\u00a0Fucogel\u00ae (alliage de sucres) \u2013 hydratation longue dur\u00e9e<br>\u2022\u00a0\u00a0\u00a0\u00a0Sucre Roux \u2013 adoucissant &amp; remin\u00e9ralisant<\/p>\n<\/div><\/div><\/div>\n<\/div><\/div>\n","protected":false},"excerpt":{"rendered":"<p>Programme Relaxant \u00ab Douceur des \u00celes \u00bb Offrez \u00e0 votre chien une parenth\u00e8se de d\u00e9tente absolue gr\u00e2ce \u00e0 la Cure NATURA, un rituel bien-\u00eatre professionnel compos\u00e9 \u00e0 plus de 99 % d\u2019ingr\u00e9dients d\u2019origine naturelle. Un soin premium ,disponible uniquement chez Doggyness. Pour quels chiens ? La Cure NATURA est id\u00e9ale pour :\u2022\u00a0\u00a0\u00a0\u00a0Chiens stress\u00e9s ou anxieux\u2022\u00a0\u00a0\u00a0\u00a0Chiens [&hellip;]<\/p>\n","protected":false},"author":3,"featured_media":0,"parent":12514,"menu_order":0,"comment_status":"open","ping_status":"closed","template":"","meta":{"footnotes":""},"class_list":["post-12531","page","type-page","status-publish","hentry"],"blocksy_meta":[],"yoast_head":"<!-- This site is optimized with the Yoast SEO plugin v27.4 - https:\/\/yoast.com\/product\/yoast-seo-wordpress\/ -->\n<title>Produit cure NATURA - DOGGYNESS<\/title>\n<meta name=\"description\" content=\"Cours collectifs pour chiens : socialisation, ob\u00e9issance et \u00e9ducation semi positive avec un professionnel canin. S\u00e9ances en petit groupe pour tous les niveaux.\" \/>\n<meta name=\"robots\" content=\"index, follow, max-snippet:-1, max-image-preview:large, max-video-preview:-1\" \/>\n<link rel=\"canonical\" href=\"https:\/\/www.doggyness.fr\/index.php\/boutique\/soin_et_serenite\/produit_cure_natura\/\" \/>\n<meta property=\"og:locale\" content=\"fr_FR\" \/>\n<meta property=\"og:type\" content=\"article\" \/>\n<meta property=\"og:title\" content=\"Produit cure NATURA - DOGGYNESS\" \/>\n<meta property=\"og:description\" content=\"Cours collectifs pour chiens : socialisation, ob\u00e9issance et \u00e9ducation semi positive avec un professionnel canin. S\u00e9ances en petit groupe pour tous les niveaux.\" \/>\n<meta property=\"og:url\" content=\"https:\/\/www.doggyness.fr\/index.php\/boutique\/soin_et_serenite\/produit_cure_natura\/\" \/>\n<meta property=\"og:site_name\" content=\"DOGGYNESS\" \/>\n<meta property=\"article:modified_time\" content=\"2026-04-25T14:26:04+00:00\" \/>\n<meta property=\"og:image\" content=\"https:\/\/www.doggyness.fr\/wp-content\/uploads\/2025\/12\/couverture-natura.jpg\" \/>\n<meta name=\"twitter:card\" content=\"summary_large_image\" \/>\n<meta name=\"twitter:label1\" content=\"Dur\u00e9e de lecture estim\u00e9e\" \/>\n\t<meta name=\"twitter:data1\" content=\"2 minutes\" \/>\n<script type=\"application\/ld+json\" class=\"yoast-schema-graph\">{\"@context\":\"https:\\\/\\\/schema.org\",\"@graph\":[{\"@type\":\"WebPage\",\"@id\":\"https:\\\/\\\/www.doggyness.fr\\\/index.php\\\/boutique\\\/soin_et_serenite\\\/produit_cure_natura\\\/\",\"url\":\"https:\\\/\\\/www.doggyness.fr\\\/index.php\\\/boutique\\\/soin_et_serenite\\\/produit_cure_natura\\\/\",\"name\":\"Produit cure NATURA - DOGGYNESS\",\"isPartOf\":{\"@id\":\"https:\\\/\\\/www.doggyness.fr\\\/#website\"},\"primaryImageOfPage\":{\"@id\":\"https:\\\/\\\/www.doggyness.fr\\\/index.php\\\/boutique\\\/soin_et_serenite\\\/produit_cure_natura\\\/#primaryimage\"},\"image\":{\"@id\":\"https:\\\/\\\/www.doggyness.fr\\\/index.php\\\/boutique\\\/soin_et_serenite\\\/produit_cure_natura\\\/#primaryimage\"},\"thumbnailUrl\":\"https:\\\/\\\/www.doggyness.fr\\\/wp-content\\\/uploads\\\/2025\\\/12\\\/couverture-natura.jpg\",\"datePublished\":\"2026-04-25T13:59:20+00:00\",\"dateModified\":\"2026-04-25T14:26:04+00:00\",\"description\":\"Cours collectifs pour chiens : socialisation, ob\u00e9issance et \u00e9ducation semi positive avec un professionnel canin. S\u00e9ances en petit groupe pour tous les niveaux.\",\"breadcrumb\":{\"@id\":\"https:\\\/\\\/www.doggyness.fr\\\/index.php\\\/boutique\\\/soin_et_serenite\\\/produit_cure_natura\\\/#breadcrumb\"},\"inLanguage\":\"fr-FR\",\"potentialAction\":[{\"@type\":\"ReadAction\",\"target\":[\"https:\\\/\\\/www.doggyness.fr\\\/index.php\\\/boutique\\\/soin_et_serenite\\\/produit_cure_natura\\\/\"]}]},{\"@type\":\"ImageObject\",\"inLanguage\":\"fr-FR\",\"@id\":\"https:\\\/\\\/www.doggyness.fr\\\/index.php\\\/boutique\\\/soin_et_serenite\\\/produit_cure_natura\\\/#primaryimage\",\"url\":\"https:\\\/\\\/i0.wp.com\\\/www.doggyness.fr\\\/wp-content\\\/uploads\\\/2025\\\/12\\\/couverture-natura.jpg?fit=1000%2C1000&ssl=1\",\"contentUrl\":\"https:\\\/\\\/i0.wp.com\\\/www.doggyness.fr\\\/wp-content\\\/uploads\\\/2025\\\/12\\\/couverture-natura.jpg?fit=1000%2C1000&ssl=1\",\"width\":1000,\"height\":1000},{\"@type\":\"BreadcrumbList\",\"@id\":\"https:\\\/\\\/www.doggyness.fr\\\/index.php\\\/boutique\\\/soin_et_serenite\\\/produit_cure_natura\\\/#breadcrumb\",\"itemListElement\":[{\"@type\":\"ListItem\",\"position\":1,\"name\":\"Accueil\",\"item\":\"https:\\\/\\\/www.doggyness.fr\\\/\"},{\"@type\":\"ListItem\",\"position\":2,\"name\":\"Boutique\",\"item\":\"https:\\\/\\\/www.doggyness.fr\\\/index.php\\\/boutique\\\/\"},{\"@type\":\"ListItem\",\"position\":3,\"name\":\"Soin et s\u00e9r\u00e9nit\u00e9\",\"item\":\"https:\\\/\\\/www.doggyness.fr\\\/index.php\\\/boutique\\\/soin_et_serenite\\\/\"},{\"@type\":\"ListItem\",\"position\":4,\"name\":\"Produit cure NATURA\"}]},{\"@type\":\"WebSite\",\"@id\":\"https:\\\/\\\/www.doggyness.fr\\\/#website\",\"url\":\"https:\\\/\\\/www.doggyness.fr\\\/\",\"name\":\"Doggyness\",\"description\":\"EDUQUER AVEC LE COEUR\",\"publisher\":{\"@id\":\"https:\\\/\\\/www.doggyness.fr\\\/#organization\"},\"potentialAction\":[{\"@type\":\"SearchAction\",\"target\":{\"@type\":\"EntryPoint\",\"urlTemplate\":\"https:\\\/\\\/www.doggyness.fr\\\/?s={search_term_string}\"},\"query-input\":{\"@type\":\"PropertyValueSpecification\",\"valueRequired\":true,\"valueName\":\"search_term_string\"}}],\"inLanguage\":\"fr-FR\"},{\"@type\":\"Organization\",\"@id\":\"https:\\\/\\\/www.doggyness.fr\\\/#organization\",\"name\":\"Doggyness\",\"url\":\"https:\\\/\\\/www.doggyness.fr\\\/\",\"logo\":{\"@type\":\"ImageObject\",\"inLanguage\":\"fr-FR\",\"@id\":\"https:\\\/\\\/www.doggyness.fr\\\/#\\\/schema\\\/logo\\\/image\\\/\",\"url\":\"https:\\\/\\\/i0.wp.com\\\/www.doggyness.fr\\\/wp-content\\\/uploads\\\/2023\\\/06\\\/Logo_av_nom_new_400x47.png?fit=400%2C47&ssl=1\",\"contentUrl\":\"https:\\\/\\\/i0.wp.com\\\/www.doggyness.fr\\\/wp-content\\\/uploads\\\/2023\\\/06\\\/Logo_av_nom_new_400x47.png?fit=400%2C47&ssl=1\",\"width\":400,\"height\":47,\"caption\":\"Doggyness\"},\"image\":{\"@id\":\"https:\\\/\\\/www.doggyness.fr\\\/#\\\/schema\\\/logo\\\/image\\\/\"}}]}<\/script>\n<!-- \/ Yoast SEO plugin. -->","yoast_head_json":{"title":"Produit cure NATURA - DOGGYNESS","description":"Cours collectifs pour chiens : socialisation, ob\u00e9issance et \u00e9ducation semi positive avec un professionnel canin. S\u00e9ances en petit groupe pour tous les niveaux.","robots":{"index":"index","follow":"follow","max-snippet":"max-snippet:-1","max-image-preview":"max-image-preview:large","max-video-preview":"max-video-preview:-1"},"canonical":"https:\/\/www.doggyness.fr\/index.php\/boutique\/soin_et_serenite\/produit_cure_natura\/","og_locale":"fr_FR","og_type":"article","og_title":"Produit cure NATURA - DOGGYNESS","og_description":"Cours collectifs pour chiens : socialisation, ob\u00e9issance et \u00e9ducation semi positive avec un professionnel canin. S\u00e9ances en petit groupe pour tous les niveaux.","og_url":"https:\/\/www.doggyness.fr\/index.php\/boutique\/soin_et_serenite\/produit_cure_natura\/","og_site_name":"DOGGYNESS","article_modified_time":"2026-04-25T14:26:04+00:00","og_image":[{"url":"https:\/\/www.doggyness.fr\/wp-content\/uploads\/2025\/12\/couverture-natura.jpg","type":"","width":"","height":""}],"twitter_card":"summary_large_image","twitter_misc":{"Dur\u00e9e de lecture estim\u00e9e":"2 minutes"},"schema":{"@context":"https:\/\/schema.org","@graph":[{"@type":"WebPage","@id":"https:\/\/www.doggyness.fr\/index.php\/boutique\/soin_et_serenite\/produit_cure_natura\/","url":"https:\/\/www.doggyness.fr\/index.php\/boutique\/soin_et_serenite\/produit_cure_natura\/","name":"Produit cure NATURA - DOGGYNESS","isPartOf":{"@id":"https:\/\/www.doggyness.fr\/#website"},"primaryImageOfPage":{"@id":"https:\/\/www.doggyness.fr\/index.php\/boutique\/soin_et_serenite\/produit_cure_natura\/#primaryimage"},"image":{"@id":"https:\/\/www.doggyness.fr\/index.php\/boutique\/soin_et_serenite\/produit_cure_natura\/#primaryimage"},"thumbnailUrl":"https:\/\/www.doggyness.fr\/wp-content\/uploads\/2025\/12\/couverture-natura.jpg","datePublished":"2026-04-25T13:59:20+00:00","dateModified":"2026-04-25T14:26:04+00:00","description":"Cours collectifs pour chiens : socialisation, ob\u00e9issance et \u00e9ducation semi positive avec un professionnel canin. S\u00e9ances en petit groupe pour tous les niveaux.","breadcrumb":{"@id":"https:\/\/www.doggyness.fr\/index.php\/boutique\/soin_et_serenite\/produit_cure_natura\/#breadcrumb"},"inLanguage":"fr-FR","potentialAction":[{"@type":"ReadAction","target":["https:\/\/www.doggyness.fr\/index.php\/boutique\/soin_et_serenite\/produit_cure_natura\/"]}]},{"@type":"ImageObject","inLanguage":"fr-FR","@id":"https:\/\/www.doggyness.fr\/index.php\/boutique\/soin_et_serenite\/produit_cure_natura\/#primaryimage","url":"https:\/\/i0.wp.com\/www.doggyness.fr\/wp-content\/uploads\/2025\/12\/couverture-natura.jpg?fit=1000%2C1000&ssl=1","contentUrl":"https:\/\/i0.wp.com\/www.doggyness.fr\/wp-content\/uploads\/2025\/12\/couverture-natura.jpg?fit=1000%2C1000&ssl=1","width":1000,"height":1000},{"@type":"BreadcrumbList","@id":"https:\/\/www.doggyness.fr\/index.php\/boutique\/soin_et_serenite\/produit_cure_natura\/#breadcrumb","itemListElement":[{"@type":"ListItem","position":1,"name":"Accueil","item":"https:\/\/www.doggyness.fr\/"},{"@type":"ListItem","position":2,"name":"Boutique","item":"https:\/\/www.doggyness.fr\/index.php\/boutique\/"},{"@type":"ListItem","position":3,"name":"Soin et s\u00e9r\u00e9nit\u00e9","item":"https:\/\/www.doggyness.fr\/index.php\/boutique\/soin_et_serenite\/"},{"@type":"ListItem","position":4,"name":"Produit cure NATURA"}]},{"@type":"WebSite","@id":"https:\/\/www.doggyness.fr\/#website","url":"https:\/\/www.doggyness.fr\/","name":"Doggyness","description":"EDUQUER AVEC LE COEUR","publisher":{"@id":"https:\/\/www.doggyness.fr\/#organization"},"potentialAction":[{"@type":"SearchAction","target":{"@type":"EntryPoint","urlTemplate":"https:\/\/www.doggyness.fr\/?s={search_term_string}"},"query-input":{"@type":"PropertyValueSpecification","valueRequired":true,"valueName":"search_term_string"}}],"inLanguage":"fr-FR"},{"@type":"Organization","@id":"https:\/\/www.doggyness.fr\/#organization","name":"Doggyness","url":"https:\/\/www.doggyness.fr\/","logo":{"@type":"ImageObject","inLanguage":"fr-FR","@id":"https:\/\/www.doggyness.fr\/#\/schema\/logo\/image\/","url":"https:\/\/i0.wp.com\/www.doggyness.fr\/wp-content\/uploads\/2023\/06\/Logo_av_nom_new_400x47.png?fit=400%2C47&ssl=1","contentUrl":"https:\/\/i0.wp.com\/www.doggyness.fr\/wp-content\/uploads\/2023\/06\/Logo_av_nom_new_400x47.png?fit=400%2C47&ssl=1","width":400,"height":47,"caption":"Doggyness"},"image":{"@id":"https:\/\/www.doggyness.fr\/#\/schema\/logo\/image\/"}}]}},"jetpack_sharing_enabled":true,"_links":{"self":[{"href":"https:\/\/www.doggyness.fr\/index.php\/wp-json\/wp\/v2\/pages\/12531","targetHints":{"allow":["GET"]}}],"collection":[{"href":"https:\/\/www.doggyness.fr\/index.php\/wp-json\/wp\/v2\/pages"}],"about":[{"href":"https:\/\/www.doggyness.fr\/index.php\/wp-json\/wp\/v2\/types\/page"}],"author":[{"embeddable":true,"href":"https:\/\/www.doggyness.fr\/index.php\/wp-json\/wp\/v2\/users\/3"}],"replies":[{"embeddable":true,"href":"https:\/\/www.doggyness.fr\/index.php\/wp-json\/wp\/v2\/comments?post=12531"}],"version-history":[{"count":4,"href":"https:\/\/www.doggyness.fr\/index.php\/wp-json\/wp\/v2\/pages\/12531\/revisions"}],"predecessor-version":[{"id":12537,"href":"https:\/\/www.doggyness.fr\/index.php\/wp-json\/wp\/v2\/pages\/12531\/revisions\/12537"}],"up":[{"embeddable":true,"href":"https:\/\/www.doggyness.fr\/index.php\/wp-json\/wp\/v2\/pages\/12514"}],"wp:attachment":[{"href":"https:\/\/www.doggyness.fr\/index.php\/wp-json\/wp\/v2\/media?parent=12531"}],"curies":[{"name":"wp","href":"https:\/\/api.w.org\/{rel}","templated":true}]}}