{"id":12514,"date":"2026-04-25T14:59:17","date_gmt":"2026-04-25T12:59:17","guid":{"rendered":"https:\/\/www.doggyness.fr\/?page_id=12514"},"modified":"2026-04-25T20:45:29","modified_gmt":"2026-04-25T18:45:29","slug":"soin_et_serenite","status":"publish","type":"page","link":"https:\/\/www.doggyness.fr\/index.php\/boutique\/soin_et_serenite\/","title":{"rendered":"Soin et s\u00e9r\u00e9nit\u00e9"},"content":{"rendered":"\n<div class=\"wp-block-stackable-columns stk-block-columns stk-block stk-2062865\" data-block-id=\"2062865\"><div class=\"stk-row stk-inner-blocks stk-block-content stk-content-align stk-2062865-column\">\n<div class=\"wp-block-stackable-column stk-block-column stk-column stk-block stk-6a8f5a8\" data-v=\"4\" data-block-id=\"6a8f5a8\"><style>.stk-6a8f5a8-container{padding-top:2em !important;padding-right:2em !important;padding-bottom:2em !important;padding-left:2em !important;}<\/style><div class=\"stk-column-wrapper stk-block-column__content stk-container stk-6a8f5a8-container stk--no-background stk--no-padding\"><div class=\"stk-block-content stk-inner-blocks stk-6a8f5a8-inner-blocks\">\n<h2 class=\"wp-block-heading\" id=\"family\" style=\"font-size:clamp(24.034px, 1.502rem + ((1vw - 3.2px) * 1.247), 40px);\">Cure NATURA<\/h2>\n\n\n\n<div class=\"wp-block-media-text is-stacked-on-mobile\" style=\"grid-template-columns:46% auto\"><figure class=\"wp-block-media-text__media\"><img data-recalc-dims=\"1\" loading=\"lazy\" decoding=\"async\" width=\"1000\" height=\"1000\" src=\"https:\/\/i0.wp.com\/www.doggyness.fr\/wp-content\/uploads\/2025\/12\/couverture-terra.jpg?resize=1000%2C1000&#038;ssl=1\" alt=\"\" class=\"wp-image-11916 size-full\" srcset=\"https:\/\/i0.wp.com\/www.doggyness.fr\/wp-content\/uploads\/2025\/12\/couverture-terra.jpg?w=1000&amp;ssl=1 1000w, https:\/\/i0.wp.com\/www.doggyness.fr\/wp-content\/uploads\/2025\/12\/couverture-terra.jpg?resize=300%2C300&amp;ssl=1 300w, https:\/\/i0.wp.com\/www.doggyness.fr\/wp-content\/uploads\/2025\/12\/couverture-terra.jpg?resize=150%2C150&amp;ssl=1 150w, https:\/\/i0.wp.com\/www.doggyness.fr\/wp-content\/uploads\/2025\/12\/couverture-terra.jpg?resize=768%2C768&amp;ssl=1 768w, https:\/\/i0.wp.com\/www.doggyness.fr\/wp-content\/uploads\/2025\/12\/couverture-terra.jpg?resize=145%2C145&amp;ssl=1 145w, https:\/\/i0.wp.com\/www.doggyness.fr\/wp-content\/uploads\/2025\/12\/couverture-terra.jpg?resize=50%2C50&amp;ssl=1 50w, https:\/\/i0.wp.com\/www.doggyness.fr\/wp-content\/uploads\/2025\/12\/couverture-terra.jpg?resize=222%2C222&amp;ssl=1 222w, https:\/\/i0.wp.com\/www.doggyness.fr\/wp-content\/uploads\/2025\/12\/couverture-terra.jpg?resize=400%2C400&amp;ssl=1 400w, https:\/\/i0.wp.com\/www.doggyness.fr\/wp-content\/uploads\/2025\/12\/couverture-terra.jpg?resize=100%2C100&amp;ssl=1 100w\" sizes=\"auto, (max-width: 1000px) 100vw, 1000px\" \/><\/figure><div class=\"wp-block-media-text__content\">\n<p>Dur\u00e9e:&nbsp;<strong>1 h<\/strong><\/p>\n\n\n\n<p>Prix:\u00a0de<strong> 55 \u00e0 75 \u20ac <\/strong>TTC<\/p>\n\n\n\n<p><\/p>\n\n\n\n<div class=\"wp-block-buttons is-layout-flex wp-block-buttons-is-layout-flex\">\n<div class=\"wp-block-button\"><a class=\"wp-block-button__link wp-element-button\" href=\"https:\/\/www.doggyness.fr\/index.php\/produit_cure_natura\/\" target=\"_blank\" rel=\"noreferrer noopener\">D\u00e9tails<\/a><\/div>\n<\/div>\n<\/div><\/div>\n\n\n\n<hr class=\"wp-block-separator has-css-opacity is-style-wide\"\/>\n<\/div><\/div><\/div>\n\n\n\n<div class=\"wp-block-stackable-column stk-block-column stk-column stk-block stk-7914d95\" data-v=\"4\" data-block-id=\"7914d95\"><style>.stk-7914d95-container{padding-top:2em !important;padding-right:2em !important;padding-bottom:2em !important;padding-left:2em !important;}<\/style><div class=\"stk-column-wrapper stk-block-column__content stk-container stk-7914d95-container stk--no-background stk--no-padding\"><div class=\"stk-block-content stk-inner-blocks stk-7914d95-inner-blocks\">\n<h2 class=\"wp-block-heading\" id=\"single\" style=\"font-size:clamp(24.034px, 1.502rem + ((1vw - 3.2px) * 1.247), 40px);\">PATTUCURE<strong> <\/strong><\/h2>\n\n\n\n<div class=\"wp-block-media-text is-stacked-on-mobile\"><figure class=\"wp-block-media-text__media\"><img data-recalc-dims=\"1\" loading=\"lazy\" decoding=\"async\" width=\"1000\" height=\"1000\" src=\"https:\/\/i0.wp.com\/www.doggyness.fr\/wp-content\/uploads\/2025\/12\/couverture-pattucure.jpg?resize=1000%2C1000&#038;ssl=1\" alt=\"\" class=\"wp-image-11986 size-full\" srcset=\"https:\/\/i0.wp.com\/www.doggyness.fr\/wp-content\/uploads\/2025\/12\/couverture-pattucure.jpg?w=1000&amp;ssl=1 1000w, https:\/\/i0.wp.com\/www.doggyness.fr\/wp-content\/uploads\/2025\/12\/couverture-pattucure.jpg?resize=300%2C300&amp;ssl=1 300w, https:\/\/i0.wp.com\/www.doggyness.fr\/wp-content\/uploads\/2025\/12\/couverture-pattucure.jpg?resize=150%2C150&amp;ssl=1 150w, https:\/\/i0.wp.com\/www.doggyness.fr\/wp-content\/uploads\/2025\/12\/couverture-pattucure.jpg?resize=768%2C768&amp;ssl=1 768w, https:\/\/i0.wp.com\/www.doggyness.fr\/wp-content\/uploads\/2025\/12\/couverture-pattucure.jpg?resize=145%2C145&amp;ssl=1 145w, https:\/\/i0.wp.com\/www.doggyness.fr\/wp-content\/uploads\/2025\/12\/couverture-pattucure.jpg?resize=50%2C50&amp;ssl=1 50w, https:\/\/i0.wp.com\/www.doggyness.fr\/wp-content\/uploads\/2025\/12\/couverture-pattucure.jpg?resize=222%2C222&amp;ssl=1 222w, https:\/\/i0.wp.com\/www.doggyness.fr\/wp-content\/uploads\/2025\/12\/couverture-pattucure.jpg?resize=400%2C400&amp;ssl=1 400w, https:\/\/i0.wp.com\/www.doggyness.fr\/wp-content\/uploads\/2025\/12\/couverture-pattucure.jpg?resize=100%2C100&amp;ssl=1 100w\" sizes=\"auto, (max-width: 1000px) 100vw, 1000px\" \/><\/figure><div class=\"wp-block-media-text__content\">\n<p>Dur\u00e9e:&nbsp;<strong>1 h<\/strong><\/p>\n\n\n\n<p>Prix:\u00a0de <strong><strong>30 \u00e0\u00a0\u00a040 \u20ac<\/strong><\/strong> TTC<\/p>\n\n\n\n<p><\/p>\n\n\n\n<div class=\"wp-block-buttons is-layout-flex wp-block-buttons-is-layout-flex\">\n<div class=\"wp-block-button\"><a class=\"wp-block-button__link wp-element-button\" href=\"https:\/\/www.doggyness.fr\/index.php\/produit_pattucure\/\" target=\"_blank\" rel=\"noreferrer noopener\">D\u00e9tails<\/a><\/div>\n<\/div>\n<\/div><\/div>\n\n\n\n<hr class=\"wp-block-separator has-text-color has-css-opacity has-background is-style-wide\" style=\"background-color:#000000;color:#000000\"\/>\n<\/div><\/div><\/div>\n<\/div><\/div>\n\n\n\n<div class=\"wp-block-stackable-columns stk-block-columns stk-block stk-7e9322c\" data-block-id=\"7e9322c\"><div class=\"stk-row stk-inner-blocks stk-block-content stk-content-align stk-7e9322c-column\">\n<div class=\"wp-block-stackable-column stk-block-column stk-column stk-block stk-389251a\" data-v=\"4\" data-block-id=\"389251a\"><style>@media screen and (min-width:690px){.stk-389251a {flex:var(--stk-flex-grow, 1) 1 25% !important;}}<\/style><div class=\"stk-column-wrapper stk-block-column__content stk-container stk-389251a-container stk--no-background stk--no-padding\"><div class=\"stk-block-content stk-inner-blocks stk-389251a-inner-blocks\"><\/div><\/div><\/div>\n\n\n\n<div class=\"wp-block-stackable-column stk-block-column stk-column stk-block stk-1cddecd\" data-v=\"4\" data-block-id=\"1cddecd\"><style>@media screen and (min-width:690px){.stk-1cddecd {flex:var(--stk-flex-grow, 1) 1 25% !important;}}<\/style><div class=\"stk-column-wrapper stk-block-column__content stk-container stk-1cddecd-container stk--no-background stk--no-padding\"><div class=\"stk-block-content stk-inner-blocks stk-1cddecd-inner-blocks\"><\/div><\/div><\/div>\n\n\n\n<div class=\"wp-block-stackable-column stk-block-column stk-column stk-block stk-4d346b6\" data-v=\"4\" data-block-id=\"4d346b6\"><style>@media screen and (min-width:690px){.stk-4d346b6 {flex:var(--stk-flex-grow, 1) 1 25% !important;}}<\/style><div class=\"stk-column-wrapper stk-block-column__content stk-container stk-4d346b6-container stk--no-background stk--no-padding\"><div class=\"stk-block-content stk-inner-blocks stk-4d346b6-inner-blocks\"><\/div><\/div><\/div>\n\n\n\n<div class=\"wp-block-stackable-column stk-block-column stk-column stk-block stk-2cabf6a\" data-v=\"4\" data-block-id=\"2cabf6a\"><style>@media screen and (min-width:690px){.stk-2cabf6a {flex:var(--stk-flex-grow, 1) 1 25% !important;}}<\/style><div class=\"stk-column-wrapper stk-block-column__content stk-container stk-2cabf6a-container stk--no-background stk--no-padding\"><div class=\"stk-block-content stk-inner-blocks stk-2cabf6a-inner-blocks\"><\/div><\/div><\/div>\n<\/div><\/div>\n\n\n\n<p><\/p>\n","protected":false},"excerpt":{"rendered":"<p>Cure NATURA Dur\u00e9e:&nbsp;1 h Prix:\u00a0de 55 \u00e0 75 \u20ac TTC PATTUCURE Dur\u00e9e:&nbsp;1 h Prix:\u00a0de 30 \u00e0\u00a0\u00a040 \u20ac TTC<\/p>\n","protected":false},"author":2,"featured_media":0,"parent":12569,"menu_order":0,"comment_status":"closed","ping_status":"closed","template":"","meta":{"footnotes":""},"class_list":["post-12514","page","type-page","status-publish","hentry"],"blocksy_meta":[],"yoast_head":"<!-- This site is optimized with the Yoast SEO plugin v27.4 - https:\/\/yoast.com\/product\/yoast-seo-wordpress\/ -->\n<title>Soin et s\u00e9r\u00e9nit\u00e9 - DOGGYNESS<\/title>\n<meta name=\"robots\" content=\"index, follow, max-snippet:-1, max-image-preview:large, max-video-preview:-1\" \/>\n<link rel=\"canonical\" href=\"https:\/\/www.doggyness.fr\/index.php\/boutique\/soin_et_serenite\/\" \/>\n<meta property=\"og:locale\" content=\"fr_FR\" \/>\n<meta property=\"og:type\" content=\"article\" \/>\n<meta property=\"og:title\" content=\"Soin et s\u00e9r\u00e9nit\u00e9 - DOGGYNESS\" \/>\n<meta property=\"og:description\" content=\"Cure NATURA Dur\u00e9e:&nbsp;1 h Prix:\u00a0de 55 \u00e0 75 \u20ac TTC PATTUCURE Dur\u00e9e:&nbsp;1 h Prix:\u00a0de 30 \u00e0\u00a0\u00a040 \u20ac TTC\" \/>\n<meta property=\"og:url\" content=\"https:\/\/www.doggyness.fr\/index.php\/boutique\/soin_et_serenite\/\" \/>\n<meta property=\"og:site_name\" content=\"DOGGYNESS\" \/>\n<meta property=\"article:modified_time\" content=\"2026-04-25T18:45:29+00:00\" \/>\n<meta property=\"og:image\" content=\"https:\/\/www.doggyness.fr\/wp-content\/uploads\/2025\/12\/couverture-terra.jpg\" \/>\n<meta name=\"twitter:card\" content=\"summary_large_image\" \/>\n<meta name=\"twitter:label1\" content=\"Dur\u00e9e de lecture estim\u00e9e\" \/>\n\t<meta name=\"twitter:data1\" content=\"1 minute\" \/>\n<script type=\"application\/ld+json\" class=\"yoast-schema-graph\">{\"@context\":\"https:\\\/\\\/schema.org\",\"@graph\":[{\"@type\":\"WebPage\",\"@id\":\"https:\\\/\\\/www.doggyness.fr\\\/index.php\\\/boutique\\\/soin_et_serenite\\\/\",\"url\":\"https:\\\/\\\/www.doggyness.fr\\\/index.php\\\/boutique\\\/soin_et_serenite\\\/\",\"name\":\"Soin et s\u00e9r\u00e9nit\u00e9 - DOGGYNESS\",\"isPartOf\":{\"@id\":\"https:\\\/\\\/www.doggyness.fr\\\/#website\"},\"primaryImageOfPage\":{\"@id\":\"https:\\\/\\\/www.doggyness.fr\\\/index.php\\\/boutique\\\/soin_et_serenite\\\/#primaryimage\"},\"image\":{\"@id\":\"https:\\\/\\\/www.doggyness.fr\\\/index.php\\\/boutique\\\/soin_et_serenite\\\/#primaryimage\"},\"thumbnailUrl\":\"https:\\\/\\\/www.doggyness.fr\\\/wp-content\\\/uploads\\\/2025\\\/12\\\/couverture-terra.jpg\",\"datePublished\":\"2026-04-25T12:59:17+00:00\",\"dateModified\":\"2026-04-25T18:45:29+00:00\",\"breadcrumb\":{\"@id\":\"https:\\\/\\\/www.doggyness.fr\\\/index.php\\\/boutique\\\/soin_et_serenite\\\/#breadcrumb\"},\"inLanguage\":\"fr-FR\",\"potentialAction\":[{\"@type\":\"ReadAction\",\"target\":[\"https:\\\/\\\/www.doggyness.fr\\\/index.php\\\/boutique\\\/soin_et_serenite\\\/\"]}]},{\"@type\":\"ImageObject\",\"inLanguage\":\"fr-FR\",\"@id\":\"https:\\\/\\\/www.doggyness.fr\\\/index.php\\\/boutique\\\/soin_et_serenite\\\/#primaryimage\",\"url\":\"https:\\\/\\\/i0.wp.com\\\/www.doggyness.fr\\\/wp-content\\\/uploads\\\/2025\\\/12\\\/couverture-terra.jpg?fit=1000%2C1000&ssl=1\",\"contentUrl\":\"https:\\\/\\\/i0.wp.com\\\/www.doggyness.fr\\\/wp-content\\\/uploads\\\/2025\\\/12\\\/couverture-terra.jpg?fit=1000%2C1000&ssl=1\",\"width\":1000,\"height\":1000},{\"@type\":\"BreadcrumbList\",\"@id\":\"https:\\\/\\\/www.doggyness.fr\\\/index.php\\\/boutique\\\/soin_et_serenite\\\/#breadcrumb\",\"itemListElement\":[{\"@type\":\"ListItem\",\"position\":1,\"name\":\"Accueil\",\"item\":\"https:\\\/\\\/www.doggyness.fr\\\/\"},{\"@type\":\"ListItem\",\"position\":2,\"name\":\"Boutique\",\"item\":\"https:\\\/\\\/www.doggyness.fr\\\/index.php\\\/boutique\\\/\"},{\"@type\":\"ListItem\",\"position\":3,\"name\":\"Soin et s\u00e9r\u00e9nit\u00e9\"}]},{\"@type\":\"WebSite\",\"@id\":\"https:\\\/\\\/www.doggyness.fr\\\/#website\",\"url\":\"https:\\\/\\\/www.doggyness.fr\\\/\",\"name\":\"Doggyness\",\"description\":\"EDUQUER AVEC LE COEUR\",\"publisher\":{\"@id\":\"https:\\\/\\\/www.doggyness.fr\\\/#organization\"},\"potentialAction\":[{\"@type\":\"SearchAction\",\"target\":{\"@type\":\"EntryPoint\",\"urlTemplate\":\"https:\\\/\\\/www.doggyness.fr\\\/?s={search_term_string}\"},\"query-input\":{\"@type\":\"PropertyValueSpecification\",\"valueRequired\":true,\"valueName\":\"search_term_string\"}}],\"inLanguage\":\"fr-FR\"},{\"@type\":\"Organization\",\"@id\":\"https:\\\/\\\/www.doggyness.fr\\\/#organization\",\"name\":\"Doggyness\",\"url\":\"https:\\\/\\\/www.doggyness.fr\\\/\",\"logo\":{\"@type\":\"ImageObject\",\"inLanguage\":\"fr-FR\",\"@id\":\"https:\\\/\\\/www.doggyness.fr\\\/#\\\/schema\\\/logo\\\/image\\\/\",\"url\":\"https:\\\/\\\/i0.wp.com\\\/www.doggyness.fr\\\/wp-content\\\/uploads\\\/2023\\\/06\\\/Logo_av_nom_new_400x47.png?fit=400%2C47&ssl=1\",\"contentUrl\":\"https:\\\/\\\/i0.wp.com\\\/www.doggyness.fr\\\/wp-content\\\/uploads\\\/2023\\\/06\\\/Logo_av_nom_new_400x47.png?fit=400%2C47&ssl=1\",\"width\":400,\"height\":47,\"caption\":\"Doggyness\"},\"image\":{\"@id\":\"https:\\\/\\\/www.doggyness.fr\\\/#\\\/schema\\\/logo\\\/image\\\/\"}}]}<\/script>\n<!-- \/ Yoast SEO plugin. -->","yoast_head_json":{"title":"Soin et s\u00e9r\u00e9nit\u00e9 - DOGGYNESS","robots":{"index":"index","follow":"follow","max-snippet":"max-snippet:-1","max-image-preview":"max-image-preview:large","max-video-preview":"max-video-preview:-1"},"canonical":"https:\/\/www.doggyness.fr\/index.php\/boutique\/soin_et_serenite\/","og_locale":"fr_FR","og_type":"article","og_title":"Soin et s\u00e9r\u00e9nit\u00e9 - DOGGYNESS","og_description":"Cure NATURA Dur\u00e9e:&nbsp;1 h Prix:\u00a0de 55 \u00e0 75 \u20ac TTC PATTUCURE Dur\u00e9e:&nbsp;1 h Prix:\u00a0de 30 \u00e0\u00a0\u00a040 \u20ac TTC","og_url":"https:\/\/www.doggyness.fr\/index.php\/boutique\/soin_et_serenite\/","og_site_name":"DOGGYNESS","article_modified_time":"2026-04-25T18:45:29+00:00","og_image":[{"url":"https:\/\/www.doggyness.fr\/wp-content\/uploads\/2025\/12\/couverture-terra.jpg","type":"","width":"","height":""}],"twitter_card":"summary_large_image","twitter_misc":{"Dur\u00e9e de lecture estim\u00e9e":"1 minute"},"schema":{"@context":"https:\/\/schema.org","@graph":[{"@type":"WebPage","@id":"https:\/\/www.doggyness.fr\/index.php\/boutique\/soin_et_serenite\/","url":"https:\/\/www.doggyness.fr\/index.php\/boutique\/soin_et_serenite\/","name":"Soin et s\u00e9r\u00e9nit\u00e9 - DOGGYNESS","isPartOf":{"@id":"https:\/\/www.doggyness.fr\/#website"},"primaryImageOfPage":{"@id":"https:\/\/www.doggyness.fr\/index.php\/boutique\/soin_et_serenite\/#primaryimage"},"image":{"@id":"https:\/\/www.doggyness.fr\/index.php\/boutique\/soin_et_serenite\/#primaryimage"},"thumbnailUrl":"https:\/\/www.doggyness.fr\/wp-content\/uploads\/2025\/12\/couverture-terra.jpg","datePublished":"2026-04-25T12:59:17+00:00","dateModified":"2026-04-25T18:45:29+00:00","breadcrumb":{"@id":"https:\/\/www.doggyness.fr\/index.php\/boutique\/soin_et_serenite\/#breadcrumb"},"inLanguage":"fr-FR","potentialAction":[{"@type":"ReadAction","target":["https:\/\/www.doggyness.fr\/index.php\/boutique\/soin_et_serenite\/"]}]},{"@type":"ImageObject","inLanguage":"fr-FR","@id":"https:\/\/www.doggyness.fr\/index.php\/boutique\/soin_et_serenite\/#primaryimage","url":"https:\/\/i0.wp.com\/www.doggyness.fr\/wp-content\/uploads\/2025\/12\/couverture-terra.jpg?fit=1000%2C1000&ssl=1","contentUrl":"https:\/\/i0.wp.com\/www.doggyness.fr\/wp-content\/uploads\/2025\/12\/couverture-terra.jpg?fit=1000%2C1000&ssl=1","width":1000,"height":1000},{"@type":"BreadcrumbList","@id":"https:\/\/www.doggyness.fr\/index.php\/boutique\/soin_et_serenite\/#breadcrumb","itemListElement":[{"@type":"ListItem","position":1,"name":"Accueil","item":"https:\/\/www.doggyness.fr\/"},{"@type":"ListItem","position":2,"name":"Boutique","item":"https:\/\/www.doggyness.fr\/index.php\/boutique\/"},{"@type":"ListItem","position":3,"name":"Soin et s\u00e9r\u00e9nit\u00e9"}]},{"@type":"WebSite","@id":"https:\/\/www.doggyness.fr\/#website","url":"https:\/\/www.doggyness.fr\/","name":"Doggyness","description":"EDUQUER AVEC LE COEUR","publisher":{"@id":"https:\/\/www.doggyness.fr\/#organization"},"potentialAction":[{"@type":"SearchAction","target":{"@type":"EntryPoint","urlTemplate":"https:\/\/www.doggyness.fr\/?s={search_term_string}"},"query-input":{"@type":"PropertyValueSpecification","valueRequired":true,"valueName":"search_term_string"}}],"inLanguage":"fr-FR"},{"@type":"Organization","@id":"https:\/\/www.doggyness.fr\/#organization","name":"Doggyness","url":"https:\/\/www.doggyness.fr\/","logo":{"@type":"ImageObject","inLanguage":"fr-FR","@id":"https:\/\/www.doggyness.fr\/#\/schema\/logo\/image\/","url":"https:\/\/i0.wp.com\/www.doggyness.fr\/wp-content\/uploads\/2023\/06\/Logo_av_nom_new_400x47.png?fit=400%2C47&ssl=1","contentUrl":"https:\/\/i0.wp.com\/www.doggyness.fr\/wp-content\/uploads\/2023\/06\/Logo_av_nom_new_400x47.png?fit=400%2C47&ssl=1","width":400,"height":47,"caption":"Doggyness"},"image":{"@id":"https:\/\/www.doggyness.fr\/#\/schema\/logo\/image\/"}}]}},"jetpack_sharing_enabled":true,"_links":{"self":[{"href":"https:\/\/www.doggyness.fr\/index.php\/wp-json\/wp\/v2\/pages\/12514","targetHints":{"allow":["GET"]}}],"collection":[{"href":"https:\/\/www.doggyness.fr\/index.php\/wp-json\/wp\/v2\/pages"}],"about":[{"href":"https:\/\/www.doggyness.fr\/index.php\/wp-json\/wp\/v2\/types\/page"}],"author":[{"embeddable":true,"href":"https:\/\/www.doggyness.fr\/index.php\/wp-json\/wp\/v2\/users\/2"}],"replies":[{"embeddable":true,"href":"https:\/\/www.doggyness.fr\/index.php\/wp-json\/wp\/v2\/comments?post=12514"}],"version-history":[{"count":7,"href":"https:\/\/www.doggyness.fr\/index.php\/wp-json\/wp\/v2\/pages\/12514\/revisions"}],"predecessor-version":[{"id":12530,"href":"https:\/\/www.doggyness.fr\/index.php\/wp-json\/wp\/v2\/pages\/12514\/revisions\/12530"}],"up":[{"embeddable":true,"href":"https:\/\/www.doggyness.fr\/index.php\/wp-json\/wp\/v2\/pages\/12569"}],"wp:attachment":[{"href":"https:\/\/www.doggyness.fr\/index.php\/wp-json\/wp\/v2\/media?parent=12514"}],"curies":[{"name":"wp","href":"https:\/\/api.w.org\/{rel}","templated":true}]}}