{"id":12458,"date":"2026-04-11T23:32:57","date_gmt":"2026-04-11T21:32:57","guid":{"rendered":"https:\/\/www.doggyness.fr\/?page_id=12458"},"modified":"2026-04-12T15:22:39","modified_gmt":"2026-04-12T13:22:39","slug":"produit_cours_individuels_test","status":"publish","type":"page","link":"https:\/\/www.doggyness.fr\/index.php\/produit_cours_individuels_test\/","title":{"rendered":"Produit cours individuels test"},"content":{"rendered":"\n<div class=\"wp-block-media-text is-stacked-on-mobile\"><figure class=\"wp-block-media-text__media\"><img data-recalc-dims=\"1\" loading=\"lazy\" decoding=\"async\" width=\"1000\" height=\"975\" src=\"https:\/\/i0.wp.com\/www.doggyness.fr\/wp-content\/uploads\/2025\/05\/pexels-brunocervera-2219928-scaled-1.png?resize=1000%2C975&#038;ssl=1\" alt=\"\" class=\"wp-image-11631 size-full\" srcset=\"https:\/\/i0.wp.com\/www.doggyness.fr\/wp-content\/uploads\/2025\/05\/pexels-brunocervera-2219928-scaled-1.png?w=1000&amp;ssl=1 1000w, https:\/\/i0.wp.com\/www.doggyness.fr\/wp-content\/uploads\/2025\/05\/pexels-brunocervera-2219928-scaled-1.png?resize=300%2C293&amp;ssl=1 300w, https:\/\/i0.wp.com\/www.doggyness.fr\/wp-content\/uploads\/2025\/05\/pexels-brunocervera-2219928-scaled-1.png?resize=768%2C749&amp;ssl=1 768w, https:\/\/i0.wp.com\/www.doggyness.fr\/wp-content\/uploads\/2025\/05\/pexels-brunocervera-2219928-scaled-1.png?resize=50%2C50&amp;ssl=1 50w, https:\/\/i0.wp.com\/www.doggyness.fr\/wp-content\/uploads\/2025\/05\/pexels-brunocervera-2219928-scaled-1.png?resize=400%2C390&amp;ssl=1 400w\" sizes=\"auto, (max-width: 1000px) 100vw, 1000px\" \/><\/figure><div class=\"wp-block-media-text__content\">\n<h1 class=\"wp-block-heading\">Cours individuels<\/h1>\n\n\n\n<p>Partagez une belle exp\u00e9rience avec votre chien et d\u2019autres ma\u00eetres gr\u00e2ce \u00e0 nos cours collectifs canins, anim\u00e9s par des \u00e9ducateurs certifi\u00e9s. Ces s\u00e9ances en petit groupe sont id\u00e9ales pour renforcer l\u2019ob\u00e9issance, encourager la socialisation et am\u00e9liorer le comportement de votre compagnon dans un environnement stimulant et bienveillant.<\/p>\n\n\n\n<p>Prix : 40\u20ac par cours<\/p>\n\n\n\n<div class=\"wp-block-buttons is-layout-flex wp-block-buttons-is-layout-flex\">\n<div class=\"wp-block-button\"><a class=\"wp-block-button__link wp-element-button\" href=\"https:\/\/www.doggyness.fr\/index.php\/prendre-un-rendez-vous-pour-leducation-canine\/\">Prendre un rendez-vous<\/a><\/div>\n<\/div>\n\n\n<div class=\"wpsc_product\"><div class=\"wp_cart_button_wrapper\"><form method=\"post\" class=\"wp-cart-button-form\" action=\"\" style=\"display:inline\" onsubmit=\"return ReadForm(this, true);\" ><input type=\"hidden\" id=\"_wpnonce\" name=\"_wpnonce\" value=\"bb5f2d0f79\" \/><input type=\"hidden\" name=\"_wp_http_referer\" value=\"\/index.php\/wp-json\/wp\/v2\/pages\/12458\" \/><input type=\"submit\" class=\"wspsc_add_cart_submit\" name=\"wspsc_add_cart_submit\" value=\"Ajouter au panier\" \/><input type=\"hidden\" name=\"wspsc_product\" value=\"Cours individuels\" \/><input type=\"hidden\" name=\"price\" value=\"0.40\" \/><input type=\"hidden\" name=\"shipping\" value=\"0\" \/><input type=\"hidden\" name=\"addcart\" value=\"1\" \/><input type=\"hidden\" name=\"cartLink\" value=\"https:\/\/www.doggyness.fr\/wp-json\/wp\/v2\/pages\/12458\" \/><input type=\"hidden\" name=\"product_tmp\" value=\"Cours individuels\" \/><input type=\"hidden\" name=\"product_tmp_two\" value=\"Cours individuels\" \/><input type=\"hidden\" name=\"item_number\" value=\"\" \/><div class=\"wpsc_add_cart_response_div\"><\/div><\/form><\/div><\/div>\n\n\n<div class=\"wpsc_shopping_cart_container\"><\/div>\n<\/div><\/div>\n","protected":false},"excerpt":{"rendered":"","protected":false},"author":2,"featured_media":0,"parent":0,"menu_order":0,"comment_status":"open","ping_status":"closed","template":"","meta":{"footnotes":""},"class_list":["post-12458","page","type-page","status-publish","hentry"],"blocksy_meta":[],"yoast_head":"<!-- This site is optimized with the Yoast SEO plugin v27.3 - https:\/\/yoast.com\/product\/yoast-seo-wordpress\/ -->\n<title>Produit cours individuels test - DOGGYNESS<\/title>\n<meta name=\"description\" content=\"Cours collectifs pour chiens : socialisation, ob\u00e9issance et \u00e9ducation semi positive avec un professionnel canin. S\u00e9ances en petit groupe pour tous les niveaux.\" \/>\n<meta name=\"robots\" content=\"index, follow, max-snippet:-1, max-image-preview:large, max-video-preview:-1\" \/>\n<link rel=\"canonical\" href=\"https:\/\/www.doggyness.fr\/index.php\/produit_cours_individuels_test\/\" \/>\n<meta property=\"og:locale\" content=\"fr_FR\" \/>\n<meta property=\"og:type\" content=\"article\" \/>\n<meta property=\"og:title\" content=\"Produit cours individuels test - DOGGYNESS\" \/>\n<meta property=\"og:description\" content=\"Cours collectifs pour chiens : socialisation, ob\u00e9issance et \u00e9ducation semi positive avec un professionnel canin. S\u00e9ances en petit groupe pour tous les niveaux.\" \/>\n<meta property=\"og:url\" content=\"https:\/\/www.doggyness.fr\/index.php\/produit_cours_individuels_test\/\" \/>\n<meta property=\"og:site_name\" content=\"DOGGYNESS\" \/>\n<meta property=\"article:modified_time\" content=\"2026-04-12T13:22:39+00:00\" \/>\n<meta property=\"og:image\" content=\"https:\/\/www.doggyness.fr\/wp-content\/uploads\/2025\/05\/pexels-brunocervera-2219928-scaled-1.png\" \/>\n<meta name=\"twitter:card\" content=\"summary_large_image\" \/>\n<meta name=\"twitter:label1\" content=\"Dur\u00e9e de lecture estim\u00e9e\" \/>\n\t<meta name=\"twitter:data1\" content=\"1 minute\" \/>\n<script type=\"application\/ld+json\" class=\"yoast-schema-graph\">{\"@context\":\"https:\\\/\\\/schema.org\",\"@graph\":[{\"@type\":\"WebPage\",\"@id\":\"https:\\\/\\\/www.doggyness.fr\\\/index.php\\\/produit_cours_individuels_test\\\/\",\"url\":\"https:\\\/\\\/www.doggyness.fr\\\/index.php\\\/produit_cours_individuels_test\\\/\",\"name\":\"Produit cours individuels test - DOGGYNESS\",\"isPartOf\":{\"@id\":\"https:\\\/\\\/www.doggyness.fr\\\/#website\"},\"primaryImageOfPage\":{\"@id\":\"https:\\\/\\\/www.doggyness.fr\\\/index.php\\\/produit_cours_individuels_test\\\/#primaryimage\"},\"image\":{\"@id\":\"https:\\\/\\\/www.doggyness.fr\\\/index.php\\\/produit_cours_individuels_test\\\/#primaryimage\"},\"thumbnailUrl\":\"https:\\\/\\\/www.doggyness.fr\\\/wp-content\\\/uploads\\\/2025\\\/05\\\/pexels-brunocervera-2219928-scaled-1.png\",\"datePublished\":\"2026-04-11T21:32:57+00:00\",\"dateModified\":\"2026-04-12T13:22:39+00:00\",\"description\":\"Cours collectifs pour chiens : socialisation, ob\u00e9issance et \u00e9ducation semi positive avec un professionnel canin. S\u00e9ances en petit groupe pour tous les niveaux.\",\"breadcrumb\":{\"@id\":\"https:\\\/\\\/www.doggyness.fr\\\/index.php\\\/produit_cours_individuels_test\\\/#breadcrumb\"},\"inLanguage\":\"fr-FR\",\"potentialAction\":[{\"@type\":\"ReadAction\",\"target\":[\"https:\\\/\\\/www.doggyness.fr\\\/index.php\\\/produit_cours_individuels_test\\\/\"]}]},{\"@type\":\"ImageObject\",\"inLanguage\":\"fr-FR\",\"@id\":\"https:\\\/\\\/www.doggyness.fr\\\/index.php\\\/produit_cours_individuels_test\\\/#primaryimage\",\"url\":\"https:\\\/\\\/i0.wp.com\\\/www.doggyness.fr\\\/wp-content\\\/uploads\\\/2025\\\/05\\\/pexels-brunocervera-2219928-scaled-1.png?fit=1000%2C975&ssl=1\",\"contentUrl\":\"https:\\\/\\\/i0.wp.com\\\/www.doggyness.fr\\\/wp-content\\\/uploads\\\/2025\\\/05\\\/pexels-brunocervera-2219928-scaled-1.png?fit=1000%2C975&ssl=1\",\"width\":1000,\"height\":975},{\"@type\":\"BreadcrumbList\",\"@id\":\"https:\\\/\\\/www.doggyness.fr\\\/index.php\\\/produit_cours_individuels_test\\\/#breadcrumb\",\"itemListElement\":[{\"@type\":\"ListItem\",\"position\":1,\"name\":\"Accueil\",\"item\":\"https:\\\/\\\/www.doggyness.fr\\\/\"},{\"@type\":\"ListItem\",\"position\":2,\"name\":\"Produit cours individuels test\"}]},{\"@type\":\"WebSite\",\"@id\":\"https:\\\/\\\/www.doggyness.fr\\\/#website\",\"url\":\"https:\\\/\\\/www.doggyness.fr\\\/\",\"name\":\"Doggyness\",\"description\":\"EDUQUER AVEC LE COEUR\",\"publisher\":{\"@id\":\"https:\\\/\\\/www.doggyness.fr\\\/#organization\"},\"potentialAction\":[{\"@type\":\"SearchAction\",\"target\":{\"@type\":\"EntryPoint\",\"urlTemplate\":\"https:\\\/\\\/www.doggyness.fr\\\/?s={search_term_string}\"},\"query-input\":{\"@type\":\"PropertyValueSpecification\",\"valueRequired\":true,\"valueName\":\"search_term_string\"}}],\"inLanguage\":\"fr-FR\"},{\"@type\":\"Organization\",\"@id\":\"https:\\\/\\\/www.doggyness.fr\\\/#organization\",\"name\":\"Doggyness\",\"url\":\"https:\\\/\\\/www.doggyness.fr\\\/\",\"logo\":{\"@type\":\"ImageObject\",\"inLanguage\":\"fr-FR\",\"@id\":\"https:\\\/\\\/www.doggyness.fr\\\/#\\\/schema\\\/logo\\\/image\\\/\",\"url\":\"https:\\\/\\\/i0.wp.com\\\/www.doggyness.fr\\\/wp-content\\\/uploads\\\/2023\\\/06\\\/Logo_av_nom_new_400x47.png?fit=400%2C47&ssl=1\",\"contentUrl\":\"https:\\\/\\\/i0.wp.com\\\/www.doggyness.fr\\\/wp-content\\\/uploads\\\/2023\\\/06\\\/Logo_av_nom_new_400x47.png?fit=400%2C47&ssl=1\",\"width\":400,\"height\":47,\"caption\":\"Doggyness\"},\"image\":{\"@id\":\"https:\\\/\\\/www.doggyness.fr\\\/#\\\/schema\\\/logo\\\/image\\\/\"}}]}<\/script>\n<!-- \/ Yoast SEO plugin. -->","yoast_head_json":{"title":"Produit cours individuels test - DOGGYNESS","description":"Cours collectifs pour chiens : socialisation, ob\u00e9issance et \u00e9ducation semi positive avec un professionnel canin. S\u00e9ances en petit groupe pour tous les niveaux.","robots":{"index":"index","follow":"follow","max-snippet":"max-snippet:-1","max-image-preview":"max-image-preview:large","max-video-preview":"max-video-preview:-1"},"canonical":"https:\/\/www.doggyness.fr\/index.php\/produit_cours_individuels_test\/","og_locale":"fr_FR","og_type":"article","og_title":"Produit cours individuels test - DOGGYNESS","og_description":"Cours collectifs pour chiens : socialisation, ob\u00e9issance et \u00e9ducation semi positive avec un professionnel canin. S\u00e9ances en petit groupe pour tous les niveaux.","og_url":"https:\/\/www.doggyness.fr\/index.php\/produit_cours_individuels_test\/","og_site_name":"DOGGYNESS","article_modified_time":"2026-04-12T13:22:39+00:00","og_image":[{"url":"https:\/\/www.doggyness.fr\/wp-content\/uploads\/2025\/05\/pexels-brunocervera-2219928-scaled-1.png","type":"","width":"","height":""}],"twitter_card":"summary_large_image","twitter_misc":{"Dur\u00e9e de lecture estim\u00e9e":"1 minute"},"schema":{"@context":"https:\/\/schema.org","@graph":[{"@type":"WebPage","@id":"https:\/\/www.doggyness.fr\/index.php\/produit_cours_individuels_test\/","url":"https:\/\/www.doggyness.fr\/index.php\/produit_cours_individuels_test\/","name":"Produit cours individuels test - DOGGYNESS","isPartOf":{"@id":"https:\/\/www.doggyness.fr\/#website"},"primaryImageOfPage":{"@id":"https:\/\/www.doggyness.fr\/index.php\/produit_cours_individuels_test\/#primaryimage"},"image":{"@id":"https:\/\/www.doggyness.fr\/index.php\/produit_cours_individuels_test\/#primaryimage"},"thumbnailUrl":"https:\/\/www.doggyness.fr\/wp-content\/uploads\/2025\/05\/pexels-brunocervera-2219928-scaled-1.png","datePublished":"2026-04-11T21:32:57+00:00","dateModified":"2026-04-12T13:22:39+00:00","description":"Cours collectifs pour chiens : socialisation, ob\u00e9issance et \u00e9ducation semi positive avec un professionnel canin. S\u00e9ances en petit groupe pour tous les niveaux.","breadcrumb":{"@id":"https:\/\/www.doggyness.fr\/index.php\/produit_cours_individuels_test\/#breadcrumb"},"inLanguage":"fr-FR","potentialAction":[{"@type":"ReadAction","target":["https:\/\/www.doggyness.fr\/index.php\/produit_cours_individuels_test\/"]}]},{"@type":"ImageObject","inLanguage":"fr-FR","@id":"https:\/\/www.doggyness.fr\/index.php\/produit_cours_individuels_test\/#primaryimage","url":"https:\/\/i0.wp.com\/www.doggyness.fr\/wp-content\/uploads\/2025\/05\/pexels-brunocervera-2219928-scaled-1.png?fit=1000%2C975&ssl=1","contentUrl":"https:\/\/i0.wp.com\/www.doggyness.fr\/wp-content\/uploads\/2025\/05\/pexels-brunocervera-2219928-scaled-1.png?fit=1000%2C975&ssl=1","width":1000,"height":975},{"@type":"BreadcrumbList","@id":"https:\/\/www.doggyness.fr\/index.php\/produit_cours_individuels_test\/#breadcrumb","itemListElement":[{"@type":"ListItem","position":1,"name":"Accueil","item":"https:\/\/www.doggyness.fr\/"},{"@type":"ListItem","position":2,"name":"Produit cours individuels test"}]},{"@type":"WebSite","@id":"https:\/\/www.doggyness.fr\/#website","url":"https:\/\/www.doggyness.fr\/","name":"Doggyness","description":"EDUQUER AVEC LE COEUR","publisher":{"@id":"https:\/\/www.doggyness.fr\/#organization"},"potentialAction":[{"@type":"SearchAction","target":{"@type":"EntryPoint","urlTemplate":"https:\/\/www.doggyness.fr\/?s={search_term_string}"},"query-input":{"@type":"PropertyValueSpecification","valueRequired":true,"valueName":"search_term_string"}}],"inLanguage":"fr-FR"},{"@type":"Organization","@id":"https:\/\/www.doggyness.fr\/#organization","name":"Doggyness","url":"https:\/\/www.doggyness.fr\/","logo":{"@type":"ImageObject","inLanguage":"fr-FR","@id":"https:\/\/www.doggyness.fr\/#\/schema\/logo\/image\/","url":"https:\/\/i0.wp.com\/www.doggyness.fr\/wp-content\/uploads\/2023\/06\/Logo_av_nom_new_400x47.png?fit=400%2C47&ssl=1","contentUrl":"https:\/\/i0.wp.com\/www.doggyness.fr\/wp-content\/uploads\/2023\/06\/Logo_av_nom_new_400x47.png?fit=400%2C47&ssl=1","width":400,"height":47,"caption":"Doggyness"},"image":{"@id":"https:\/\/www.doggyness.fr\/#\/schema\/logo\/image\/"}}]}},"jetpack_sharing_enabled":true,"_links":{"self":[{"href":"https:\/\/www.doggyness.fr\/index.php\/wp-json\/wp\/v2\/pages\/12458","targetHints":{"allow":["GET"]}}],"collection":[{"href":"https:\/\/www.doggyness.fr\/index.php\/wp-json\/wp\/v2\/pages"}],"about":[{"href":"https:\/\/www.doggyness.fr\/index.php\/wp-json\/wp\/v2\/types\/page"}],"author":[{"embeddable":true,"href":"https:\/\/www.doggyness.fr\/index.php\/wp-json\/wp\/v2\/users\/2"}],"replies":[{"embeddable":true,"href":"https:\/\/www.doggyness.fr\/index.php\/wp-json\/wp\/v2\/comments?post=12458"}],"version-history":[{"count":5,"href":"https:\/\/www.doggyness.fr\/index.php\/wp-json\/wp\/v2\/pages\/12458\/revisions"}],"predecessor-version":[{"id":12468,"href":"https:\/\/www.doggyness.fr\/index.php\/wp-json\/wp\/v2\/pages\/12458\/revisions\/12468"}],"wp:attachment":[{"href":"https:\/\/www.doggyness.fr\/index.php\/wp-json\/wp\/v2\/media?parent=12458"}],"curies":[{"name":"wp","href":"https:\/\/api.w.org\/{rel}","templated":true}]}}